{"id":10678,"date":"2025-03-15T16:52:06","date_gmt":"2025-03-15T16:52:06","guid":{"rendered":"https:\/\/distri-kahwa.ma\/leaderprice\/?page_id=10678"},"modified":"2026-04-08T06:01:59","modified_gmt":"2026-04-08T06:01:59","slug":"ligne-900-fourneau-electrique","status":"publish","type":"page","link":"https:\/\/lecoin-pro.com\/electromenager\/ligne-900-fourneau-electrique\/","title":{"rendered":"Ligne 900 Fourneau Electrique"},"content":{"rendered":"<hr style=\"float: none; clear: both; height: 5px; border-width: 10; color: black; background-color: black;\" \/>\n<div class=\"lead\" style=\"border: 0px solid #b9121b; background-color: rgba(255, 255, 255, 0.89); width: 100%; height: auto; margin: auto;\">\n<div style=\"margin: 0px;\">\n<h2 style=\"text-align: center;\"><strong><span style=\"color: #0000ff;\">Materiel et Equipement Professionnel<br \/>\n<\/span><span style=\"color: #bc0939; font-size: 32px;\">Cuisine H\u00f4tel, Caf\u00e9, Restaurant&#8230;<\/span><\/strong><\/h2>\n<hr style=\"float: none; clear: both; height: 5px; border-width: 10; color: black; background-color: black;\" \/>\n<p><span style=\"color: #ffffff;\">.<\/span><\/p>\n<h2 style=\"text-align: center;\"><strong><span style=\"color: #0000ff;\">LIGNE 900 <\/span><span style=\"color: #bc0939; font-size: 32px;\">Fourneau ELECTRIQUE<\/span><\/strong><\/h2>\n<div class=\"su-row\"><div class=\"su-column \" size=\"1\/3\"><div class=\"su-box\" style=\"background:#F5F5DC;border-radius:10px;\"><div class=\"su-box-title\" style=\"color:#0000ff;\">CUISEUR de PATES 900<\/div><div class=\"su-box-body\"><a href=\"https:\/\/lecoin-pro.com\/electromenager\/categorie\/materiel-de-cuisson\/gamme-900\/fourneau-electrique-900\/cuiseur-de-pates-fourneau-electrique-900\/\" target=\"_blank\" rel=\"noopener noreferrer\"><img loading=\"lazy\" decoding=\"async\" class=\"size-medium aligncenter\" src=\"https:\/\/lecoin-pro.com\/electromenager\/wp-content\/uploads\/Premium-cuiseur-de-pates-1-x-40-litres-electrique-400V-400x401.jpg\" width=\"1024\" height=\"1024\" \/><\/a><\/p>\n<p style=\"text-align: center;\"><a title=\"CUISEUR de PATES 900\" href=\"https:\/\/lecoin-pro.com\/electromenager\/categorie\/materiel-de-cuisson\/gamme-900\/fourneau-electrique-900\/cuiseur-de-pates-fourneau-electrique-900\/\" target=\"_blank\" rel=\"noopener\"><button class=\"btn11\">A partir de 1960\u20ac<\/button> <\/a><\/p>\n<p><\/div><\/div><\/div><div class=\"su-column \" size=\"1\/3\"><div class=\"su-box\" style=\"background:#F5F5DC;border-radius:10px;\"><div class=\"su-box-title\" style=\"color:#0000ff;\">CUISINIERE 900<\/div><div class=\"su-box-body\"><a href=\"https:\/\/lecoin-pro.com\/electromenager\/categorie\/materiel-de-cuisson\/gamme-900\/fourneau-electrique-900\/cuisiniere-professionnelle-electrique-900\/\" target=\"_blank\" rel=\"noopener noreferrer\"><img loading=\"lazy\" decoding=\"async\" class=\"size-medium wp-image-3997 aligncenter\" src=\"https:\/\/lecoin-pro.com\/electromenager\/wp-content\/uploads\/Cuisiniere-4-plaques-Carrees-avec-Four-400x400.jpg\" alt=\"\" width=\"1024\" height=\"1024\" \/><\/a><\/p>\n<p style=\"text-align: center;\"><a title=\"CUISINIERE 900\" href=\"https:\/\/lecoin-pro.com\/electromenager\/categorie\/materiel-de-cuisson\/gamme-900\/fourneau-electrique-900\/cuisiniere-professionnelle-electrique-900\/\" target=\"_blank\" rel=\"noopener\"><button class=\"btn11\">A partir de 4290\u20ac<\/button> <\/a><\/p>\n<p><\/div><\/div><\/div><div class=\"su-column \" size=\"1\/3\"><div class=\"su-box\" style=\"background:#F5F5DC;border-radius:10px;\"><div class=\"su-box-title\" style=\"color:#0000ff;\">FRITEUSE 900<\/div><div class=\"su-box-body\"><a href=\"https:\/\/lecoin-pro.com\/electromenager\/categorie\/materiel-de-cuisson\/gamme-900\/fourneau-electrique-900\/friteuse-fourneau-electrique-900\/\" target=\"_blank\" rel=\"noopener noreferrer\"><img loading=\"lazy\" decoding=\"async\" class=\"size-medium wp-image-3997 aligncenter\" src=\"https:\/\/lecoin-pro.com\/electromenager\/wp-content\/uploads\/Friteuse-2-x-22-L-Electrique-Fourneau-900-400x400.jpg\" alt=\"\" width=\"1024\" height=\"1024\" \/><\/a><\/p>\n<p style=\"text-align: center;\"><a title=\"FRITEUSE 900\" href=\"https:\/\/lecoin-pro.com\/electromenager\/categorie\/materiel-de-cuisson\/gamme-900\/fourneau-electrique-900\/friteuse-fourneau-electrique-900\/\" target=\"_blank\" rel=\"noopener\"><button class=\"btn11\">A partir de 1574\u20ac<\/button> <\/a><\/p>\n<p><\/div><\/div><\/div><\/div>\n<div class=\"su-row\"><div class=\"su-column \" size=\"1\/3\"><div class=\"su-box\" style=\"background:#F5F5DC;border-radius:10px;\"><div class=\"su-box-title\" style=\"color:#0000ff;\">MARMITE 900<\/div><div class=\"su-box-body\"><a href=\"https:\/\/lecoin-pro.com\/electromenager\/categorie\/materiel-de-cuisson\/gamme-900\/fourneau-electrique-900\/marmite-electrique-900\/\" target=\"_blank\" rel=\"noopener noreferrer\"><img loading=\"lazy\" decoding=\"async\" class=\"size-medium aligncenter\" src=\"https:\/\/lecoin-pro.com\/electromenager\/wp-content\/uploads\/Marmite-120-Litres-indirecte-electrique-400V-400x400.jpg\" width=\"1024\" height=\"1024\" \/><\/a><\/p>\n<p style=\"text-align: center;\"><a title=\"MARMITE 900\" href=\"https:\/\/lecoin-pro.com\/electromenager\/categorie\/materiel-de-cuisson\/gamme-900\/fourneau-electrique-900\/marmite-electrique-900\/\" target=\"_blank\" rel=\"noopener\"><button class=\"btn11\">A partir de 5270\u20ac<\/button> <\/a><\/p>\n<p><\/div><\/div><\/div><div class=\"su-column \" size=\"1\/3\"><div class=\"su-box\" style=\"background:#F5F5DC;border-radius:10px;\"><div class=\"su-box-title\" style=\"color:#0000ff;\">MARMITE BASCULANTE 900<\/div><div class=\"su-box-body\"><a href=\"https:\/\/lecoin-pro.com\/electromenager\/categorie\/materiel-de-cuisson\/gamme-900\/fourneau-electrique-900\/marmitte-basculante-electrique-900\/\" target=\"_blank\" rel=\"noopener noreferrer\"><img loading=\"lazy\" decoding=\"async\" class=\"size-medium wp-image-3997 aligncenter\" src=\"https:\/\/lecoin-pro.com\/electromenager\/wp-content\/uploads\/Marmite-basculante-200-Litres-indirect-electrique-400V-400x400.jpg\" alt=\"\" width=\"1024\" height=\"1024\" \/><\/a><\/p>\n<p style=\"text-align: center;\"><a title=\"MARMITE BASCULANTE 900\" href=\"https:\/\/lecoin-pro.com\/electromenager\/categorie\/materiel-de-cuisson\/gamme-900\/fourneau-electrique-900\/marmitte-basculante-electrique-900\/\" target=\"_blank\" rel=\"noopener\"><button class=\"btn11\">A partir de 16 700\u20ac<\/button> <\/a><\/p>\n<p><\/div><\/div><\/div><div class=\"su-column \" size=\"1\/3\"><div class=\"su-box\" style=\"background:#F5F5DC;border-radius:10px;\"><div class=\"su-box-title\" style=\"color:#0000ff;\">SAUTEUSE 900<\/div><div class=\"su-box-body\"><a href=\"https:\/\/lecoin-pro.com\/electromenager\/categorie\/materiel-de-cuisson\/gamme-900\/fourneau-electrique-900\/sauteuse-fourneau-electrique-900\/\" target=\"_blank\" rel=\"noopener noreferrer\"><img loading=\"lazy\" decoding=\"async\" class=\"size-medium wp-image-3997 aligncenter\" src=\"https:\/\/lecoin-pro.com\/electromenager\/wp-content\/uploads\/Sauteuse-110-Litres-electrique-900-400x400.jpg\" alt=\"\" width=\"1024\" height=\"1024\" \/><\/a><\/p>\n<p style=\"text-align: center;\"><a title=\"SAUTEUSE 900\" href=\"https:\/\/lecoin-pro.com\/electromenager\/categorie\/materiel-de-cuisson\/gamme-900\/fourneau-electrique-900\/sauteuse-fourneau-electrique-900\/\" target=\"_blank\" rel=\"noopener\"><button class=\"btn11\">A partir de 4580\u20ac<\/button> <\/a><\/p>\n<p><\/div><\/div><\/div><\/div>\n","protected":false},"excerpt":{"rendered":"<p>Materiel et Equipement Professionnel Cuisine H\u00f4tel, Caf\u00e9, Restaurant&#8230; . LIGNE 900 Fourneau ELECTRIQUE<\/p>\n","protected":false},"author":1,"featured_media":0,"parent":0,"menu_order":0,"comment_status":"closed","ping_status":"closed","template":"","meta":{"footnotes":""},"class_list":{"1":"page","2":"type-page","3":"status-publish","4":"hentry"},"yoast_head":"<!-- This site is optimized with the Yoast SEO plugin v27.4 - https:\/\/yoast.com\/product\/yoast-seo-wordpress\/ -->\n<title>Ligne 900 Fourneau Electrique - Equipement Professionnel<\/title>\n<meta name=\"robots\" content=\"index, follow, max-snippet:-1, max-image-preview:large, max-video-preview:-1\" \/>\n<link rel=\"canonical\" href=\"https:\/\/lecoin-pro.com\/electromenager\/ligne-900-fourneau-electrique\/\" \/>\n<meta property=\"og:locale\" content=\"fr_FR\" \/>\n<meta property=\"og:type\" content=\"article\" \/>\n<meta property=\"og:title\" content=\"Ligne 900 Fourneau Electrique - Equipement Professionnel\" \/>\n<meta property=\"og:description\" content=\"Materiel et Equipement Professionnel Cuisine H\u00f4tel, Caf\u00e9, Restaurant&#8230; . LIGNE 900 Fourneau ELECTRIQUE\" \/>\n<meta property=\"og:url\" content=\"https:\/\/lecoin-pro.com\/electromenager\/ligne-900-fourneau-electrique\/\" \/>\n<meta property=\"og:site_name\" content=\"Equipement Professionnel\" \/>\n<meta property=\"article:modified_time\" content=\"2026-04-08T06:01:59+00:00\" \/>\n<meta property=\"og:image\" content=\"https:\/\/lecoin-pro.com\/electromenager\/wp-content\/uploads\/Premium-cuiseur-de-pates-1-x-40-litres-electrique-400V-400x401.jpg\" \/>\n<meta name=\"twitter:card\" content=\"summary_large_image\" \/>\n<meta name=\"twitter:label1\" content=\"Dur\u00e9e de lecture estim\u00e9e\" \/>\n\t<meta name=\"twitter:data1\" content=\"2 minutes\" \/>\n<script type=\"application\/ld+json\" class=\"yoast-schema-graph\">{\"@context\":\"https:\\\/\\\/schema.org\",\"@graph\":[{\"@type\":\"WebPage\",\"@id\":\"https:\\\/\\\/lecoin-pro.com\\\/electromenager\\\/ligne-900-fourneau-electrique\\\/\",\"url\":\"https:\\\/\\\/lecoin-pro.com\\\/electromenager\\\/ligne-900-fourneau-electrique\\\/\",\"name\":\"Ligne 900 Fourneau Electrique - Equipement Professionnel\",\"isPartOf\":{\"@id\":\"https:\\\/\\\/lecoin-pro.com\\\/electromenager\\\/#website\"},\"primaryImageOfPage\":{\"@id\":\"https:\\\/\\\/lecoin-pro.com\\\/electromenager\\\/ligne-900-fourneau-electrique\\\/#primaryimage\"},\"image\":{\"@id\":\"https:\\\/\\\/lecoin-pro.com\\\/electromenager\\\/ligne-900-fourneau-electrique\\\/#primaryimage\"},\"thumbnailUrl\":\"https:\\\/\\\/lecoin-pro.com\\\/electromenager\\\/wp-content\\\/uploads\\\/Premium-cuiseur-de-pates-1-x-40-litres-electrique-400V-400x401.jpg\",\"datePublished\":\"2025-03-15T16:52:06+00:00\",\"dateModified\":\"2026-04-08T06:01:59+00:00\",\"breadcrumb\":{\"@id\":\"https:\\\/\\\/lecoin-pro.com\\\/electromenager\\\/ligne-900-fourneau-electrique\\\/#breadcrumb\"},\"inLanguage\":\"fr-FR\",\"potentialAction\":[{\"@type\":\"ReadAction\",\"target\":[\"https:\\\/\\\/lecoin-pro.com\\\/electromenager\\\/ligne-900-fourneau-electrique\\\/\"]}]},{\"@type\":\"ImageObject\",\"inLanguage\":\"fr-FR\",\"@id\":\"https:\\\/\\\/lecoin-pro.com\\\/electromenager\\\/ligne-900-fourneau-electrique\\\/#primaryimage\",\"url\":\"https:\\\/\\\/lecoin-pro.com\\\/electromenager\\\/wp-content\\\/uploads\\\/Premium-cuiseur-de-pates-1-x-40-litres-electrique-400V.jpg\",\"contentUrl\":\"https:\\\/\\\/lecoin-pro.com\\\/electromenager\\\/wp-content\\\/uploads\\\/Premium-cuiseur-de-pates-1-x-40-litres-electrique-400V.jpg\",\"width\":699,\"height\":700,\"caption\":\"Cuiseur de p\u00e2tes professionnel \u00e9lectrique 40 litres s\u00e9rie 900 Premium, puissance 12,0kW, 400V triphas\u00e9, placard de rangement, robinet de vidange sph\u00e9rique, mat\u00e9riel de cuisson p\u00e2tes et acier inoxydable pour restaurant\"},{\"@type\":\"BreadcrumbList\",\"@id\":\"https:\\\/\\\/lecoin-pro.com\\\/electromenager\\\/ligne-900-fourneau-electrique\\\/#breadcrumb\",\"itemListElement\":[{\"@type\":\"ListItem\",\"position\":1,\"name\":\"Accueil\",\"item\":\"https:\\\/\\\/lecoin-pro.com\\\/electromenager\\\/\"},{\"@type\":\"ListItem\",\"position\":2,\"name\":\"Ligne 900 Fourneau Electrique\"}]},{\"@type\":\"WebSite\",\"@id\":\"https:\\\/\\\/lecoin-pro.com\\\/electromenager\\\/#website\",\"url\":\"https:\\\/\\\/lecoin-pro.com\\\/electromenager\\\/\",\"name\":\"Equipement Professionnel\",\"description\":\"\ud83d\udcde  09.72.21.50.44\",\"publisher\":{\"@id\":\"https:\\\/\\\/lecoin-pro.com\\\/electromenager\\\/#organization\"},\"potentialAction\":[{\"@type\":\"SearchAction\",\"target\":{\"@type\":\"EntryPoint\",\"urlTemplate\":\"https:\\\/\\\/lecoin-pro.com\\\/electromenager\\\/?s={search_term_string}\"},\"query-input\":{\"@type\":\"PropertyValueSpecification\",\"valueRequired\":true,\"valueName\":\"search_term_string\"}}],\"inLanguage\":\"fr-FR\"},{\"@type\":\"Organization\",\"@id\":\"https:\\\/\\\/lecoin-pro.com\\\/electromenager\\\/#organization\",\"name\":\"Equipement Professionnel\",\"url\":\"https:\\\/\\\/lecoin-pro.com\\\/electromenager\\\/\",\"logo\":{\"@type\":\"ImageObject\",\"inLanguage\":\"fr-FR\",\"@id\":\"https:\\\/\\\/lecoin-pro.com\\\/electromenager\\\/#\\\/schema\\\/logo\\\/image\\\/\",\"url\":\"https:\\\/\\\/lecoin-pro.com\\\/electromenager\\\/wp-content\\\/uploads\\\/cropped-LOGO-1.png\",\"contentUrl\":\"https:\\\/\\\/lecoin-pro.com\\\/electromenager\\\/wp-content\\\/uploads\\\/cropped-LOGO-1.png\",\"width\":\"760\",\"height\":\"184\",\"caption\":\"Equipement Professionnel\"},\"image\":{\"@id\":\"https:\\\/\\\/lecoin-pro.com\\\/electromenager\\\/#\\\/schema\\\/logo\\\/image\\\/\"}}]}<\/script>\n<!-- \/ Yoast SEO plugin. -->","yoast_head_json":{"title":"Ligne 900 Fourneau Electrique - Equipement Professionnel","robots":{"index":"index","follow":"follow","max-snippet":"max-snippet:-1","max-image-preview":"max-image-preview:large","max-video-preview":"max-video-preview:-1"},"canonical":"https:\/\/lecoin-pro.com\/electromenager\/ligne-900-fourneau-electrique\/","og_locale":"fr_FR","og_type":"article","og_title":"Ligne 900 Fourneau Electrique - Equipement Professionnel","og_description":"Materiel et Equipement Professionnel Cuisine H\u00f4tel, Caf\u00e9, Restaurant&#8230; . LIGNE 900 Fourneau ELECTRIQUE","og_url":"https:\/\/lecoin-pro.com\/electromenager\/ligne-900-fourneau-electrique\/","og_site_name":"Equipement Professionnel","article_modified_time":"2026-04-08T06:01:59+00:00","og_image":[{"url":"https:\/\/lecoin-pro.com\/electromenager\/wp-content\/uploads\/Premium-cuiseur-de-pates-1-x-40-litres-electrique-400V-400x401.jpg","type":"","width":"","height":""}],"twitter_card":"summary_large_image","twitter_misc":{"Dur\u00e9e de lecture estim\u00e9e":"2 minutes"},"schema":{"@context":"https:\/\/schema.org","@graph":[{"@type":"WebPage","@id":"https:\/\/lecoin-pro.com\/electromenager\/ligne-900-fourneau-electrique\/","url":"https:\/\/lecoin-pro.com\/electromenager\/ligne-900-fourneau-electrique\/","name":"Ligne 900 Fourneau Electrique - Equipement Professionnel","isPartOf":{"@id":"https:\/\/lecoin-pro.com\/electromenager\/#website"},"primaryImageOfPage":{"@id":"https:\/\/lecoin-pro.com\/electromenager\/ligne-900-fourneau-electrique\/#primaryimage"},"image":{"@id":"https:\/\/lecoin-pro.com\/electromenager\/ligne-900-fourneau-electrique\/#primaryimage"},"thumbnailUrl":"https:\/\/lecoin-pro.com\/electromenager\/wp-content\/uploads\/Premium-cuiseur-de-pates-1-x-40-litres-electrique-400V-400x401.jpg","datePublished":"2025-03-15T16:52:06+00:00","dateModified":"2026-04-08T06:01:59+00:00","breadcrumb":{"@id":"https:\/\/lecoin-pro.com\/electromenager\/ligne-900-fourneau-electrique\/#breadcrumb"},"inLanguage":"fr-FR","potentialAction":[{"@type":"ReadAction","target":["https:\/\/lecoin-pro.com\/electromenager\/ligne-900-fourneau-electrique\/"]}]},{"@type":"ImageObject","inLanguage":"fr-FR","@id":"https:\/\/lecoin-pro.com\/electromenager\/ligne-900-fourneau-electrique\/#primaryimage","url":"https:\/\/lecoin-pro.com\/electromenager\/wp-content\/uploads\/Premium-cuiseur-de-pates-1-x-40-litres-electrique-400V.jpg","contentUrl":"https:\/\/lecoin-pro.com\/electromenager\/wp-content\/uploads\/Premium-cuiseur-de-pates-1-x-40-litres-electrique-400V.jpg","width":699,"height":700,"caption":"Cuiseur de p\u00e2tes professionnel \u00e9lectrique 40 litres s\u00e9rie 900 Premium, puissance 12,0kW, 400V triphas\u00e9, placard de rangement, robinet de vidange sph\u00e9rique, mat\u00e9riel de cuisson p\u00e2tes et acier inoxydable pour restaurant"},{"@type":"BreadcrumbList","@id":"https:\/\/lecoin-pro.com\/electromenager\/ligne-900-fourneau-electrique\/#breadcrumb","itemListElement":[{"@type":"ListItem","position":1,"name":"Accueil","item":"https:\/\/lecoin-pro.com\/electromenager\/"},{"@type":"ListItem","position":2,"name":"Ligne 900 Fourneau Electrique"}]},{"@type":"WebSite","@id":"https:\/\/lecoin-pro.com\/electromenager\/#website","url":"https:\/\/lecoin-pro.com\/electromenager\/","name":"Equipement Professionnel","description":"\ud83d\udcde  09.72.21.50.44","publisher":{"@id":"https:\/\/lecoin-pro.com\/electromenager\/#organization"},"potentialAction":[{"@type":"SearchAction","target":{"@type":"EntryPoint","urlTemplate":"https:\/\/lecoin-pro.com\/electromenager\/?s={search_term_string}"},"query-input":{"@type":"PropertyValueSpecification","valueRequired":true,"valueName":"search_term_string"}}],"inLanguage":"fr-FR"},{"@type":"Organization","@id":"https:\/\/lecoin-pro.com\/electromenager\/#organization","name":"Equipement Professionnel","url":"https:\/\/lecoin-pro.com\/electromenager\/","logo":{"@type":"ImageObject","inLanguage":"fr-FR","@id":"https:\/\/lecoin-pro.com\/electromenager\/#\/schema\/logo\/image\/","url":"https:\/\/lecoin-pro.com\/electromenager\/wp-content\/uploads\/cropped-LOGO-1.png","contentUrl":"https:\/\/lecoin-pro.com\/electromenager\/wp-content\/uploads\/cropped-LOGO-1.png","width":"760","height":"184","caption":"Equipement Professionnel"},"image":{"@id":"https:\/\/lecoin-pro.com\/electromenager\/#\/schema\/logo\/image\/"}}]}},"_links":{"self":[{"href":"https:\/\/lecoin-pro.com\/electromenager\/wp-json\/wp\/v2\/pages\/10678","targetHints":{"allow":["GET"]}}],"collection":[{"href":"https:\/\/lecoin-pro.com\/electromenager\/wp-json\/wp\/v2\/pages"}],"about":[{"href":"https:\/\/lecoin-pro.com\/electromenager\/wp-json\/wp\/v2\/types\/page"}],"author":[{"embeddable":true,"href":"https:\/\/lecoin-pro.com\/electromenager\/wp-json\/wp\/v2\/users\/1"}],"replies":[{"embeddable":true,"href":"https:\/\/lecoin-pro.com\/electromenager\/wp-json\/wp\/v2\/comments?post=10678"}],"version-history":[{"count":9,"href":"https:\/\/lecoin-pro.com\/electromenager\/wp-json\/wp\/v2\/pages\/10678\/revisions"}],"predecessor-version":[{"id":14694,"href":"https:\/\/lecoin-pro.com\/electromenager\/wp-json\/wp\/v2\/pages\/10678\/revisions\/14694"}],"wp:attachment":[{"href":"https:\/\/lecoin-pro.com\/electromenager\/wp-json\/wp\/v2\/media?parent=10678"}],"curies":[{"name":"wp","href":"https:\/\/api.w.org\/{rel}","templated":true}]}}