{"id":10700,"date":"2025-03-15T23:17:54","date_gmt":"2025-03-15T23:17:54","guid":{"rendered":"https:\/\/distri-kahwa.ma\/leaderprice\/?page_id=10700"},"modified":"2026-04-08T06:00:50","modified_gmt":"2026-04-08T06:00:50","slug":"ligne-900-fourneau-gaz","status":"publish","type":"page","link":"https:\/\/lecoin-pro.com\/electromenager\/ligne-900-fourneau-gaz\/","title":{"rendered":"Ligne 900 Fourneau GAZ"},"content":{"rendered":"<hr style=\"float: none; clear: both; height: 5px; border-width: 10; color: black; background-color: black;\" \/>\n<div class=\"lead\" style=\"border: 0px solid #b9121b; background-color: rgba(255, 255, 255, 0.89); width: 100%; height: auto; margin: auto;\">\n<div style=\"margin: 0px;\">\n<h2 style=\"text-align: center;\"><strong><span style=\"color: #0000ff;\">Materiel et Equipement Professionnel<br \/>\n<\/span><span style=\"color: #bc0939; font-size: 32px;\">Cuisine H\u00f4tel, Caf\u00e9, Restaurant&#8230;<\/span><\/strong><\/h2>\n<hr style=\"float: none; clear: both; height: 5px; border-width: 10; color: black; background-color: black;\" \/>\n<p><span style=\"color: #ffffff;\">.<\/span><\/p>\n<h2 style=\"text-align: center;\"><strong><span style=\"color: #0000ff;\">LIGNE 900 <\/span><span style=\"color: #bc0939; font-size: 32px;\">Fourneau GAZ<\/span><\/strong><\/h2>\n<div class=\"su-row\"><div class=\"su-column \" size=\"1\/3\"><div class=\"su-box\" style=\"background:#F5F5DC;border-radius:10px;\"><div class=\"su-box-title\" style=\"color:#0000ff;\">CUISEUR de PATES 900<\/div><div class=\"su-box-body\"><a href=\"https:\/\/lecoin-pro.com\/electromenager\/categorie\/materiel-de-cuisson\/gamme-900\/fourneau-gaz-900\/cuiseur-de-pates-fourneau-gaz-900\/\" target=\"_blank\" rel=\"noopener noreferrer\"><img loading=\"lazy\" decoding=\"async\" class=\"size-medium aligncenter\" src=\"https:\/\/lecoin-pro.com\/electromenager\/wp-content\/uploads\/Premium-cuiseur-de-pates-1-x-40-Litres-Gaz-400x400.jpg\" width=\"1024\" height=\"1024\" \/><\/a><\/p>\n<p style=\"text-align: center;\"><a title=\"CUISEUR de PATES 900\" href=\"https:\/\/lecoin-pro.com\/electromenager\/categorie\/materiel-de-cuisson\/gamme-900\/fourneau-gaz-900\/cuiseur-de-pates-fourneau-gaz-900\/\" target=\"_blank\" rel=\"noopener\"><button class=\"btn11\">A partir de 2180\u20ac<\/button> <\/a><\/p>\n<p><\/div><\/div><\/div><div class=\"su-column \" size=\"1\/3\"><div class=\"su-box\" style=\"background:#F5F5DC;border-radius:10px;\"><div class=\"su-box-title\" style=\"color:#0000ff;\">FRITEUSE 900<\/div><div class=\"su-box-body\"><a href=\"https:\/\/lecoin-pro.com\/electromenager\/categorie\/materiel-de-cuisson\/gamme-900\/fourneau-gaz-900\/friteuse-fourneau-gaz-900\/\" target=\"_blank\" rel=\"noopener noreferrer\"><img loading=\"lazy\" decoding=\"async\" class=\"size-medium wp-image-3997 aligncenter\" src=\"https:\/\/lecoin-pro.com\/electromenager\/wp-content\/uploads\/Friteuse-1-x-22-L-Gaz-Fourneau-900-400x400.jpg\" alt=\"\" width=\"1024\" height=\"1024\" \/><\/a><\/p>\n<p style=\"text-align: center;\"><a title=\"FRITEUSE 900\" href=\"https:\/\/lecoin-pro.com\/electromenager\/categorie\/materiel-de-cuisson\/gamme-900\/fourneau-gaz-900\/friteuse-fourneau-gaz-900\/\" target=\"_blank\" rel=\"noopener\"><button class=\"btn11\">A partir de 2030\u20ac<\/button> <\/a><\/p>\n<p><\/div><\/div><\/div><div class=\"su-column \" size=\"1\/3\"><div class=\"su-box\" style=\"background:#F5F5DC;border-radius:10px;\"><div class=\"su-box-title\" style=\"color:#0000ff;\">GAZINIERE 900<\/div><div class=\"su-box-body\"><a href=\"https:\/\/lecoin-pro.com\/electromenager\/categorie\/materiel-de-cuisson\/gamme-900\/fourneau-gaz-900\/gaziniere-900\/\" target=\"_blank\" rel=\"noopener noreferrer\"><img loading=\"lazy\" decoding=\"async\" class=\"size-medium wp-image-3997 aligncenter\" src=\"https:\/\/lecoin-pro.com\/electromenager\/wp-content\/uploads\/Fourneau-6-bruleurs-gaz-avec-four-electrique-400x400.jpg\" alt=\"\" width=\"1024\" height=\"1024\" \/><\/a><\/p>\n<p style=\"text-align: center;\"><a title=\"GAZINIERE 900\" href=\"https:\/\/lecoin-pro.com\/electromenager\/categorie\/materiel-de-cuisson\/gamme-900\/fourneau-gaz-900\/gaziniere-900\/\" target=\"_blank\" rel=\"noopener\"><button class=\"btn11\">A partir de 3220\u20ac<\/button> <\/a><\/p>\n<p><\/div><\/div><\/div><\/div>\n<div class=\"su-row\"><div class=\"su-column \" size=\"1\/3\"><div class=\"su-box\" style=\"background:#F5F5DC;border-radius:10px;\"><div class=\"su-box-title\" style=\"color:#0000ff;\">MARMITE 900<\/div><div class=\"su-box-body\"><a href=\"https:\/\/lecoin-pro.com\/electromenager\/categorie\/materiel-de-cuisson\/gamme-900\/fourneau-gaz-900\/marmite-gaz-900\/\" target=\"_blank\" rel=\"noopener noreferrer\"><img loading=\"lazy\" decoding=\"async\" class=\"size-medium aligncenter\" src=\"https:\/\/lecoin-pro.com\/electromenager\/wp-content\/uploads\/Marmite-265-Litres-directe-gaz-900-400x400.jpg\" width=\"1024\" height=\"1024\" \/><\/a><\/p>\n<p style=\"text-align: center;\"><a title=\"MARMITE 900\" href=\"https:\/\/lecoin-pro.com\/electromenager\/categorie\/materiel-de-cuisson\/gamme-900\/fourneau-gaz-900\/marmite-gaz-900\/\" target=\"_blank\" rel=\"noopener\"><button class=\"btn11\">A partir de 5100\u20ac<\/button> <\/a><\/p>\n<p><\/div><\/div><\/div><div class=\"su-column \" size=\"1\/3\"><div class=\"su-box\" style=\"background:#F5F5DC;border-radius:10px;\"><div class=\"su-box-title\" style=\"color:#0000ff;\">MARMITE BASCULANTE 900<\/div><div class=\"su-box-body\"><a href=\"https:\/\/lecoin-pro.com\/electromenager\/categorie\/materiel-de-cuisson\/gamme-900\/fourneau-gaz-900\/marmite-basculante-gaz-900\/\" target=\"_blank\" rel=\"noopener noreferrer\"><img loading=\"lazy\" decoding=\"async\" class=\"size-medium wp-image-3997 aligncenter\" src=\"https:\/\/lecoin-pro.com\/electromenager\/wp-content\/uploads\/Marmite-basculante-150-L-Indirect-Gaz-400x400.jpg\" alt=\"\" width=\"1024\" height=\"1024\" \/><\/a><\/p>\n<p style=\"text-align: center;\"><a title=\"MARMITE BASCULANTE 900\" href=\"https:\/\/lecoin-pro.com\/electromenager\/categorie\/materiel-de-cuisson\/gamme-900\/fourneau-gaz-900\/marmite-basculante-gaz-900\/\" target=\"_blank\" rel=\"noopener\"><button class=\"btn11\">A partir de 7400\u20ac<\/button> <\/a><\/p>\n<p><\/div><\/div><\/div><div class=\"su-column \" size=\"1\/3\"><div class=\"su-box\" style=\"background:#F5F5DC;border-radius:10px;\"><div class=\"su-box-title\" style=\"color:#0000ff;\">SAUTEUSE 900<\/div><div class=\"su-box-body\"><a href=\"https:\/\/lecoin-pro.com\/electromenager\/categorie\/materiel-de-cuisson\/gamme-900\/fourneau-gaz-900\/sauteuse-fourneau-gaz-900\/\" target=\"_blank\" rel=\"noopener noreferrer\"><img loading=\"lazy\" decoding=\"async\" class=\"size-medium wp-image-3997 aligncenter\" src=\"https:\/\/lecoin-pro.com\/electromenager\/wp-content\/uploads\/Sauteuse-70-Litres-Gaz-900-400x400.jpg\" alt=\"\" width=\"1024\" height=\"1024\" \/><\/a><\/p>\n<p style=\"text-align: center;\"><a title=\"SAUTEUSE 900\" href=\"https:\/\/lecoin-pro.com\/electromenager\/categorie\/materiel-de-cuisson\/gamme-900\/fourneau-gaz-900\/sauteuse-fourneau-gaz-900\/\" target=\"_blank\" rel=\"noopener\"><button class=\"btn11\">A partir de 5150\u20ac<\/button> <\/a><\/p>\n<p><\/div><\/div><\/div><\/div>\n","protected":false},"excerpt":{"rendered":"<p>Materiel et Equipement Professionnel Cuisine H\u00f4tel, Caf\u00e9, Restaurant&#8230; . LIGNE 900 Fourneau GAZ<\/p>\n","protected":false},"author":1,"featured_media":0,"parent":0,"menu_order":0,"comment_status":"closed","ping_status":"closed","template":"","meta":{"_acf_changed":false,"footnotes":""},"class_list":{"1":"page","2":"type-page","3":"status-publish","4":"hentry"},"acf":[],"yoast_head":"<!-- This site is optimized with the Yoast SEO plugin v27.4 - https:\/\/yoast.com\/product\/yoast-seo-wordpress\/ -->\n<title>Ligne 900 Fourneau GAZ - Equipement Professionnel<\/title>\n<meta name=\"robots\" content=\"index, follow, max-snippet:-1, max-image-preview:large, max-video-preview:-1\" \/>\n<link rel=\"canonical\" href=\"https:\/\/lecoin-pro.com\/electromenager\/ligne-900-fourneau-gaz\/\" \/>\n<meta property=\"og:locale\" content=\"fr_FR\" \/>\n<meta property=\"og:type\" content=\"article\" \/>\n<meta property=\"og:title\" content=\"Ligne 900 Fourneau GAZ - Equipement Professionnel\" \/>\n<meta property=\"og:description\" content=\"Materiel et Equipement Professionnel Cuisine H\u00f4tel, Caf\u00e9, Restaurant&#8230; . LIGNE 900 Fourneau GAZ\" \/>\n<meta property=\"og:url\" content=\"https:\/\/lecoin-pro.com\/electromenager\/ligne-900-fourneau-gaz\/\" \/>\n<meta property=\"og:site_name\" content=\"Equipement Professionnel\" \/>\n<meta property=\"article:modified_time\" content=\"2026-04-08T06:00:50+00:00\" \/>\n<meta property=\"og:image\" content=\"https:\/\/lecoin-pro.com\/electromenager\/wp-content\/uploads\/Premium-cuiseur-de-pates-1-x-40-Litres-Gaz-400x400.jpg\" \/>\n<meta name=\"twitter:card\" content=\"summary_large_image\" \/>\n<meta name=\"twitter:label1\" content=\"Dur\u00e9e de lecture estim\u00e9e\" \/>\n\t<meta name=\"twitter:data1\" content=\"2 minutes\" \/>\n<script type=\"application\/ld+json\" class=\"yoast-schema-graph\">{\"@context\":\"https:\\\/\\\/schema.org\",\"@graph\":[{\"@type\":\"WebPage\",\"@id\":\"https:\\\/\\\/lecoin-pro.com\\\/electromenager\\\/ligne-900-fourneau-gaz\\\/\",\"url\":\"https:\\\/\\\/lecoin-pro.com\\\/electromenager\\\/ligne-900-fourneau-gaz\\\/\",\"name\":\"Ligne 900 Fourneau GAZ - Equipement Professionnel\",\"isPartOf\":{\"@id\":\"https:\\\/\\\/lecoin-pro.com\\\/electromenager\\\/#website\"},\"primaryImageOfPage\":{\"@id\":\"https:\\\/\\\/lecoin-pro.com\\\/electromenager\\\/ligne-900-fourneau-gaz\\\/#primaryimage\"},\"image\":{\"@id\":\"https:\\\/\\\/lecoin-pro.com\\\/electromenager\\\/ligne-900-fourneau-gaz\\\/#primaryimage\"},\"thumbnailUrl\":\"https:\\\/\\\/lecoin-pro.com\\\/electromenager\\\/wp-content\\\/uploads\\\/Premium-cuiseur-de-pates-1-x-40-Litres-Gaz-400x400.jpg\",\"datePublished\":\"2025-03-15T23:17:54+00:00\",\"dateModified\":\"2026-04-08T06:00:50+00:00\",\"breadcrumb\":{\"@id\":\"https:\\\/\\\/lecoin-pro.com\\\/electromenager\\\/ligne-900-fourneau-gaz\\\/#breadcrumb\"},\"inLanguage\":\"fr-FR\",\"potentialAction\":[{\"@type\":\"ReadAction\",\"target\":[\"https:\\\/\\\/lecoin-pro.com\\\/electromenager\\\/ligne-900-fourneau-gaz\\\/\"]}]},{\"@type\":\"ImageObject\",\"inLanguage\":\"fr-FR\",\"@id\":\"https:\\\/\\\/lecoin-pro.com\\\/electromenager\\\/ligne-900-fourneau-gaz\\\/#primaryimage\",\"url\":\"https:\\\/\\\/lecoin-pro.com\\\/electromenager\\\/wp-content\\\/uploads\\\/Premium-cuiseur-de-pates-1-x-40-Litres-Gaz.jpg\",\"contentUrl\":\"https:\\\/\\\/lecoin-pro.com\\\/electromenager\\\/wp-content\\\/uploads\\\/Premium-cuiseur-de-pates-1-x-40-Litres-Gaz.jpg\",\"width\":700,\"height\":700,\"caption\":\"Cuiseur de p\u00e2tes professionnel gaz Premium 1 x 40 litres, puissance 18kW, cuve inox avec placard de rangement, syst\u00e8me de vidange \u00e0 bille et injecteurs gaz naturel pour restaurant\"},{\"@type\":\"BreadcrumbList\",\"@id\":\"https:\\\/\\\/lecoin-pro.com\\\/electromenager\\\/ligne-900-fourneau-gaz\\\/#breadcrumb\",\"itemListElement\":[{\"@type\":\"ListItem\",\"position\":1,\"name\":\"Accueil\",\"item\":\"https:\\\/\\\/lecoin-pro.com\\\/electromenager\\\/\"},{\"@type\":\"ListItem\",\"position\":2,\"name\":\"Ligne 900 Fourneau GAZ\"}]},{\"@type\":\"WebSite\",\"@id\":\"https:\\\/\\\/lecoin-pro.com\\\/electromenager\\\/#website\",\"url\":\"https:\\\/\\\/lecoin-pro.com\\\/electromenager\\\/\",\"name\":\"Equipement Professionnel\",\"description\":\"\ud83d\udcde  09.72.21.50.44\",\"publisher\":{\"@id\":\"https:\\\/\\\/lecoin-pro.com\\\/electromenager\\\/#organization\"},\"potentialAction\":[{\"@type\":\"SearchAction\",\"target\":{\"@type\":\"EntryPoint\",\"urlTemplate\":\"https:\\\/\\\/lecoin-pro.com\\\/electromenager\\\/?s={search_term_string}\"},\"query-input\":{\"@type\":\"PropertyValueSpecification\",\"valueRequired\":true,\"valueName\":\"search_term_string\"}}],\"inLanguage\":\"fr-FR\"},{\"@type\":\"Organization\",\"@id\":\"https:\\\/\\\/lecoin-pro.com\\\/electromenager\\\/#organization\",\"name\":\"Equipement Professionnel\",\"url\":\"https:\\\/\\\/lecoin-pro.com\\\/electromenager\\\/\",\"logo\":{\"@type\":\"ImageObject\",\"inLanguage\":\"fr-FR\",\"@id\":\"https:\\\/\\\/lecoin-pro.com\\\/electromenager\\\/#\\\/schema\\\/logo\\\/image\\\/\",\"url\":\"https:\\\/\\\/lecoin-pro.com\\\/electromenager\\\/wp-content\\\/uploads\\\/cropped-LOGO-1.png\",\"contentUrl\":\"https:\\\/\\\/lecoin-pro.com\\\/electromenager\\\/wp-content\\\/uploads\\\/cropped-LOGO-1.png\",\"width\":\"760\",\"height\":\"184\",\"caption\":\"Equipement Professionnel\"},\"image\":{\"@id\":\"https:\\\/\\\/lecoin-pro.com\\\/electromenager\\\/#\\\/schema\\\/logo\\\/image\\\/\"}}]}<\/script>\n<!-- \/ Yoast SEO plugin. -->","yoast_head_json":{"title":"Ligne 900 Fourneau GAZ - Equipement Professionnel","robots":{"index":"index","follow":"follow","max-snippet":"max-snippet:-1","max-image-preview":"max-image-preview:large","max-video-preview":"max-video-preview:-1"},"canonical":"https:\/\/lecoin-pro.com\/electromenager\/ligne-900-fourneau-gaz\/","og_locale":"fr_FR","og_type":"article","og_title":"Ligne 900 Fourneau GAZ - Equipement Professionnel","og_description":"Materiel et Equipement Professionnel Cuisine H\u00f4tel, Caf\u00e9, Restaurant&#8230; . LIGNE 900 Fourneau GAZ","og_url":"https:\/\/lecoin-pro.com\/electromenager\/ligne-900-fourneau-gaz\/","og_site_name":"Equipement Professionnel","article_modified_time":"2026-04-08T06:00:50+00:00","og_image":[{"url":"https:\/\/lecoin-pro.com\/electromenager\/wp-content\/uploads\/Premium-cuiseur-de-pates-1-x-40-Litres-Gaz-400x400.jpg","type":"","width":"","height":""}],"twitter_card":"summary_large_image","twitter_misc":{"Dur\u00e9e de lecture estim\u00e9e":"2 minutes"},"schema":{"@context":"https:\/\/schema.org","@graph":[{"@type":"WebPage","@id":"https:\/\/lecoin-pro.com\/electromenager\/ligne-900-fourneau-gaz\/","url":"https:\/\/lecoin-pro.com\/electromenager\/ligne-900-fourneau-gaz\/","name":"Ligne 900 Fourneau GAZ - Equipement Professionnel","isPartOf":{"@id":"https:\/\/lecoin-pro.com\/electromenager\/#website"},"primaryImageOfPage":{"@id":"https:\/\/lecoin-pro.com\/electromenager\/ligne-900-fourneau-gaz\/#primaryimage"},"image":{"@id":"https:\/\/lecoin-pro.com\/electromenager\/ligne-900-fourneau-gaz\/#primaryimage"},"thumbnailUrl":"https:\/\/lecoin-pro.com\/electromenager\/wp-content\/uploads\/Premium-cuiseur-de-pates-1-x-40-Litres-Gaz-400x400.jpg","datePublished":"2025-03-15T23:17:54+00:00","dateModified":"2026-04-08T06:00:50+00:00","breadcrumb":{"@id":"https:\/\/lecoin-pro.com\/electromenager\/ligne-900-fourneau-gaz\/#breadcrumb"},"inLanguage":"fr-FR","potentialAction":[{"@type":"ReadAction","target":["https:\/\/lecoin-pro.com\/electromenager\/ligne-900-fourneau-gaz\/"]}]},{"@type":"ImageObject","inLanguage":"fr-FR","@id":"https:\/\/lecoin-pro.com\/electromenager\/ligne-900-fourneau-gaz\/#primaryimage","url":"https:\/\/lecoin-pro.com\/electromenager\/wp-content\/uploads\/Premium-cuiseur-de-pates-1-x-40-Litres-Gaz.jpg","contentUrl":"https:\/\/lecoin-pro.com\/electromenager\/wp-content\/uploads\/Premium-cuiseur-de-pates-1-x-40-Litres-Gaz.jpg","width":700,"height":700,"caption":"Cuiseur de p\u00e2tes professionnel gaz Premium 1 x 40 litres, puissance 18kW, cuve inox avec placard de rangement, syst\u00e8me de vidange \u00e0 bille et injecteurs gaz naturel pour restaurant"},{"@type":"BreadcrumbList","@id":"https:\/\/lecoin-pro.com\/electromenager\/ligne-900-fourneau-gaz\/#breadcrumb","itemListElement":[{"@type":"ListItem","position":1,"name":"Accueil","item":"https:\/\/lecoin-pro.com\/electromenager\/"},{"@type":"ListItem","position":2,"name":"Ligne 900 Fourneau GAZ"}]},{"@type":"WebSite","@id":"https:\/\/lecoin-pro.com\/electromenager\/#website","url":"https:\/\/lecoin-pro.com\/electromenager\/","name":"Equipement Professionnel","description":"\ud83d\udcde  09.72.21.50.44","publisher":{"@id":"https:\/\/lecoin-pro.com\/electromenager\/#organization"},"potentialAction":[{"@type":"SearchAction","target":{"@type":"EntryPoint","urlTemplate":"https:\/\/lecoin-pro.com\/electromenager\/?s={search_term_string}"},"query-input":{"@type":"PropertyValueSpecification","valueRequired":true,"valueName":"search_term_string"}}],"inLanguage":"fr-FR"},{"@type":"Organization","@id":"https:\/\/lecoin-pro.com\/electromenager\/#organization","name":"Equipement Professionnel","url":"https:\/\/lecoin-pro.com\/electromenager\/","logo":{"@type":"ImageObject","inLanguage":"fr-FR","@id":"https:\/\/lecoin-pro.com\/electromenager\/#\/schema\/logo\/image\/","url":"https:\/\/lecoin-pro.com\/electromenager\/wp-content\/uploads\/cropped-LOGO-1.png","contentUrl":"https:\/\/lecoin-pro.com\/electromenager\/wp-content\/uploads\/cropped-LOGO-1.png","width":"760","height":"184","caption":"Equipement Professionnel"},"image":{"@id":"https:\/\/lecoin-pro.com\/electromenager\/#\/schema\/logo\/image\/"}}]}},"_links":{"self":[{"href":"https:\/\/lecoin-pro.com\/electromenager\/wp-json\/wp\/v2\/pages\/10700","targetHints":{"allow":["GET"]}}],"collection":[{"href":"https:\/\/lecoin-pro.com\/electromenager\/wp-json\/wp\/v2\/pages"}],"about":[{"href":"https:\/\/lecoin-pro.com\/electromenager\/wp-json\/wp\/v2\/types\/page"}],"author":[{"embeddable":true,"href":"https:\/\/lecoin-pro.com\/electromenager\/wp-json\/wp\/v2\/users\/1"}],"replies":[{"embeddable":true,"href":"https:\/\/lecoin-pro.com\/electromenager\/wp-json\/wp\/v2\/comments?post=10700"}],"version-history":[{"count":10,"href":"https:\/\/lecoin-pro.com\/electromenager\/wp-json\/wp\/v2\/pages\/10700\/revisions"}],"predecessor-version":[{"id":14693,"href":"https:\/\/lecoin-pro.com\/electromenager\/wp-json\/wp\/v2\/pages\/10700\/revisions\/14693"}],"wp:attachment":[{"href":"https:\/\/lecoin-pro.com\/electromenager\/wp-json\/wp\/v2\/media?parent=10700"}],"curies":[{"name":"wp","href":"https:\/\/api.w.org\/{rel}","templated":true}]}}