{"id":11869,"date":"2025-10-31T23:07:30","date_gmt":"2025-10-31T23:07:30","guid":{"rendered":"https:\/\/lecoin-pro.com\/electromenager\/?page_id=11869"},"modified":"2026-04-19T23:27:48","modified_gmt":"2026-04-19T23:27:48","slug":"formulaire-de-contact","status":"publish","type":"page","link":"https:\/\/lecoin-pro.com\/electromenager\/formulaire-de-contact\/","title":{"rendered":"Formulaire de Contact"},"content":{"rendered":"<p>\ud83d\udcec Contact<\/p>\n<p>Vous pouvez nous contacter pour toute question, demande d\u2019information ou devis \u00e0 l\u2019aide du formulaire ci-dessous.<br \/>\nNous vous r\u00e9pondrons dans les plus brefs d\u00e9lais.<\/p>\n<section id=\"contact\">\n<h2>Contact<\/h2>\n<p>Vous pouvez nous contacter pour toute question, demande d\u2019information ou devis \u00e0 l\u2019aide du formulaire ci-dessous.<br \/>\nNous vous r\u00e9pondrons dans les plus brefs d\u00e9lais.<\/p>\n<form action=\"[URL de traitement]\" method=\"post\"><label for=\"nom\">Nom :<\/label><br \/>\n<input id=\"nom\" name=\"nom\" required=\"\" type=\"text\" \/><\/p>\n<p><label for=\"email\">E-mail :<\/label><br \/>\n<input id=\"email\" name=\"email\" required=\"\" type=\"email\" \/><\/p>\n<p><label for=\"message\">Message :<\/label><br \/>\n<textarea id=\"message\" name=\"message\" required=\"\" rows=\"5\"><\/textarea><\/p>\n<p><label><br \/>\n<input name=\"consentement\" required=\"\" type=\"checkbox\" \/><br \/>\nJ\u2019accepte que mes donn\u00e9es soient utilis\u00e9es uniquement pour r\u00e9pondre \u00e0 ma demande, conform\u00e9ment \u00e0 la politique de confidentialit\u00e9.<br \/>\n<\/label><\/p>\n<p><button type=\"submit\">Envoyer<\/button><\/p>\n<\/form>\n<h3>Protection des donn\u00e9es personnelles (RGPD)<\/h3>\n<p>Les informations recueillies via ce formulaire sont enregistr\u00e9es par [Nom de ton entreprise] afin de r\u00e9pondre \u00e0 votre demande de contact.<br \/>\nElles sont conserv\u00e9es pour une dur\u00e9e maximale de 12 mois et ne sont jamais transmises \u00e0 des tiers.<\/p>\n<p>Conform\u00e9ment au R\u00e8glement G\u00e9n\u00e9ral sur la Protection des Donn\u00e9es (UE 2016\/679), vous pouvez exercer vos droits d\u2019acc\u00e8s, de rectification et de suppression de vos donn\u00e9es personnelles en nous contactant \u00e0 :<br \/>\n\ud83d\udce7 <strong>contact@lecoin-pro.com<\/strong><\/p>\n<\/section>\n","protected":false},"excerpt":{"rendered":"<p>\ud83d\udcec Contact Vous pouvez nous contacter pour toute question, demande d\u2019information ou devis \u00e0 l\u2019aide du formulaire ci-dessous. Nous vous r\u00e9pondrons dans les plus brefs d\u00e9lais. Contact Vous pouvez nous<\/p>\n","protected":false},"author":1,"featured_media":0,"parent":0,"menu_order":0,"comment_status":"closed","ping_status":"closed","template":"","meta":{"_acf_changed":false,"footnotes":""},"class_list":{"1":"page","2":"type-page","3":"status-publish","4":"hentry"},"acf":[],"yoast_head":"<!-- This site is optimized with the Yoast SEO plugin v27.4 - https:\/\/yoast.com\/product\/yoast-seo-wordpress\/ -->\n<title>Formulaire de Contact - Equipement Professionnel<\/title>\n<meta name=\"robots\" content=\"index, follow, max-snippet:-1, max-image-preview:large, max-video-preview:-1\" \/>\n<link rel=\"canonical\" href=\"https:\/\/lecoin-pro.com\/electromenager\/formulaire-de-contact\/\" \/>\n<meta property=\"og:locale\" content=\"fr_FR\" \/>\n<meta property=\"og:type\" content=\"article\" \/>\n<meta property=\"og:title\" content=\"Formulaire de Contact - Equipement Professionnel\" \/>\n<meta property=\"og:description\" content=\"\ud83d\udcec Contact Vous pouvez nous contacter pour toute question, demande d\u2019information ou devis \u00e0 l\u2019aide du formulaire ci-dessous. Nous vous r\u00e9pondrons dans les plus brefs d\u00e9lais. Contact Vous pouvez nous\" \/>\n<meta property=\"og:url\" content=\"https:\/\/lecoin-pro.com\/electromenager\/formulaire-de-contact\/\" \/>\n<meta property=\"og:site_name\" content=\"Equipement Professionnel\" \/>\n<meta property=\"article:modified_time\" content=\"2026-04-19T23:27:48+00:00\" \/>\n<meta name=\"twitter:card\" content=\"summary_large_image\" \/>\n<meta name=\"twitter:label1\" content=\"Dur\u00e9e de lecture estim\u00e9e\" \/>\n\t<meta name=\"twitter:data1\" content=\"1 minute\" \/>\n<script type=\"application\/ld+json\" class=\"yoast-schema-graph\">{\"@context\":\"https:\\\/\\\/schema.org\",\"@graph\":[{\"@type\":\"WebPage\",\"@id\":\"https:\\\/\\\/lecoin-pro.com\\\/electromenager\\\/formulaire-de-contact\\\/\",\"url\":\"https:\\\/\\\/lecoin-pro.com\\\/electromenager\\\/formulaire-de-contact\\\/\",\"name\":\"Formulaire de Contact - Equipement Professionnel\",\"isPartOf\":{\"@id\":\"https:\\\/\\\/lecoin-pro.com\\\/electromenager\\\/#website\"},\"datePublished\":\"2025-10-31T23:07:30+00:00\",\"dateModified\":\"2026-04-19T23:27:48+00:00\",\"breadcrumb\":{\"@id\":\"https:\\\/\\\/lecoin-pro.com\\\/electromenager\\\/formulaire-de-contact\\\/#breadcrumb\"},\"inLanguage\":\"fr-FR\",\"potentialAction\":[{\"@type\":\"ReadAction\",\"target\":[\"https:\\\/\\\/lecoin-pro.com\\\/electromenager\\\/formulaire-de-contact\\\/\"]}]},{\"@type\":\"BreadcrumbList\",\"@id\":\"https:\\\/\\\/lecoin-pro.com\\\/electromenager\\\/formulaire-de-contact\\\/#breadcrumb\",\"itemListElement\":[{\"@type\":\"ListItem\",\"position\":1,\"name\":\"Accueil\",\"item\":\"https:\\\/\\\/lecoin-pro.com\\\/electromenager\\\/\"},{\"@type\":\"ListItem\",\"position\":2,\"name\":\"Formulaire de Contact\"}]},{\"@type\":\"WebSite\",\"@id\":\"https:\\\/\\\/lecoin-pro.com\\\/electromenager\\\/#website\",\"url\":\"https:\\\/\\\/lecoin-pro.com\\\/electromenager\\\/\",\"name\":\"Equipement Professionnel\",\"description\":\"\ud83d\udcde  09.72.21.50.44\",\"publisher\":{\"@id\":\"https:\\\/\\\/lecoin-pro.com\\\/electromenager\\\/#organization\"},\"potentialAction\":[{\"@type\":\"SearchAction\",\"target\":{\"@type\":\"EntryPoint\",\"urlTemplate\":\"https:\\\/\\\/lecoin-pro.com\\\/electromenager\\\/?s={search_term_string}\"},\"query-input\":{\"@type\":\"PropertyValueSpecification\",\"valueRequired\":true,\"valueName\":\"search_term_string\"}}],\"inLanguage\":\"fr-FR\"},{\"@type\":\"Organization\",\"@id\":\"https:\\\/\\\/lecoin-pro.com\\\/electromenager\\\/#organization\",\"name\":\"Equipement Professionnel\",\"url\":\"https:\\\/\\\/lecoin-pro.com\\\/electromenager\\\/\",\"logo\":{\"@type\":\"ImageObject\",\"inLanguage\":\"fr-FR\",\"@id\":\"https:\\\/\\\/lecoin-pro.com\\\/electromenager\\\/#\\\/schema\\\/logo\\\/image\\\/\",\"url\":\"https:\\\/\\\/lecoin-pro.com\\\/electromenager\\\/wp-content\\\/uploads\\\/cropped-LOGO-1.png\",\"contentUrl\":\"https:\\\/\\\/lecoin-pro.com\\\/electromenager\\\/wp-content\\\/uploads\\\/cropped-LOGO-1.png\",\"width\":\"760\",\"height\":\"184\",\"caption\":\"Equipement Professionnel\"},\"image\":{\"@id\":\"https:\\\/\\\/lecoin-pro.com\\\/electromenager\\\/#\\\/schema\\\/logo\\\/image\\\/\"}}]}<\/script>\n<!-- \/ Yoast SEO plugin. -->","yoast_head_json":{"title":"Formulaire de Contact - Equipement Professionnel","robots":{"index":"index","follow":"follow","max-snippet":"max-snippet:-1","max-image-preview":"max-image-preview:large","max-video-preview":"max-video-preview:-1"},"canonical":"https:\/\/lecoin-pro.com\/electromenager\/formulaire-de-contact\/","og_locale":"fr_FR","og_type":"article","og_title":"Formulaire de Contact - Equipement Professionnel","og_description":"\ud83d\udcec Contact Vous pouvez nous contacter pour toute question, demande d\u2019information ou devis \u00e0 l\u2019aide du formulaire ci-dessous. Nous vous r\u00e9pondrons dans les plus brefs d\u00e9lais. Contact Vous pouvez nous","og_url":"https:\/\/lecoin-pro.com\/electromenager\/formulaire-de-contact\/","og_site_name":"Equipement Professionnel","article_modified_time":"2026-04-19T23:27:48+00:00","twitter_card":"summary_large_image","twitter_misc":{"Dur\u00e9e de lecture estim\u00e9e":"1 minute"},"schema":{"@context":"https:\/\/schema.org","@graph":[{"@type":"WebPage","@id":"https:\/\/lecoin-pro.com\/electromenager\/formulaire-de-contact\/","url":"https:\/\/lecoin-pro.com\/electromenager\/formulaire-de-contact\/","name":"Formulaire de Contact - Equipement Professionnel","isPartOf":{"@id":"https:\/\/lecoin-pro.com\/electromenager\/#website"},"datePublished":"2025-10-31T23:07:30+00:00","dateModified":"2026-04-19T23:27:48+00:00","breadcrumb":{"@id":"https:\/\/lecoin-pro.com\/electromenager\/formulaire-de-contact\/#breadcrumb"},"inLanguage":"fr-FR","potentialAction":[{"@type":"ReadAction","target":["https:\/\/lecoin-pro.com\/electromenager\/formulaire-de-contact\/"]}]},{"@type":"BreadcrumbList","@id":"https:\/\/lecoin-pro.com\/electromenager\/formulaire-de-contact\/#breadcrumb","itemListElement":[{"@type":"ListItem","position":1,"name":"Accueil","item":"https:\/\/lecoin-pro.com\/electromenager\/"},{"@type":"ListItem","position":2,"name":"Formulaire de Contact"}]},{"@type":"WebSite","@id":"https:\/\/lecoin-pro.com\/electromenager\/#website","url":"https:\/\/lecoin-pro.com\/electromenager\/","name":"Equipement Professionnel","description":"\ud83d\udcde  09.72.21.50.44","publisher":{"@id":"https:\/\/lecoin-pro.com\/electromenager\/#organization"},"potentialAction":[{"@type":"SearchAction","target":{"@type":"EntryPoint","urlTemplate":"https:\/\/lecoin-pro.com\/electromenager\/?s={search_term_string}"},"query-input":{"@type":"PropertyValueSpecification","valueRequired":true,"valueName":"search_term_string"}}],"inLanguage":"fr-FR"},{"@type":"Organization","@id":"https:\/\/lecoin-pro.com\/electromenager\/#organization","name":"Equipement Professionnel","url":"https:\/\/lecoin-pro.com\/electromenager\/","logo":{"@type":"ImageObject","inLanguage":"fr-FR","@id":"https:\/\/lecoin-pro.com\/electromenager\/#\/schema\/logo\/image\/","url":"https:\/\/lecoin-pro.com\/electromenager\/wp-content\/uploads\/cropped-LOGO-1.png","contentUrl":"https:\/\/lecoin-pro.com\/electromenager\/wp-content\/uploads\/cropped-LOGO-1.png","width":"760","height":"184","caption":"Equipement Professionnel"},"image":{"@id":"https:\/\/lecoin-pro.com\/electromenager\/#\/schema\/logo\/image\/"}}]}},"_links":{"self":[{"href":"https:\/\/lecoin-pro.com\/electromenager\/wp-json\/wp\/v2\/pages\/11869","targetHints":{"allow":["GET"]}}],"collection":[{"href":"https:\/\/lecoin-pro.com\/electromenager\/wp-json\/wp\/v2\/pages"}],"about":[{"href":"https:\/\/lecoin-pro.com\/electromenager\/wp-json\/wp\/v2\/types\/page"}],"author":[{"embeddable":true,"href":"https:\/\/lecoin-pro.com\/electromenager\/wp-json\/wp\/v2\/users\/1"}],"replies":[{"embeddable":true,"href":"https:\/\/lecoin-pro.com\/electromenager\/wp-json\/wp\/v2\/comments?post=11869"}],"version-history":[{"count":2,"href":"https:\/\/lecoin-pro.com\/electromenager\/wp-json\/wp\/v2\/pages\/11869\/revisions"}],"predecessor-version":[{"id":14807,"href":"https:\/\/lecoin-pro.com\/electromenager\/wp-json\/wp\/v2\/pages\/11869\/revisions\/14807"}],"wp:attachment":[{"href":"https:\/\/lecoin-pro.com\/electromenager\/wp-json\/wp\/v2\/media?parent=11869"}],"curies":[{"name":"wp","href":"https:\/\/api.w.org\/{rel}","templated":true}]}}