{"id":5087,"date":"2024-09-24T22:44:21","date_gmt":"2024-09-24T22:44:21","guid":{"rendered":"https:\/\/distri-kahwa.ma\/leaderprice\/?page_id=5087"},"modified":"2026-04-08T05:57:09","modified_gmt":"2026-04-08T05:57:09","slug":"materiel-de-cuisson-gamme-700","status":"publish","type":"page","link":"https:\/\/lecoin-pro.com\/electromenager\/materiel-de-cuisson-gamme-700\/","title":{"rendered":"Mat\u00e9riel de cuisson gamme 700"},"content":{"rendered":"<hr style=\"float: none; clear: both; height: 5px; border-width: 10; color: black; background-color: black;\" \/>\n<div class=\"lead\" style=\"border: 0px solid #b9121b; background-color: rgba(255, 255, 255, 0.89); width: 100%; height: auto; margin: auto;\">\n<div style=\"margin: 0px;\">\n<h2 style=\"text-align: center;\"><strong><span style=\"color: #0000ff;\">Materiel et Equipement Professionnel<br \/>\n<\/span><span style=\"color: #bc0939; font-size: 32px;\">Cuisine H\u00f4tel, Caf\u00e9, Restaurant&#8230;<\/span><\/strong><\/h2>\n<hr style=\"float: none; clear: both; height: 5px; border-width: 10; color: black; background-color: black;\" \/>\n<p><span style=\"color: #ffffff;\">.<\/span><\/p>\n<h2 style=\"text-align: center;\"><strong><span style=\"color: #0000ff;\">LIGNE 700 <\/span><span style=\"color: #bc0939; font-size: 32px;\">\u00e0 Poser<\/span><\/strong><\/h2>\n<div class=\"su-row\"><div class=\"su-column \" size=\"1\/3\"><div class=\"su-box\" style=\"background:#F5F5DC;border-radius:10px;\"><div class=\"su-box-title\" style=\"color:#0000ff;\">A poser ELECTRIQUE<\/div><div class=\"su-box-body\"><a href=\"https:\/\/lecoin-pro.com\/electromenager\/ligne-700-a-poser-electrique\/\" target=\"_blank\" rel=\"noopener noreferrer\"><img loading=\"lazy\" decoding=\"async\" class=\"size-medium aligncenter\" src=\"https:\/\/lecoin-pro.com\/electromenager\/wp-content\/uploads\/Plaque-a-induction-1-feu-Electrique-400x400.jpg\" width=\"1024\" height=\"1024\" \/><\/a><\/p>\n<p style=\"text-align: center;\"><a title=\"A poser ELECTRIQUE\" href=\"https:\/\/lecoin-pro.com\/electromenager\/ligne-700-a-poser-electrique\/\" target=\"_blank\" rel=\"noopener\"><button class=\"btn11\">A partir de 530\u20ac<\/button> <\/a><\/p>\n<p><\/div><\/div><\/div><div class=\"su-column \" size=\"1\/3\"><div class=\"su-box\" style=\"background:#F5F5DC;border-radius:10px;\"><div class=\"su-box-title\" style=\"color:#0000ff;\">A poser GAZ<\/div><div class=\"su-box-body\"><a href=\"https:\/\/lecoin-pro.com\/electromenager\/ligne-700-a-poser-gaz\/\" target=\"_blank\" rel=\"noopener noreferrer\"><img loading=\"lazy\" decoding=\"async\" class=\"size-medium wp-image-3997 aligncenter\" src=\"https:\/\/lecoin-pro.com\/electromenager\/wp-content\/uploads\/28.heavy-duty-bruleur-wok-single-gas-400x400.jpg\" alt=\"\" width=\"300\" height=\"300\" \/><\/a><\/p>\n<p style=\"text-align: center;\"><a title=\"A poser GAZ\" href=\"https:\/\/lecoin-pro.com\/electromenager\/ligne-700-a-poser-gaz\/\" target=\"_blank\" rel=\"noopener\"><button class=\"btn11\">A partir de 720\u20ac<\/button> <\/a><\/p>\n<p><\/div><\/div><\/div><div class=\"su-column \" size=\"1\/3\"><div class=\"su-box\" style=\"background:#F5F5DC;border-radius:10px;\"><div class=\"su-box-title\" style=\"color:#0000ff;\">A poser SOUBASSEMENT<\/div><div class=\"su-box-body\"><a href=\"https:\/\/lecoin-pro.com\/electromenager\/ligne-700-soubassement\/\" target=\"_blank\" rel=\"noopener noreferrer\"><img loading=\"lazy\" decoding=\"async\" src=\"https:\/\/lecoin-pro.com\/electromenager\/wp-content\/uploads\/47.etabli-80-x-70-cm-400x400.jpg\" alt=\"\" width=\"1024\" height=\"1024\" \/><\/a><\/p>\n<p style=\"text-align: center;\"><a title=\"A poser SOUBASSEMENT\" href=\"https:\/\/lecoin-pro.com\/electromenager\/ligne-700-soubassement\/\" target=\"_blank\" rel=\"noopener\"><button class=\"btn11\">A partir de 240\u20ac<\/button> <\/a><\/p>\n<p><\/div><\/div><\/div><\/div>\n<h2 style=\"text-align: center;\"><strong><span style=\"color: #0000ff;\">LIGNE 700 <\/span><span style=\"color: #bc0939; font-size: 32px;\">Fourneau<\/span><\/strong><\/h2>\n<div class=\"su-row\"><div class=\"su-column \" size=\"1\/3\"><div class=\"su-box\" style=\"background:#F5F5DC;border-radius:10px;\"><div class=\"su-box-title\" style=\"color:#0000ff;\">Fourneau ELECTRIQUE<\/div><div class=\"su-box-body\"><a href=\"https:\/\/lecoin-pro.com\/electromenager\/ligne-700-fourneau-electrique\/\" target=\"_blank\" rel=\"noopener noreferrer\"><img loading=\"lazy\" decoding=\"async\" class=\"size-medium aligncenter\" src=\"https:\/\/lecoin-pro.com\/electromenager\/wp-content\/uploads\/Poele-4-Bruleurs-Electrique-Avec-Four-Electrique-70-cm-400x400.jpg\" width=\"1024\" height=\"1024\" \/><\/a><\/p>\n<p style=\"text-align: center;\"><a title=\"Fourneau ELECTRIQUE\" href=\"https:\/\/lecoin-pro.com\/electromenager\/ligne-700-fourneau-electrique\/\" target=\"_blank\" rel=\"noopener\"><button class=\"btn11\">A partir de 2150\u20ac<\/button> <\/a><\/p>\n<p><\/div><\/div><\/div><div class=\"su-column \" size=\"1\/3\"><div class=\"su-box\" style=\"background:#F5F5DC;border-radius:10px;\"><div class=\"su-box-title\" style=\"color:#0000ff;\">Fourneau GAZ<\/div><div class=\"su-box-body\"><a href=\"https:\/\/lecoin-pro.com\/electromenager\/ligne-700-fourneau-gaz\/\" target=\"_blank\" rel=\"noopener noreferrer\"><img loading=\"lazy\" decoding=\"async\" class=\"size-medium wp-image-3997 aligncenter\" src=\"https:\/\/lecoin-pro.com\/electromenager\/wp-content\/uploads\/Poele-4-Bruleurs-Gaz-Avec-Four-Electrique-70-cm-400x400.jpg\" alt=\"\" width=\"300\" height=\"300\" \/><\/a><\/p>\n<p style=\"text-align: center;\"><a title=\"Fourneau GAZ\" href=\"https:\/\/lecoin-pro.com\/electromenager\/ligne-700-fourneau-gaz\/\" target=\"_blank\" rel=\"noopener\"><button class=\"btn11\">A partir de 3580\u20ac<\/button> <\/a><\/p>\n<p><\/div><\/div><\/div><div class=\"su-column \" size=\"1\/3\"><div class=\"su-box\" style=\"background:#F5F5DC;border-radius:10px;\"><div class=\"su-box-title\" style=\"color:#0000ff;\">Fourneau SOUBASSEMENT<\/div><div class=\"su-box-body\"><a href=\"https:\/\/lecoin-pro.com\/electromenager\/ligne-700-soubassement\/\" target=\"_blank\" rel=\"noopener noreferrer\"><img loading=\"lazy\" decoding=\"async\" src=\"https:\/\/lecoin-pro.com\/electromenager\/wp-content\/uploads\/44.soubassement-avec-porte-4-400x400.jpg\" alt=\"\" width=\"1024\" height=\"1024\" \/><\/a><\/p>\n<p style=\"text-align: center;\"><a title=\"Fourneau SOUBASSEMENT\" href=\"https:\/\/lecoin-pro.com\/electromenager\/ligne-700-soubassement\/\" target=\"_blank\" rel=\"noopener\"><button class=\"btn11\">A partir de 240\u20ac<\/button> <\/a><\/p>\n<p><\/div><\/div><\/div><\/div>\n<hr style=\"float: none; clear: both; height: 2px; border-width: 10; color: black; background-color: black;\" \/>\n\n<\/div>\n<\/div>\n","protected":false},"excerpt":{"rendered":"<p>Materiel et Equipement Professionnel Cuisine H\u00f4tel, Caf\u00e9, Restaurant&#8230; . LIGNE 700 \u00e0 Poser LIGNE 700 Fourneau<\/p>\n","protected":false},"author":1,"featured_media":0,"parent":0,"menu_order":0,"comment_status":"closed","ping_status":"closed","template":"","meta":{"footnotes":""},"class_list":{"1":"page","2":"type-page","3":"status-publish","4":"hentry"},"yoast_head":"<!-- This site is optimized with the Yoast SEO plugin v27.4 - https:\/\/yoast.com\/product\/yoast-seo-wordpress\/ -->\n<title>Mat\u00e9riel de cuisson gamme 700 - Equipement Professionnel<\/title>\n<meta name=\"robots\" content=\"index, follow, max-snippet:-1, max-image-preview:large, max-video-preview:-1\" \/>\n<link rel=\"canonical\" href=\"https:\/\/lecoin-pro.com\/electromenager\/materiel-de-cuisson-gamme-700\/\" \/>\n<meta property=\"og:locale\" content=\"fr_FR\" \/>\n<meta property=\"og:type\" content=\"article\" \/>\n<meta property=\"og:title\" content=\"Mat\u00e9riel de cuisson gamme 700 - Equipement Professionnel\" \/>\n<meta property=\"og:description\" content=\"Materiel et Equipement Professionnel Cuisine H\u00f4tel, Caf\u00e9, Restaurant&#8230; . LIGNE 700 \u00e0 Poser LIGNE 700 Fourneau\" \/>\n<meta property=\"og:url\" content=\"https:\/\/lecoin-pro.com\/electromenager\/materiel-de-cuisson-gamme-700\/\" \/>\n<meta property=\"og:site_name\" content=\"Equipement Professionnel\" \/>\n<meta property=\"article:modified_time\" content=\"2026-04-08T05:57:09+00:00\" \/>\n<meta property=\"og:image\" content=\"https:\/\/lecoin-pro.com\/electromenager\/wp-content\/uploads\/Plaque-a-induction-1-feu-Electrique-400x400.jpg\" \/>\n<meta name=\"twitter:card\" content=\"summary_large_image\" \/>\n<meta name=\"twitter:label1\" content=\"Dur\u00e9e de lecture estim\u00e9e\" \/>\n\t<meta name=\"twitter:data1\" content=\"2 minutes\" \/>\n<script type=\"application\/ld+json\" class=\"yoast-schema-graph\">{\"@context\":\"https:\\\/\\\/schema.org\",\"@graph\":[{\"@type\":\"WebPage\",\"@id\":\"https:\\\/\\\/lecoin-pro.com\\\/electromenager\\\/materiel-de-cuisson-gamme-700\\\/\",\"url\":\"https:\\\/\\\/lecoin-pro.com\\\/electromenager\\\/materiel-de-cuisson-gamme-700\\\/\",\"name\":\"Mat\u00e9riel de cuisson gamme 700 - Equipement Professionnel\",\"isPartOf\":{\"@id\":\"https:\\\/\\\/lecoin-pro.com\\\/electromenager\\\/#website\"},\"primaryImageOfPage\":{\"@id\":\"https:\\\/\\\/lecoin-pro.com\\\/electromenager\\\/materiel-de-cuisson-gamme-700\\\/#primaryimage\"},\"image\":{\"@id\":\"https:\\\/\\\/lecoin-pro.com\\\/electromenager\\\/materiel-de-cuisson-gamme-700\\\/#primaryimage\"},\"thumbnailUrl\":\"https:\\\/\\\/lecoin-pro.com\\\/electromenager\\\/wp-content\\\/uploads\\\/Plaque-a-induction-1-feu-Electrique-400x400.jpg\",\"datePublished\":\"2024-09-24T22:44:21+00:00\",\"dateModified\":\"2026-04-08T05:57:09+00:00\",\"breadcrumb\":{\"@id\":\"https:\\\/\\\/lecoin-pro.com\\\/electromenager\\\/materiel-de-cuisson-gamme-700\\\/#breadcrumb\"},\"inLanguage\":\"fr-FR\",\"potentialAction\":[{\"@type\":\"ReadAction\",\"target\":[\"https:\\\/\\\/lecoin-pro.com\\\/electromenager\\\/materiel-de-cuisson-gamme-700\\\/\"]}]},{\"@type\":\"ImageObject\",\"inLanguage\":\"fr-FR\",\"@id\":\"https:\\\/\\\/lecoin-pro.com\\\/electromenager\\\/materiel-de-cuisson-gamme-700\\\/#primaryimage\",\"url\":\"https:\\\/\\\/lecoin-pro.com\\\/electromenager\\\/wp-content\\\/uploads\\\/Plaque-a-induction-1-feu-Electrique.jpg\",\"contentUrl\":\"https:\\\/\\\/lecoin-pro.com\\\/electromenager\\\/wp-content\\\/uploads\\\/Plaque-a-induction-1-feu-Electrique.jpg\",\"width\":1584,\"height\":1512},{\"@type\":\"BreadcrumbList\",\"@id\":\"https:\\\/\\\/lecoin-pro.com\\\/electromenager\\\/materiel-de-cuisson-gamme-700\\\/#breadcrumb\",\"itemListElement\":[{\"@type\":\"ListItem\",\"position\":1,\"name\":\"Accueil\",\"item\":\"https:\\\/\\\/lecoin-pro.com\\\/electromenager\\\/\"},{\"@type\":\"ListItem\",\"position\":2,\"name\":\"Mat\u00e9riel de cuisson gamme 700\"}]},{\"@type\":\"WebSite\",\"@id\":\"https:\\\/\\\/lecoin-pro.com\\\/electromenager\\\/#website\",\"url\":\"https:\\\/\\\/lecoin-pro.com\\\/electromenager\\\/\",\"name\":\"Equipement Professionnel\",\"description\":\"\ud83d\udcde  09.72.21.50.44\",\"publisher\":{\"@id\":\"https:\\\/\\\/lecoin-pro.com\\\/electromenager\\\/#organization\"},\"potentialAction\":[{\"@type\":\"SearchAction\",\"target\":{\"@type\":\"EntryPoint\",\"urlTemplate\":\"https:\\\/\\\/lecoin-pro.com\\\/electromenager\\\/?s={search_term_string}\"},\"query-input\":{\"@type\":\"PropertyValueSpecification\",\"valueRequired\":true,\"valueName\":\"search_term_string\"}}],\"inLanguage\":\"fr-FR\"},{\"@type\":\"Organization\",\"@id\":\"https:\\\/\\\/lecoin-pro.com\\\/electromenager\\\/#organization\",\"name\":\"Equipement Professionnel\",\"url\":\"https:\\\/\\\/lecoin-pro.com\\\/electromenager\\\/\",\"logo\":{\"@type\":\"ImageObject\",\"inLanguage\":\"fr-FR\",\"@id\":\"https:\\\/\\\/lecoin-pro.com\\\/electromenager\\\/#\\\/schema\\\/logo\\\/image\\\/\",\"url\":\"https:\\\/\\\/lecoin-pro.com\\\/electromenager\\\/wp-content\\\/uploads\\\/cropped-LOGO-1.png\",\"contentUrl\":\"https:\\\/\\\/lecoin-pro.com\\\/electromenager\\\/wp-content\\\/uploads\\\/cropped-LOGO-1.png\",\"width\":\"760\",\"height\":\"184\",\"caption\":\"Equipement Professionnel\"},\"image\":{\"@id\":\"https:\\\/\\\/lecoin-pro.com\\\/electromenager\\\/#\\\/schema\\\/logo\\\/image\\\/\"}}]}<\/script>\n<!-- \/ Yoast SEO plugin. -->","yoast_head_json":{"title":"Mat\u00e9riel de cuisson gamme 700 - Equipement Professionnel","robots":{"index":"index","follow":"follow","max-snippet":"max-snippet:-1","max-image-preview":"max-image-preview:large","max-video-preview":"max-video-preview:-1"},"canonical":"https:\/\/lecoin-pro.com\/electromenager\/materiel-de-cuisson-gamme-700\/","og_locale":"fr_FR","og_type":"article","og_title":"Mat\u00e9riel de cuisson gamme 700 - Equipement Professionnel","og_description":"Materiel et Equipement Professionnel Cuisine H\u00f4tel, Caf\u00e9, Restaurant&#8230; . LIGNE 700 \u00e0 Poser LIGNE 700 Fourneau","og_url":"https:\/\/lecoin-pro.com\/electromenager\/materiel-de-cuisson-gamme-700\/","og_site_name":"Equipement Professionnel","article_modified_time":"2026-04-08T05:57:09+00:00","og_image":[{"url":"https:\/\/lecoin-pro.com\/electromenager\/wp-content\/uploads\/Plaque-a-induction-1-feu-Electrique-400x400.jpg","type":"","width":"","height":""}],"twitter_card":"summary_large_image","twitter_misc":{"Dur\u00e9e de lecture estim\u00e9e":"2 minutes"},"schema":{"@context":"https:\/\/schema.org","@graph":[{"@type":"WebPage","@id":"https:\/\/lecoin-pro.com\/electromenager\/materiel-de-cuisson-gamme-700\/","url":"https:\/\/lecoin-pro.com\/electromenager\/materiel-de-cuisson-gamme-700\/","name":"Mat\u00e9riel de cuisson gamme 700 - Equipement Professionnel","isPartOf":{"@id":"https:\/\/lecoin-pro.com\/electromenager\/#website"},"primaryImageOfPage":{"@id":"https:\/\/lecoin-pro.com\/electromenager\/materiel-de-cuisson-gamme-700\/#primaryimage"},"image":{"@id":"https:\/\/lecoin-pro.com\/electromenager\/materiel-de-cuisson-gamme-700\/#primaryimage"},"thumbnailUrl":"https:\/\/lecoin-pro.com\/electromenager\/wp-content\/uploads\/Plaque-a-induction-1-feu-Electrique-400x400.jpg","datePublished":"2024-09-24T22:44:21+00:00","dateModified":"2026-04-08T05:57:09+00:00","breadcrumb":{"@id":"https:\/\/lecoin-pro.com\/electromenager\/materiel-de-cuisson-gamme-700\/#breadcrumb"},"inLanguage":"fr-FR","potentialAction":[{"@type":"ReadAction","target":["https:\/\/lecoin-pro.com\/electromenager\/materiel-de-cuisson-gamme-700\/"]}]},{"@type":"ImageObject","inLanguage":"fr-FR","@id":"https:\/\/lecoin-pro.com\/electromenager\/materiel-de-cuisson-gamme-700\/#primaryimage","url":"https:\/\/lecoin-pro.com\/electromenager\/wp-content\/uploads\/Plaque-a-induction-1-feu-Electrique.jpg","contentUrl":"https:\/\/lecoin-pro.com\/electromenager\/wp-content\/uploads\/Plaque-a-induction-1-feu-Electrique.jpg","width":1584,"height":1512},{"@type":"BreadcrumbList","@id":"https:\/\/lecoin-pro.com\/electromenager\/materiel-de-cuisson-gamme-700\/#breadcrumb","itemListElement":[{"@type":"ListItem","position":1,"name":"Accueil","item":"https:\/\/lecoin-pro.com\/electromenager\/"},{"@type":"ListItem","position":2,"name":"Mat\u00e9riel de cuisson gamme 700"}]},{"@type":"WebSite","@id":"https:\/\/lecoin-pro.com\/electromenager\/#website","url":"https:\/\/lecoin-pro.com\/electromenager\/","name":"Equipement Professionnel","description":"\ud83d\udcde  09.72.21.50.44","publisher":{"@id":"https:\/\/lecoin-pro.com\/electromenager\/#organization"},"potentialAction":[{"@type":"SearchAction","target":{"@type":"EntryPoint","urlTemplate":"https:\/\/lecoin-pro.com\/electromenager\/?s={search_term_string}"},"query-input":{"@type":"PropertyValueSpecification","valueRequired":true,"valueName":"search_term_string"}}],"inLanguage":"fr-FR"},{"@type":"Organization","@id":"https:\/\/lecoin-pro.com\/electromenager\/#organization","name":"Equipement Professionnel","url":"https:\/\/lecoin-pro.com\/electromenager\/","logo":{"@type":"ImageObject","inLanguage":"fr-FR","@id":"https:\/\/lecoin-pro.com\/electromenager\/#\/schema\/logo\/image\/","url":"https:\/\/lecoin-pro.com\/electromenager\/wp-content\/uploads\/cropped-LOGO-1.png","contentUrl":"https:\/\/lecoin-pro.com\/electromenager\/wp-content\/uploads\/cropped-LOGO-1.png","width":"760","height":"184","caption":"Equipement Professionnel"},"image":{"@id":"https:\/\/lecoin-pro.com\/electromenager\/#\/schema\/logo\/image\/"}}]}},"_links":{"self":[{"href":"https:\/\/lecoin-pro.com\/electromenager\/wp-json\/wp\/v2\/pages\/5087","targetHints":{"allow":["GET"]}}],"collection":[{"href":"https:\/\/lecoin-pro.com\/electromenager\/wp-json\/wp\/v2\/pages"}],"about":[{"href":"https:\/\/lecoin-pro.com\/electromenager\/wp-json\/wp\/v2\/types\/page"}],"author":[{"embeddable":true,"href":"https:\/\/lecoin-pro.com\/electromenager\/wp-json\/wp\/v2\/users\/1"}],"replies":[{"embeddable":true,"href":"https:\/\/lecoin-pro.com\/electromenager\/wp-json\/wp\/v2\/comments?post=5087"}],"version-history":[{"count":17,"href":"https:\/\/lecoin-pro.com\/electromenager\/wp-json\/wp\/v2\/pages\/5087\/revisions"}],"predecessor-version":[{"id":14691,"href":"https:\/\/lecoin-pro.com\/electromenager\/wp-json\/wp\/v2\/pages\/5087\/revisions\/14691"}],"wp:attachment":[{"href":"https:\/\/lecoin-pro.com\/electromenager\/wp-json\/wp\/v2\/media?parent=5087"}],"curies":[{"name":"wp","href":"https:\/\/api.w.org\/{rel}","templated":true}]}}