{"id":11355,"date":"2025-06-28T06:50:16","date_gmt":"2025-06-28T06:50:16","guid":{"rendered":"https:\/\/distri-kahwa.ma\/leaderprice\/?post_type=product&#038;p=11355"},"modified":"2026-01-12T21:25:56","modified_gmt":"2026-01-12T21:25:56","slug":"chariot-presse-orange-inox-avec-sceau-a-dechet","status":"publish","type":"product","link":"https:\/\/lecoin-pro.com\/electromenager\/produit\/chariot-presse-orange-inox-avec-sceau-a-dechet\/","title":{"rendered":"Chariot Presse Orange Inox avec sceau \u00e0 d\u00e9chet"},"content":{"rendered":"<div class=\"display-posts-native\"><div class=\"display-post-content\"><\/div><\/div>\n<h2 style=\"text-align: center;\">Chariot Inox pour Presse-Agrumes Professionnel : Mobilit\u00e9 et Polyvalence Accrues<\/h2>\n<div class=\"row-d\">\n<div class=\"column size-1\/2\">\n<p style=\"text-align: justify;\">Ce <b>Chariot Inox pour Presse-Agrumes Professionnel<\/b> est l&rsquo;accessoire id\u00e9al pour optimiser l&rsquo;utilisation de vos presse-agrumes automatiques.. Sa <b>base enti\u00e8rement en acier inoxydable<\/b> et ses roulettes facilitent grandement le d\u00e9placement de vos appareils, souvent lourds et encombrants. Cela est particuli\u00e8rement pratique pour le nettoyage, vous permettant de transporter le presse-agrumes en toute simplicit\u00e9 vers votre cuisine ou zone de lavage.<\/p>\n<\/div>\n<div class=\"column size-1\/2\">\n<div class=\"display-posts-native\"><div class=\"display-post-content\"><\/div><\/div>\n<\/div>\n<\/div>\n<div class=\"display-posts-native\"><div class=\"display-post-content\"><\/div><\/div>\n<h2 style=\"text-align: center;\">Chariot Inox pour Presse-Agrumes Professionnel : Gestion des D\u00e9chets et Stabilit\u00e9 Assur\u00e9e<\/h2>\n<div class=\"row-r\">\n<div class=\"column size-1\/2\"><div class=\"display-posts-native\"><div class=\"display-post-content\"><\/div><\/div><\/div>\n<div class=\"column size-1\/2\">\n<p style=\"text-align: justify;\">Ce <b>Chariot Inox pour Presse-Agrumes Professionnel<\/b> int\u00e8gre un <b>grand seau<\/b> sp\u00e9cialement con\u00e7u pour la collecte des d\u00e9chets et des pelures d&rsquo;orange, garantissant une hygi\u00e8ne irr\u00e9prochable durant l&rsquo;utilisation. Pour une stabilit\u00e9 parfaite, <b>deux des quatre roues sont \u00e9quip\u00e9es d&rsquo;un frein<\/b>, emp\u00eachant le chariot de glisser une fois positionn\u00e9. Un <b>plateau de collecte<\/b> et des accessoires sont \u00e9galement inclus pour guider efficacement les d\u00e9chets directement vers le seau, assurant une propret\u00e9 continue de votre espace de travail.<\/p>\n<\/div>\n<\/div>\n<div class=\"display-posts-native\"><div class=\"display-post-content\"><\/div><\/div>\n<h2 style=\"text-align: center;\">Chariot Inox pour Presse-Agrumes Professionnel : Nettoyage Simplifi\u00e9 et Hygi\u00e8ne Irr\u00e9prochable<\/h2>\n<div class=\"row-d\">\n<div class=\"column size-1\/2\">\n<p style=\"text-align: justify;\">La conception tout en <b>acier inoxydable<\/b> du bo\u00eetier, du r\u00e9ceptacle et des accessoires de ce <b>Chariot Inox pour Presse-Agrumes Professionnel<\/b> facilite grandement son entretien. Un simple <b>chiffon humide et un d\u00e9tergent doux<\/b> suffisent pour un nettoyage hygi\u00e9nique et rapide. Le seau \u00e0 d\u00e9chets est \u00e9galement <b>amovible<\/b>, permettant une vidange ais\u00e9e et contribuant \u00e0 maintenir votre environnement de travail parfaitement propre et op\u00e9rationnel.<\/p>\n<\/div>\n<div class=\"column size-1\/2\">\n<div class=\"display-posts-native\"><div class=\"display-post-content\"><\/div><\/div>\n<\/div>\n<\/div>\n<div class=\"display-posts-native\"><div class=\"display-post-content\"><p style=\"text-align: center;\"><strong> N&rsquo;h\u00e9sitez pas \u00e0 consulter<a title=\"Notre Catalogue\" href=\"https:\/\/lecoin-pro.com\/electromenager\/\"><em> notre catalogue <\/em><\/a> pour plus d&rsquo;informations<\/strong><\/p>\n<div class=\"su-row\"><div class=\"su-column \" size=\"1\/4\"><div class=\"su-box\" style=\"\"><div class=\"su-box-title\" style=\"\">Boulangerie <\/br>P\u00e2tisserie<\/div><div class=\"su-box-body\"><\/p>\n<p style=\"text-align: center;\"><a href=\"https:\/\/lecoin-pro.com\/electromenager\/materiel-professionnel-boulangerie-patisserie\/\" target=\"_blank\" rel=\"noopener noreferrer\"><img decoding=\"async\" class=\"size-medium\" style=\"display: block; margin: 0 auto; border-radius: 25px;\" src=\"https:\/\/lecoin-pro.com\/electromenager\/wp-content\/uploads\/boulangerie-patisserie.jpg\" \/><\/a><br \/>\n<a href=\"https:\/\/lecoin-pro.com\/electromenager\/materiel-professionnel-boulangerie-patisserie\/\" target=\"_blank\" rel=\"noopener noreferrer\"><button class=\"btn1\">D\u00e9couvrir<\/button> <\/a><\/p>\n<p><\/div><\/div><\/div><\/p>\n<p><div class=\"su-column \" size=\"1\/4\"><div class=\"su-box\" style=\"\"><div class=\"su-box-title\" style=\"\">H\u00f4tel <\/br>Restaurant<\/div><div class=\"su-box-body\"><\/p>\n<p style=\"text-align: center;\"><a href=\"https:\/\/lecoin-pro.com\/electromenager\/materiel-professionnel-chr-hotel-restaurant-cuisine\/\" target=\"_blank\" rel=\"noopener noreferrer\"><img decoding=\"async\" class=\"size-medium\" style=\"display: block; margin: 0 auto; border-radius: 25px;\" src=\"https:\/\/lecoin-pro.com\/electromenager\/wp-content\/uploads\/gastronomie.jpg\" \/><\/a><br \/>\n<a href=\"https:\/\/lecoin-pro.com\/electromenager\/materiel-professionnel-chr-hotel-restaurant-cuisine\/\" target=\"_blank\" rel=\"noopener noreferrer\"><button class=\"btn1\">D\u00e9couvrir<\/button<\/a><\/p>\n<p><\/div><\/div><\/div><\/p>\n<p><div class=\"su-column \" size=\"1\/4\"><div class=\"su-box\" style=\"\"><div class=\"su-box-title\" style=\"\">Restauration <\/br> Rapide<\/div><div class=\"su-box-body\"><\/p>\n<p style=\"text-align: center;\"><a title=\"Machine \u00e0 Caf\u00e9 Automatique equipement professionnel h\u00f4tel restaurant cuisine\" href=\"https:\/\/lecoin-pro.com\/electromenager\/materiel-professionnel-restauration-rapide\/\" target=\"_blank\" rel=\"noopener noreferrer\"><img decoding=\"async\" class=\"size-medium\" style=\"display: block; margin: 0 auto; border-radius: 25px;\" src=\"https:\/\/lecoin-pro.com\/electromenager\/wp-content\/uploads\/restauration-rapide.jpg\" alt=\"Boucherie Charcuterie equipement professionnel h\u00f4tel restaurant cuisine\" \/><\/a><br \/>\n<a href=\"https:\/\/lecoin-pro.com\/electromenager\/materiel-professionnel-restauration-rapide\/\" target=\"_blank\" rel=\"noopener noreferrer\"><button class=\"btn1\">D\u00e9couvrir<\/button> <\/a><\/p>\n<p><\/div><\/div><\/div><\/p>\n<p><div class=\"su-column \" size=\"1\/4\"><div class=\"su-box\" style=\"\"><div class=\"su-box-title\" style=\"\">Boucherie <\/br> Charcuterie <\/div><div class=\"su-box-body\"><a title=\"Boucherie Charcuterie equipement professionnel h\u00f4tel restaurant cuisine\" href=\"https:\/\/lecoin-pro.com\/electromenager\/materiel-boucherie-professionnel\/\" target=\"_blank\" rel=\"noopener noreferrer\"><img decoding=\"async\" class=\"size-medium\" style=\"display: block; margin: 0 auto; border-radius: 25px;\" src=\"https:\/\/lecoin-pro.com\/electromenager\/wp-content\/uploads\/boucherie-charcuterie.jpg\" alt=\"Boucherie Charcuterie equipement professionnel h\u00f4tel restaurant cuisine\" \/><\/a><br \/>\n<a href=\"https:\/\/lecoin-pro.com\/electromenager\/materiel-boucherie-professionnel\/\" target=\"_blank\" rel=\"noopener noreferrer\"><button class=\"btn1\">D\u00e9couvrir<\/button> <\/a><\/p>\n<p><\/div><\/div><\/div><\/p>\n<p><\/div>\n<div class=\"su-row\"><div class=\"su-column \" size=\"1\/4\"><div class=\"su-box\" style=\"\"><div class=\"su-box-title\" style=\"\">Pizzeria<\/div><div class=\"su-box-body\"><\/p>\n<p style=\"text-align: center;\"><a href=\"https:\/\/lecoin-pro.com\/electromenager\/materiel-pizzeria-professionnel-four-pizza\/\" target=\"_blank\" rel=\"noopener noreferrer\"><img loading=\"lazy\" decoding=\"async\" class=\"size-medium\" style=\"display: block; margin: 0 auto; border-radius: 25px;\" src=\"https:\/\/lecoin-pro.com\/electromenager\/wp-content\/uploads\/pizzeria.jpg\" width=\"440\" height=\"440\" \/><\/a><br \/>\n<a href=\"https:\/\/lecoin-pro.com\/electromenager\/materiel-pizzeria-professionnel-four-pizza\/\" target=\"_blank\" rel=\"noopener noreferrer\"><button class=\"btn1\">D\u00e9couvrir<\/button> <\/a><\/p>\n<p><\/div><\/div><\/div><\/p>\n<p><div class=\"su-column \" size=\"1\/4\"><div class=\"su-box\" style=\"\"><div class=\"su-box-title\" style=\"\">Brasserie<\/div><div class=\"su-box-body\"><\/p>\n<p style=\"text-align: center;\"><a href=\"https:\/\/lecoin-pro.com\/electromenager\/materiel-brasserie-cafe-professionnel-machine-cafe\/\" target=\"_blank\" rel=\"noopener noreferrer\"><img decoding=\"async\" class=\"size-medium\" style=\"display: block; margin: 0 auto; border-radius: 25px;\" src=\"https:\/\/lecoin-pro.com\/electromenager\/wp-content\/uploads\/Brasserie-Cafe.jpg\" \/><\/a><br \/>\n<a href=\"https:\/\/lecoin-pro.com\/electromenager\/materiel-brasserie-cafe-professionnel-machine-cafe\/\" target=\"_blank\" rel=\"noopener noreferrer\"><button class=\"btn1\">D\u00e9couvrir<\/button> <\/a><\/p>\n<p><\/div><\/div><\/div><\/p>\n<p><div class=\"su-column \" size=\"1\/4\"><div class=\"su-box\" style=\"\"><div class=\"su-box-title\" style=\"\">Traiteur<\/div><div class=\"su-box-body\"><\/p>\n<p style=\"text-align: center;\"><a title=\"Traiteur equipement professionnel h\u00f4tel restaurant cuisine\" href=\"https:\/\/lecoin-pro.com\/electromenager\/materiel-professionnel-pour-traiteur-cuisson-refrigeration-service-mobilite-chr\/\" target=\"_blank\" rel=\"noopener noreferrer\"><img decoding=\"async\" class=\"size-medium\" style=\"display: block; margin: 0 auto; border-radius: 25px;\" src=\"https:\/\/lecoin-pro.com\/electromenager\/wp-content\/uploads\/traiteurs.jpg\" alt=\"Traiteur equipement professionnel h\u00f4tel restaurant cuisine\" \/><\/a><br \/>\n<a href=\"https:\/\/lecoin-pro.com\/electromenager\/materiel-professionnel-pour-traiteur-cuisson-refrigeration-service-mobilite-chr\/\" target=\"_blank\" rel=\"noopener noreferrer\"><button class=\"btn1\">D\u00e9couvrir<\/button> <\/a><\/p>\n<p><\/div><\/div><\/div><\/p>\n<p><div class=\"su-column \" size=\"1\/4\"><div class=\"su-box\" style=\"\"><div class=\"su-box-title\" style=\"\">Kebab<\/div><div class=\"su-box-body\"><\/p>\n<p style=\"text-align: center;\"><a title=\"Kebab equipement professionnel h\u00f4tel restaurant cuisine\" href=\"https:\/\/lecoin-pro.com\/electromenager\/materiel-kebab-professionnel-snack-doner-rotissoire\/\" target=\"_blank\" rel=\"noopener noreferrer\"><img decoding=\"async\" class=\"size-medium\" style=\"display: block; margin: 0 auto; border-radius: 25px;\" src=\"https:\/\/lecoin-pro.com\/electromenager\/wp-content\/uploads\/Kebab-Shawarma.jpg\" alt=\"Kebab equipement professionnel h\u00f4tel restaurant cuisine\" \/><\/a><br \/>\n<a href=\"https:\/\/lecoin-pro.com\/electromenager\/materiel-kebab-professionnel-snack-doner-rotissoire\/\" target=\"_blank\" rel=\"noopener noreferrer\"><button class=\"btn1\">D\u00e9couvrir<\/button> <\/a><\/p>\n<p><\/div><\/div><\/div><\/p>\n<p><\/div>\n<\/div><\/div>\n","protected":false},"excerpt":{"rendered":"[display-posts id=\"10824\" include_content=\"true\" include_title=\"false\"]\n<p style=\"text-align: left; color: #bc0939;\"><strong>R\u00e9f\u00e9rence : 19360030<\/strong><\/p>\n<p><strong>Caract\u00e9ristiques<\/strong><\/p>\n<ul>\n<li>Chariot en acier inoxydable pour Presse Orange Automatique.<\/li>\n<li>Il dispose d&rsquo;un seau \u00e0 l&rsquo;int\u00e9rieur du chariot pour tous les d\u00e9chets provenant du presse-agrumes.<\/li>\n<li>Dimensions : L52 x P44 x H75cm<\/li>\n<\/ul>\n[display-posts id=\"10831\" include_content=\"true\" include_title=\"false\"]\n","protected":false},"featured_media":11360,"comment_status":"open","ping_status":"closed","template":"","meta":{"_acf_changed":false},"product_brand":[],"product_cat":[196],"product_tag":[],"class_list":{"0":"post-11355","1":"product","2":"type-product","3":"status-publish","6":"product_cat-presse-orange","8":"first","9":"instock","10":"sale","11":"taxable","12":"shipping-taxable","13":"purchasable","14":"product-type-simple"},"acf":[],"yoast_head":"<!-- This site is optimized with the Yoast SEO plugin v27.4 - https:\/\/yoast.com\/product\/yoast-seo-wordpress\/ -->\n<title>Chariot Presse Orange Inox avec sceau \u00e0 d\u00e9chet - Equipement Professionnel<\/title>\n<meta name=\"description\" content=\"Chariot Inox pour Presse-Agrumes Professionnel : Mobilit\u00e9 et hygi\u00e8ne assur\u00e9es ! Bac d\u00e9chets int\u00e9gr\u00e9, roues frein\u00e9es. Nettoyage facile. Indispensable.\" \/>\n<meta name=\"robots\" content=\"index, follow, max-snippet:-1, max-image-preview:large, max-video-preview:-1\" \/>\n<link rel=\"canonical\" href=\"https:\/\/lecoin-pro.com\/electromenager\/produit\/chariot-presse-orange-inox-avec-sceau-a-dechet\/\" \/>\n<meta property=\"og:locale\" content=\"fr_FR\" \/>\n<meta property=\"og:type\" content=\"article\" \/>\n<meta property=\"og:title\" content=\"Chariot Presse Orange Inox avec sceau \u00e0 d\u00e9chet - Equipement Professionnel\" \/>\n<meta property=\"og:description\" content=\"Chariot Inox pour Presse-Agrumes Professionnel : Mobilit\u00e9 et hygi\u00e8ne assur\u00e9es ! Bac d\u00e9chets int\u00e9gr\u00e9, roues frein\u00e9es. Nettoyage facile. Indispensable.\" \/>\n<meta property=\"og:url\" content=\"https:\/\/lecoin-pro.com\/electromenager\/produit\/chariot-presse-orange-inox-avec-sceau-a-dechet\/\" \/>\n<meta property=\"og:site_name\" content=\"Equipement Professionnel\" \/>\n<meta property=\"article:modified_time\" content=\"2026-01-12T21:25:56+00:00\" \/>\n<meta property=\"og:image\" content=\"https:\/\/lecoin-pro.com\/electromenager\/wp-content\/uploads\/Chariot-pour-presse-agrumes-orange-compact-avec-seau-a-dechets-sur-roues-5.jpg\" \/>\n\t<meta property=\"og:image:width\" content=\"700\" \/>\n\t<meta property=\"og:image:height\" content=\"700\" \/>\n\t<meta property=\"og:image:type\" content=\"image\/jpeg\" \/>\n<meta name=\"twitter:card\" content=\"summary_large_image\" \/>\n<meta name=\"twitter:label1\" content=\"Dur\u00e9e de lecture estim\u00e9e\" \/>\n\t<meta name=\"twitter:data1\" content=\"2 minutes\" \/>\n<script type=\"application\/ld+json\" class=\"yoast-schema-graph\">{\"@context\":\"https:\\\/\\\/schema.org\",\"@graph\":[{\"@type\":\"WebPage\",\"@id\":\"https:\\\/\\\/lecoin-pro.com\\\/electromenager\\\/produit\\\/chariot-presse-orange-inox-avec-sceau-a-dechet\\\/\",\"url\":\"https:\\\/\\\/lecoin-pro.com\\\/electromenager\\\/produit\\\/chariot-presse-orange-inox-avec-sceau-a-dechet\\\/\",\"name\":\"Chariot Presse Orange Inox avec sceau \u00e0 d\u00e9chet - Equipement Professionnel\",\"isPartOf\":{\"@id\":\"https:\\\/\\\/lecoin-pro.com\\\/electromenager\\\/#website\"},\"primaryImageOfPage\":{\"@id\":\"https:\\\/\\\/lecoin-pro.com\\\/electromenager\\\/produit\\\/chariot-presse-orange-inox-avec-sceau-a-dechet\\\/#primaryimage\"},\"image\":{\"@id\":\"https:\\\/\\\/lecoin-pro.com\\\/electromenager\\\/produit\\\/chariot-presse-orange-inox-avec-sceau-a-dechet\\\/#primaryimage\"},\"thumbnailUrl\":\"https:\\\/\\\/lecoin-pro.com\\\/electromenager\\\/wp-content\\\/uploads\\\/Chariot-pour-presse-agrumes-orange-compact-avec-seau-a-dechets-sur-roues-5.jpg\",\"datePublished\":\"2025-06-28T06:50:16+00:00\",\"dateModified\":\"2026-01-12T21:25:56+00:00\",\"description\":\"Chariot Inox pour Presse-Agrumes Professionnel : Mobilit\u00e9 et hygi\u00e8ne assur\u00e9es ! Bac d\u00e9chets int\u00e9gr\u00e9, roues frein\u00e9es. Nettoyage facile. Indispensable.\",\"breadcrumb\":{\"@id\":\"https:\\\/\\\/lecoin-pro.com\\\/electromenager\\\/produit\\\/chariot-presse-orange-inox-avec-sceau-a-dechet\\\/#breadcrumb\"},\"inLanguage\":\"fr-FR\",\"potentialAction\":[{\"@type\":\"ReadAction\",\"target\":[\"https:\\\/\\\/lecoin-pro.com\\\/electromenager\\\/produit\\\/chariot-presse-orange-inox-avec-sceau-a-dechet\\\/\"]}]},{\"@type\":\"ImageObject\",\"inLanguage\":\"fr-FR\",\"@id\":\"https:\\\/\\\/lecoin-pro.com\\\/electromenager\\\/produit\\\/chariot-presse-orange-inox-avec-sceau-a-dechet\\\/#primaryimage\",\"url\":\"https:\\\/\\\/lecoin-pro.com\\\/electromenager\\\/wp-content\\\/uploads\\\/Chariot-pour-presse-agrumes-orange-compact-avec-seau-a-dechets-sur-roues-5.jpg\",\"contentUrl\":\"https:\\\/\\\/lecoin-pro.com\\\/electromenager\\\/wp-content\\\/uploads\\\/Chariot-pour-presse-agrumes-orange-compact-avec-seau-a-dechets-sur-roues-5.jpg\",\"width\":700,\"height\":700},{\"@type\":\"BreadcrumbList\",\"@id\":\"https:\\\/\\\/lecoin-pro.com\\\/electromenager\\\/produit\\\/chariot-presse-orange-inox-avec-sceau-a-dechet\\\/#breadcrumb\",\"itemListElement\":[{\"@type\":\"ListItem\",\"position\":1,\"name\":\"Accueil\",\"item\":\"https:\\\/\\\/lecoin-pro.com\\\/electromenager\\\/\"},{\"@type\":\"ListItem\",\"position\":2,\"name\":\"Boutique\",\"item\":\"https:\\\/\\\/lecoin-pro.com\\\/electromenager\\\/boutique\\\/\"},{\"@type\":\"ListItem\",\"position\":3,\"name\":\"Mat\u00e9riel de Bar\",\"item\":\"https:\\\/\\\/lecoin-pro.com\\\/electromenager\\\/categorie\\\/materiel-de-bar\\\/\"},{\"@type\":\"ListItem\",\"position\":4,\"name\":\"Presse Orange\",\"item\":\"https:\\\/\\\/lecoin-pro.com\\\/electromenager\\\/categorie\\\/materiel-de-bar\\\/presse-orange\\\/\"},{\"@type\":\"ListItem\",\"position\":5,\"name\":\"Chariot Presse Orange Inox avec sceau \u00e0 d\u00e9chet\"}]},{\"@type\":\"WebSite\",\"@id\":\"https:\\\/\\\/lecoin-pro.com\\\/electromenager\\\/#website\",\"url\":\"https:\\\/\\\/lecoin-pro.com\\\/electromenager\\\/\",\"name\":\"Equipement Professionnel\",\"description\":\"\ud83d\udcde  09.72.21.50.44\",\"publisher\":{\"@id\":\"https:\\\/\\\/lecoin-pro.com\\\/electromenager\\\/#organization\"},\"potentialAction\":[{\"@type\":\"SearchAction\",\"target\":{\"@type\":\"EntryPoint\",\"urlTemplate\":\"https:\\\/\\\/lecoin-pro.com\\\/electromenager\\\/?s={search_term_string}\"},\"query-input\":{\"@type\":\"PropertyValueSpecification\",\"valueRequired\":true,\"valueName\":\"search_term_string\"}}],\"inLanguage\":\"fr-FR\"},{\"@type\":\"Organization\",\"@id\":\"https:\\\/\\\/lecoin-pro.com\\\/electromenager\\\/#organization\",\"name\":\"Equipement Professionnel\",\"url\":\"https:\\\/\\\/lecoin-pro.com\\\/electromenager\\\/\",\"logo\":{\"@type\":\"ImageObject\",\"inLanguage\":\"fr-FR\",\"@id\":\"https:\\\/\\\/lecoin-pro.com\\\/electromenager\\\/#\\\/schema\\\/logo\\\/image\\\/\",\"url\":\"https:\\\/\\\/lecoin-pro.com\\\/electromenager\\\/wp-content\\\/uploads\\\/cropped-LOGO-1.png\",\"contentUrl\":\"https:\\\/\\\/lecoin-pro.com\\\/electromenager\\\/wp-content\\\/uploads\\\/cropped-LOGO-1.png\",\"width\":\"760\",\"height\":\"184\",\"caption\":\"Equipement Professionnel\"},\"image\":{\"@id\":\"https:\\\/\\\/lecoin-pro.com\\\/electromenager\\\/#\\\/schema\\\/logo\\\/image\\\/\"}}]}<\/script>\n<!-- \/ Yoast SEO plugin. -->","yoast_head_json":{"title":"Chariot Presse Orange Inox avec sceau \u00e0 d\u00e9chet - Equipement Professionnel","description":"Chariot Inox pour Presse-Agrumes Professionnel : Mobilit\u00e9 et hygi\u00e8ne assur\u00e9es ! Bac d\u00e9chets int\u00e9gr\u00e9, roues frein\u00e9es. Nettoyage facile. Indispensable.","robots":{"index":"index","follow":"follow","max-snippet":"max-snippet:-1","max-image-preview":"max-image-preview:large","max-video-preview":"max-video-preview:-1"},"canonical":"https:\/\/lecoin-pro.com\/electromenager\/produit\/chariot-presse-orange-inox-avec-sceau-a-dechet\/","og_locale":"fr_FR","og_type":"article","og_title":"Chariot Presse Orange Inox avec sceau \u00e0 d\u00e9chet - Equipement Professionnel","og_description":"Chariot Inox pour Presse-Agrumes Professionnel : Mobilit\u00e9 et hygi\u00e8ne assur\u00e9es ! Bac d\u00e9chets int\u00e9gr\u00e9, roues frein\u00e9es. Nettoyage facile. Indispensable.","og_url":"https:\/\/lecoin-pro.com\/electromenager\/produit\/chariot-presse-orange-inox-avec-sceau-a-dechet\/","og_site_name":"Equipement Professionnel","article_modified_time":"2026-01-12T21:25:56+00:00","og_image":[{"width":700,"height":700,"url":"https:\/\/lecoin-pro.com\/electromenager\/wp-content\/uploads\/Chariot-pour-presse-agrumes-orange-compact-avec-seau-a-dechets-sur-roues-5.jpg","type":"image\/jpeg"}],"twitter_card":"summary_large_image","twitter_misc":{"Dur\u00e9e de lecture estim\u00e9e":"2 minutes"},"schema":{"@context":"https:\/\/schema.org","@graph":[{"@type":"WebPage","@id":"https:\/\/lecoin-pro.com\/electromenager\/produit\/chariot-presse-orange-inox-avec-sceau-a-dechet\/","url":"https:\/\/lecoin-pro.com\/electromenager\/produit\/chariot-presse-orange-inox-avec-sceau-a-dechet\/","name":"Chariot Presse Orange Inox avec sceau \u00e0 d\u00e9chet - Equipement Professionnel","isPartOf":{"@id":"https:\/\/lecoin-pro.com\/electromenager\/#website"},"primaryImageOfPage":{"@id":"https:\/\/lecoin-pro.com\/electromenager\/produit\/chariot-presse-orange-inox-avec-sceau-a-dechet\/#primaryimage"},"image":{"@id":"https:\/\/lecoin-pro.com\/electromenager\/produit\/chariot-presse-orange-inox-avec-sceau-a-dechet\/#primaryimage"},"thumbnailUrl":"https:\/\/lecoin-pro.com\/electromenager\/wp-content\/uploads\/Chariot-pour-presse-agrumes-orange-compact-avec-seau-a-dechets-sur-roues-5.jpg","datePublished":"2025-06-28T06:50:16+00:00","dateModified":"2026-01-12T21:25:56+00:00","description":"Chariot Inox pour Presse-Agrumes Professionnel : Mobilit\u00e9 et hygi\u00e8ne assur\u00e9es ! Bac d\u00e9chets int\u00e9gr\u00e9, roues frein\u00e9es. Nettoyage facile. Indispensable.","breadcrumb":{"@id":"https:\/\/lecoin-pro.com\/electromenager\/produit\/chariot-presse-orange-inox-avec-sceau-a-dechet\/#breadcrumb"},"inLanguage":"fr-FR","potentialAction":[{"@type":"ReadAction","target":["https:\/\/lecoin-pro.com\/electromenager\/produit\/chariot-presse-orange-inox-avec-sceau-a-dechet\/"]}]},{"@type":"ImageObject","inLanguage":"fr-FR","@id":"https:\/\/lecoin-pro.com\/electromenager\/produit\/chariot-presse-orange-inox-avec-sceau-a-dechet\/#primaryimage","url":"https:\/\/lecoin-pro.com\/electromenager\/wp-content\/uploads\/Chariot-pour-presse-agrumes-orange-compact-avec-seau-a-dechets-sur-roues-5.jpg","contentUrl":"https:\/\/lecoin-pro.com\/electromenager\/wp-content\/uploads\/Chariot-pour-presse-agrumes-orange-compact-avec-seau-a-dechets-sur-roues-5.jpg","width":700,"height":700},{"@type":"BreadcrumbList","@id":"https:\/\/lecoin-pro.com\/electromenager\/produit\/chariot-presse-orange-inox-avec-sceau-a-dechet\/#breadcrumb","itemListElement":[{"@type":"ListItem","position":1,"name":"Accueil","item":"https:\/\/lecoin-pro.com\/electromenager\/"},{"@type":"ListItem","position":2,"name":"Boutique","item":"https:\/\/lecoin-pro.com\/electromenager\/boutique\/"},{"@type":"ListItem","position":3,"name":"Mat\u00e9riel de Bar","item":"https:\/\/lecoin-pro.com\/electromenager\/categorie\/materiel-de-bar\/"},{"@type":"ListItem","position":4,"name":"Presse Orange","item":"https:\/\/lecoin-pro.com\/electromenager\/categorie\/materiel-de-bar\/presse-orange\/"},{"@type":"ListItem","position":5,"name":"Chariot Presse Orange Inox avec sceau \u00e0 d\u00e9chet"}]},{"@type":"WebSite","@id":"https:\/\/lecoin-pro.com\/electromenager\/#website","url":"https:\/\/lecoin-pro.com\/electromenager\/","name":"Equipement Professionnel","description":"\ud83d\udcde  09.72.21.50.44","publisher":{"@id":"https:\/\/lecoin-pro.com\/electromenager\/#organization"},"potentialAction":[{"@type":"SearchAction","target":{"@type":"EntryPoint","urlTemplate":"https:\/\/lecoin-pro.com\/electromenager\/?s={search_term_string}"},"query-input":{"@type":"PropertyValueSpecification","valueRequired":true,"valueName":"search_term_string"}}],"inLanguage":"fr-FR"},{"@type":"Organization","@id":"https:\/\/lecoin-pro.com\/electromenager\/#organization","name":"Equipement Professionnel","url":"https:\/\/lecoin-pro.com\/electromenager\/","logo":{"@type":"ImageObject","inLanguage":"fr-FR","@id":"https:\/\/lecoin-pro.com\/electromenager\/#\/schema\/logo\/image\/","url":"https:\/\/lecoin-pro.com\/electromenager\/wp-content\/uploads\/cropped-LOGO-1.png","contentUrl":"https:\/\/lecoin-pro.com\/electromenager\/wp-content\/uploads\/cropped-LOGO-1.png","width":"760","height":"184","caption":"Equipement Professionnel"},"image":{"@id":"https:\/\/lecoin-pro.com\/electromenager\/#\/schema\/logo\/image\/"}}]}},"_links":{"self":[{"href":"https:\/\/lecoin-pro.com\/electromenager\/wp-json\/wp\/v2\/product\/11355","targetHints":{"allow":["GET"]}}],"collection":[{"href":"https:\/\/lecoin-pro.com\/electromenager\/wp-json\/wp\/v2\/product"}],"about":[{"href":"https:\/\/lecoin-pro.com\/electromenager\/wp-json\/wp\/v2\/types\/product"}],"replies":[{"embeddable":true,"href":"https:\/\/lecoin-pro.com\/electromenager\/wp-json\/wp\/v2\/comments?post=11355"}],"wp:featuredmedia":[{"embeddable":true,"href":"https:\/\/lecoin-pro.com\/electromenager\/wp-json\/wp\/v2\/media\/11360"}],"wp:attachment":[{"href":"https:\/\/lecoin-pro.com\/electromenager\/wp-json\/wp\/v2\/media?parent=11355"}],"wp:term":[{"taxonomy":"product_brand","embeddable":true,"href":"https:\/\/lecoin-pro.com\/electromenager\/wp-json\/wp\/v2\/product_brand?post=11355"},{"taxonomy":"product_cat","embeddable":true,"href":"https:\/\/lecoin-pro.com\/electromenager\/wp-json\/wp\/v2\/product_cat?post=11355"},{"taxonomy":"product_tag","embeddable":true,"href":"https:\/\/lecoin-pro.com\/electromenager\/wp-json\/wp\/v2\/product_tag?post=11355"}],"curies":[{"name":"wp","href":"https:\/\/api.w.org\/{rel}","templated":true}]}}