{"id":11623,"date":"2025-07-17T00:02:11","date_gmt":"2025-07-17T00:02:11","guid":{"rendered":"https:\/\/distri-kahwa.ma\/leaderprice\/?post_type=product&#038;p=11623"},"modified":"2026-01-13T19:35:27","modified_gmt":"2026-01-13T19:35:27","slug":"trancheuse-special-15-mm","status":"publish","type":"product","link":"https:\/\/lecoin-pro.com\/electromenager\/produit\/trancheuse-special-15-mm\/","title":{"rendered":"Trancheuse sp\u00e9cial 1,5 mm"},"content":{"rendered":"","protected":false},"excerpt":{"rendered":"<h2 class=\"text-xl font-bold mb-2 text-black-900 pt-2\">Mod\u00e8le 750 &#8211; Trancheuse sp\u00e9cial 1,5 mm<\/h2>\n<p style=\"text-align: left; color: #bc0939;\"><strong>R\u00e9f\u00e9rence : 19307005<\/strong><\/p>\n<h3><b>Disque \u00e0 Trancher 1.5mm Professionnel : Des Tranches Ultra-Fines pour une Pr\u00e9cision Maximale<\/b><\/h3>\n<p>Ce <b>Disque \u00e0 Trancher 1.5mm Professionnel<\/b>, fabriqu\u00e9 en aluminium r\u00e9sistant, est l&rsquo;accessoire indispensable pour votre coupe-l\u00e9gumes. Il est con\u00e7u pour vous permettre de couper vos l\u00e9gumes et fruits en <b>tranches d&rsquo;une finesse exceptionnelle de 1,5 mm<\/b>. Id\u00e9al pour des carpaccios, des chips de l\u00e9gumes maison ou des garnitures d\u00e9licates, ce couteau assure des d\u00e9coupes d&rsquo;une pr\u00e9cision in\u00e9gal\u00e9e, essentielles pour les pr\u00e9sentations sophistiqu\u00e9es et les cuissons rapides en cuisine professionnelle.<\/p>\n<p>&nbsp;<\/p>\n<h3><b>Disque \u00e0 Trancher 1.5mm Professionnel : Installation Facile et Entretien Optimal pour une Long\u00e9vit\u00e9 Accrue<\/b><\/h3>\n<p>L&rsquo;insertion de ce <b>Disque \u00e0 Trancher 1.5mm Professionnel<\/b> dans votre coupe-l\u00e9gumes est incroyablement simple. Une fois vos pr\u00e9parations termin\u00e9es, le disque se retire tout aussi ais\u00e9ment pour un nettoyage rapide \u00e0 l&rsquo;eau chaude savonneuse. Pour pr\u00e9server sa durabilit\u00e9 et maintenir ses performances de coupe, veillez \u00e0 le <b>s\u00e9cher minutieusement<\/b> apr\u00e8s lavage. Il est \u00e9galement recommand\u00e9 d&rsquo;appliquer une fine couche d&rsquo;<b>huile v\u00e9g\u00e9tale<\/b> sur les lames, un geste simple qui prolongera la dur\u00e9e de vie de votre accessoire de coupe de pr\u00e9cision.<\/p>\n","protected":false},"featured_media":11624,"comment_status":"open","ping_status":"closed","template":"","meta":[],"product_brand":[],"product_cat":[279],"product_tag":[],"class_list":{"0":"post-11623","1":"product","2":"type-product","3":"status-publish","6":"product_cat-coupe-legume-750","8":"first","9":"instock","10":"sale","11":"taxable","12":"shipping-taxable","13":"purchasable","14":"product-type-simple"},"yoast_head":"<!-- This site is optimized with the Yoast SEO plugin v27.4 - https:\/\/yoast.com\/product\/yoast-seo-wordpress\/ -->\n<title>Trancheuse sp\u00e9cial 1,5 mm - Equipement Professionnel<\/title>\n<meta name=\"description\" content=\"Disque \u00e0 Trancher 1.5mm Professionnel : Pour coupe-l\u00e9gumes. Tranches ultra-fines de l\u00e9gumes\/fruits. Facile \u00e0 installer, nettoyer et entretenir. Pr\u00e9cision pro garantie.\" \/>\n<meta name=\"robots\" content=\"index, follow, max-snippet:-1, max-image-preview:large, max-video-preview:-1\" \/>\n<link rel=\"canonical\" href=\"https:\/\/lecoin-pro.com\/electromenager\/produit\/trancheuse-special-15-mm\/\" \/>\n<meta property=\"og:locale\" content=\"fr_FR\" \/>\n<meta property=\"og:type\" content=\"article\" \/>\n<meta property=\"og:title\" content=\"Trancheuse sp\u00e9cial 1,5 mm - Equipement Professionnel\" \/>\n<meta property=\"og:description\" content=\"Disque \u00e0 Trancher 1.5mm Professionnel : Pour coupe-l\u00e9gumes. Tranches ultra-fines de l\u00e9gumes\/fruits. Facile \u00e0 installer, nettoyer et entretenir. Pr\u00e9cision pro garantie.\" \/>\n<meta property=\"og:url\" content=\"https:\/\/lecoin-pro.com\/electromenager\/produit\/trancheuse-special-15-mm\/\" \/>\n<meta property=\"og:site_name\" content=\"Equipement Professionnel\" \/>\n<meta property=\"article:modified_time\" content=\"2026-01-13T19:35:27+00:00\" \/>\n<meta property=\"og:image\" content=\"https:\/\/lecoin-pro.com\/electromenager\/wp-content\/uploads\/09307005-Trancheuse-special-15-mm.jpg\" \/>\n\t<meta property=\"og:image:width\" content=\"700\" \/>\n\t<meta property=\"og:image:height\" content=\"700\" \/>\n\t<meta property=\"og:image:type\" content=\"image\/jpeg\" \/>\n<meta name=\"twitter:card\" content=\"summary_large_image\" \/>\n<meta name=\"twitter:label1\" content=\"Dur\u00e9e de lecture estim\u00e9e\" \/>\n\t<meta name=\"twitter:data1\" content=\"1 minute\" \/>\n<script type=\"application\/ld+json\" class=\"yoast-schema-graph\">{\"@context\":\"https:\\\/\\\/schema.org\",\"@graph\":[{\"@type\":\"WebPage\",\"@id\":\"https:\\\/\\\/lecoin-pro.com\\\/electromenager\\\/produit\\\/trancheuse-special-15-mm\\\/\",\"url\":\"https:\\\/\\\/lecoin-pro.com\\\/electromenager\\\/produit\\\/trancheuse-special-15-mm\\\/\",\"name\":\"Trancheuse sp\u00e9cial 1,5 mm - Equipement Professionnel\",\"isPartOf\":{\"@id\":\"https:\\\/\\\/lecoin-pro.com\\\/electromenager\\\/#website\"},\"primaryImageOfPage\":{\"@id\":\"https:\\\/\\\/lecoin-pro.com\\\/electromenager\\\/produit\\\/trancheuse-special-15-mm\\\/#primaryimage\"},\"image\":{\"@id\":\"https:\\\/\\\/lecoin-pro.com\\\/electromenager\\\/produit\\\/trancheuse-special-15-mm\\\/#primaryimage\"},\"thumbnailUrl\":\"https:\\\/\\\/lecoin-pro.com\\\/electromenager\\\/wp-content\\\/uploads\\\/09307005-Trancheuse-special-15-mm.jpg\",\"datePublished\":\"2025-07-17T00:02:11+00:00\",\"dateModified\":\"2026-01-13T19:35:27+00:00\",\"description\":\"Disque \u00e0 Trancher 1.5mm Professionnel : Pour coupe-l\u00e9gumes. Tranches ultra-fines de l\u00e9gumes\\\/fruits. Facile \u00e0 installer, nettoyer et entretenir. Pr\u00e9cision pro garantie.\",\"breadcrumb\":{\"@id\":\"https:\\\/\\\/lecoin-pro.com\\\/electromenager\\\/produit\\\/trancheuse-special-15-mm\\\/#breadcrumb\"},\"inLanguage\":\"fr-FR\",\"potentialAction\":[{\"@type\":\"ReadAction\",\"target\":[\"https:\\\/\\\/lecoin-pro.com\\\/electromenager\\\/produit\\\/trancheuse-special-15-mm\\\/\"]}]},{\"@type\":\"ImageObject\",\"inLanguage\":\"fr-FR\",\"@id\":\"https:\\\/\\\/lecoin-pro.com\\\/electromenager\\\/produit\\\/trancheuse-special-15-mm\\\/#primaryimage\",\"url\":\"https:\\\/\\\/lecoin-pro.com\\\/electromenager\\\/wp-content\\\/uploads\\\/09307005-Trancheuse-special-15-mm.jpg\",\"contentUrl\":\"https:\\\/\\\/lecoin-pro.com\\\/electromenager\\\/wp-content\\\/uploads\\\/09307005-Trancheuse-special-15-mm.jpg\",\"width\":700,\"height\":700},{\"@type\":\"BreadcrumbList\",\"@id\":\"https:\\\/\\\/lecoin-pro.com\\\/electromenager\\\/produit\\\/trancheuse-special-15-mm\\\/#breadcrumb\",\"itemListElement\":[{\"@type\":\"ListItem\",\"position\":1,\"name\":\"Accueil\",\"item\":\"https:\\\/\\\/lecoin-pro.com\\\/electromenager\\\/\"},{\"@type\":\"ListItem\",\"position\":2,\"name\":\"Boutique\",\"item\":\"https:\\\/\\\/lecoin-pro.com\\\/electromenager\\\/boutique\\\/\"},{\"@type\":\"ListItem\",\"position\":3,\"name\":\"Pr\u00e9paration d'aliments\",\"item\":\"https:\\\/\\\/lecoin-pro.com\\\/electromenager\\\/categorie\\\/preparation-d-aliments\\\/\"},{\"@type\":\"ListItem\",\"position\":4,\"name\":\"Coupe L\u00e9gumes\",\"item\":\"https:\\\/\\\/lecoin-pro.com\\\/electromenager\\\/categorie\\\/preparation-d-aliments\\\/coupe-legumes\\\/\"},{\"@type\":\"ListItem\",\"position\":5,\"name\":\"Coupe L\u00e9gume 750\",\"item\":\"https:\\\/\\\/lecoin-pro.com\\\/electromenager\\\/categorie\\\/preparation-d-aliments\\\/coupe-legumes\\\/coupe-legume-750\\\/\"},{\"@type\":\"ListItem\",\"position\":6,\"name\":\"Trancheuse sp\u00e9cial 1,5 mm\"}]},{\"@type\":\"WebSite\",\"@id\":\"https:\\\/\\\/lecoin-pro.com\\\/electromenager\\\/#website\",\"url\":\"https:\\\/\\\/lecoin-pro.com\\\/electromenager\\\/\",\"name\":\"Equipement Professionnel\",\"description\":\"\ud83d\udcde  09.72.21.50.44\",\"publisher\":{\"@id\":\"https:\\\/\\\/lecoin-pro.com\\\/electromenager\\\/#organization\"},\"potentialAction\":[{\"@type\":\"SearchAction\",\"target\":{\"@type\":\"EntryPoint\",\"urlTemplate\":\"https:\\\/\\\/lecoin-pro.com\\\/electromenager\\\/?s={search_term_string}\"},\"query-input\":{\"@type\":\"PropertyValueSpecification\",\"valueRequired\":true,\"valueName\":\"search_term_string\"}}],\"inLanguage\":\"fr-FR\"},{\"@type\":\"Organization\",\"@id\":\"https:\\\/\\\/lecoin-pro.com\\\/electromenager\\\/#organization\",\"name\":\"Equipement Professionnel\",\"url\":\"https:\\\/\\\/lecoin-pro.com\\\/electromenager\\\/\",\"logo\":{\"@type\":\"ImageObject\",\"inLanguage\":\"fr-FR\",\"@id\":\"https:\\\/\\\/lecoin-pro.com\\\/electromenager\\\/#\\\/schema\\\/logo\\\/image\\\/\",\"url\":\"https:\\\/\\\/lecoin-pro.com\\\/electromenager\\\/wp-content\\\/uploads\\\/cropped-LOGO-1.png\",\"contentUrl\":\"https:\\\/\\\/lecoin-pro.com\\\/electromenager\\\/wp-content\\\/uploads\\\/cropped-LOGO-1.png\",\"width\":\"760\",\"height\":\"184\",\"caption\":\"Equipement Professionnel\"},\"image\":{\"@id\":\"https:\\\/\\\/lecoin-pro.com\\\/electromenager\\\/#\\\/schema\\\/logo\\\/image\\\/\"}}]}<\/script>\n<!-- \/ Yoast SEO plugin. -->","yoast_head_json":{"title":"Trancheuse sp\u00e9cial 1,5 mm - Equipement Professionnel","description":"Disque \u00e0 Trancher 1.5mm Professionnel : Pour coupe-l\u00e9gumes. Tranches ultra-fines de l\u00e9gumes\/fruits. Facile \u00e0 installer, nettoyer et entretenir. Pr\u00e9cision pro garantie.","robots":{"index":"index","follow":"follow","max-snippet":"max-snippet:-1","max-image-preview":"max-image-preview:large","max-video-preview":"max-video-preview:-1"},"canonical":"https:\/\/lecoin-pro.com\/electromenager\/produit\/trancheuse-special-15-mm\/","og_locale":"fr_FR","og_type":"article","og_title":"Trancheuse sp\u00e9cial 1,5 mm - Equipement Professionnel","og_description":"Disque \u00e0 Trancher 1.5mm Professionnel : Pour coupe-l\u00e9gumes. Tranches ultra-fines de l\u00e9gumes\/fruits. Facile \u00e0 installer, nettoyer et entretenir. Pr\u00e9cision pro garantie.","og_url":"https:\/\/lecoin-pro.com\/electromenager\/produit\/trancheuse-special-15-mm\/","og_site_name":"Equipement Professionnel","article_modified_time":"2026-01-13T19:35:27+00:00","og_image":[{"width":700,"height":700,"url":"https:\/\/lecoin-pro.com\/electromenager\/wp-content\/uploads\/09307005-Trancheuse-special-15-mm.jpg","type":"image\/jpeg"}],"twitter_card":"summary_large_image","twitter_misc":{"Dur\u00e9e de lecture estim\u00e9e":"1 minute"},"schema":{"@context":"https:\/\/schema.org","@graph":[{"@type":"WebPage","@id":"https:\/\/lecoin-pro.com\/electromenager\/produit\/trancheuse-special-15-mm\/","url":"https:\/\/lecoin-pro.com\/electromenager\/produit\/trancheuse-special-15-mm\/","name":"Trancheuse sp\u00e9cial 1,5 mm - Equipement Professionnel","isPartOf":{"@id":"https:\/\/lecoin-pro.com\/electromenager\/#website"},"primaryImageOfPage":{"@id":"https:\/\/lecoin-pro.com\/electromenager\/produit\/trancheuse-special-15-mm\/#primaryimage"},"image":{"@id":"https:\/\/lecoin-pro.com\/electromenager\/produit\/trancheuse-special-15-mm\/#primaryimage"},"thumbnailUrl":"https:\/\/lecoin-pro.com\/electromenager\/wp-content\/uploads\/09307005-Trancheuse-special-15-mm.jpg","datePublished":"2025-07-17T00:02:11+00:00","dateModified":"2026-01-13T19:35:27+00:00","description":"Disque \u00e0 Trancher 1.5mm Professionnel : Pour coupe-l\u00e9gumes. Tranches ultra-fines de l\u00e9gumes\/fruits. Facile \u00e0 installer, nettoyer et entretenir. Pr\u00e9cision pro garantie.","breadcrumb":{"@id":"https:\/\/lecoin-pro.com\/electromenager\/produit\/trancheuse-special-15-mm\/#breadcrumb"},"inLanguage":"fr-FR","potentialAction":[{"@type":"ReadAction","target":["https:\/\/lecoin-pro.com\/electromenager\/produit\/trancheuse-special-15-mm\/"]}]},{"@type":"ImageObject","inLanguage":"fr-FR","@id":"https:\/\/lecoin-pro.com\/electromenager\/produit\/trancheuse-special-15-mm\/#primaryimage","url":"https:\/\/lecoin-pro.com\/electromenager\/wp-content\/uploads\/09307005-Trancheuse-special-15-mm.jpg","contentUrl":"https:\/\/lecoin-pro.com\/electromenager\/wp-content\/uploads\/09307005-Trancheuse-special-15-mm.jpg","width":700,"height":700},{"@type":"BreadcrumbList","@id":"https:\/\/lecoin-pro.com\/electromenager\/produit\/trancheuse-special-15-mm\/#breadcrumb","itemListElement":[{"@type":"ListItem","position":1,"name":"Accueil","item":"https:\/\/lecoin-pro.com\/electromenager\/"},{"@type":"ListItem","position":2,"name":"Boutique","item":"https:\/\/lecoin-pro.com\/electromenager\/boutique\/"},{"@type":"ListItem","position":3,"name":"Pr\u00e9paration d'aliments","item":"https:\/\/lecoin-pro.com\/electromenager\/categorie\/preparation-d-aliments\/"},{"@type":"ListItem","position":4,"name":"Coupe L\u00e9gumes","item":"https:\/\/lecoin-pro.com\/electromenager\/categorie\/preparation-d-aliments\/coupe-legumes\/"},{"@type":"ListItem","position":5,"name":"Coupe L\u00e9gume 750","item":"https:\/\/lecoin-pro.com\/electromenager\/categorie\/preparation-d-aliments\/coupe-legumes\/coupe-legume-750\/"},{"@type":"ListItem","position":6,"name":"Trancheuse sp\u00e9cial 1,5 mm"}]},{"@type":"WebSite","@id":"https:\/\/lecoin-pro.com\/electromenager\/#website","url":"https:\/\/lecoin-pro.com\/electromenager\/","name":"Equipement Professionnel","description":"\ud83d\udcde  09.72.21.50.44","publisher":{"@id":"https:\/\/lecoin-pro.com\/electromenager\/#organization"},"potentialAction":[{"@type":"SearchAction","target":{"@type":"EntryPoint","urlTemplate":"https:\/\/lecoin-pro.com\/electromenager\/?s={search_term_string}"},"query-input":{"@type":"PropertyValueSpecification","valueRequired":true,"valueName":"search_term_string"}}],"inLanguage":"fr-FR"},{"@type":"Organization","@id":"https:\/\/lecoin-pro.com\/electromenager\/#organization","name":"Equipement Professionnel","url":"https:\/\/lecoin-pro.com\/electromenager\/","logo":{"@type":"ImageObject","inLanguage":"fr-FR","@id":"https:\/\/lecoin-pro.com\/electromenager\/#\/schema\/logo\/image\/","url":"https:\/\/lecoin-pro.com\/electromenager\/wp-content\/uploads\/cropped-LOGO-1.png","contentUrl":"https:\/\/lecoin-pro.com\/electromenager\/wp-content\/uploads\/cropped-LOGO-1.png","width":"760","height":"184","caption":"Equipement Professionnel"},"image":{"@id":"https:\/\/lecoin-pro.com\/electromenager\/#\/schema\/logo\/image\/"}}]}},"_links":{"self":[{"href":"https:\/\/lecoin-pro.com\/electromenager\/wp-json\/wp\/v2\/product\/11623","targetHints":{"allow":["GET"]}}],"collection":[{"href":"https:\/\/lecoin-pro.com\/electromenager\/wp-json\/wp\/v2\/product"}],"about":[{"href":"https:\/\/lecoin-pro.com\/electromenager\/wp-json\/wp\/v2\/types\/product"}],"replies":[{"embeddable":true,"href":"https:\/\/lecoin-pro.com\/electromenager\/wp-json\/wp\/v2\/comments?post=11623"}],"wp:featuredmedia":[{"embeddable":true,"href":"https:\/\/lecoin-pro.com\/electromenager\/wp-json\/wp\/v2\/media\/11624"}],"wp:attachment":[{"href":"https:\/\/lecoin-pro.com\/electromenager\/wp-json\/wp\/v2\/media?parent=11623"}],"wp:term":[{"taxonomy":"product_brand","embeddable":true,"href":"https:\/\/lecoin-pro.com\/electromenager\/wp-json\/wp\/v2\/product_brand?post=11623"},{"taxonomy":"product_cat","embeddable":true,"href":"https:\/\/lecoin-pro.com\/electromenager\/wp-json\/wp\/v2\/product_cat?post=11623"},{"taxonomy":"product_tag","embeddable":true,"href":"https:\/\/lecoin-pro.com\/electromenager\/wp-json\/wp\/v2\/product_tag?post=11623"}],"curies":[{"name":"wp","href":"https:\/\/api.w.org\/{rel}","templated":true}]}}