{"id":11660,"date":"2025-07-17T12:04:58","date_gmt":"2025-07-17T12:04:58","guid":{"rendered":"https:\/\/distri-kahwa.ma\/leaderprice\/?post_type=product&#038;p=11660"},"modified":"2026-01-13T19:40:11","modified_gmt":"2026-01-13T19:40:11","slug":"trancheuse-special-2-mm-2","status":"publish","type":"product","link":"https:\/\/lecoin-pro.com\/electromenager\/produit\/trancheuse-special-2-mm-2\/","title":{"rendered":"Trancheuse sp\u00e9cial 2 mm"},"content":{"rendered":"","protected":false},"excerpt":{"rendered":"<h2 class=\"text-xl font-bold mb-2 text-black-900 pt-2\">Mod\u00e8le 450 &#8211; Trancheuse sp\u00e9cial 2 mm<\/h2>\n<p style=\"text-align: left; color: #bc0939;\"><strong>R\u00e9f\u00e9rence : 19301106<\/strong><\/p>\n<p>Ce <b>Disque \u00e0 Trancher 2mm Professionnel<\/b> en aluminium est l&rsquo;accessoire parfait pour votre coupe-l\u00e9gumes. Il est con\u00e7u pour d\u00e9couper l\u00e9gumes et fruits en <b>tranches d&rsquo;une finesse exceptionnelle de 2 mm<\/b>. C&rsquo;est id\u00e9al pour des carpaccios d\u00e9licats, des chips de l\u00e9gumes croustillantes, ou des garnitures l\u00e9g\u00e8res. Ce couteau garantit des coupes nettes et uniformes, essentielles pour des pr\u00e9sentations soign\u00e9es et des cuissons rapides en cuisine professionnelle, vous offrant une pr\u00e9cision in\u00e9gal\u00e9e.<\/p>\n<h3><b>Disque \u00e0 Trancher 2mm Professionnel : Installation Facile et Entretien Optimal<\/b><\/h3>\n<p>Installer ce <b>Disque \u00e0 Trancher 2mm Professionnel<\/b> dans votre coupe-l\u00e9gumes est un jeu d&rsquo;enfant. Apr\u00e8s utilisation, vous pouvez retirer le disque tout aussi facilement pour le nettoyer \u00e0 l&rsquo;eau chaude savonneuse. Pour pr\u00e9server sa long\u00e9vit\u00e9 et ses performances de coupe, assurez-vous de bien le <b>s\u00e9cher minutieusement<\/b> apr\u00e8s lavage. Il est \u00e9galement recommand\u00e9 d&rsquo;appliquer une fine couche d&rsquo;<b>huile v\u00e9g\u00e9tale<\/b> sur les lames. Ce geste simple prolongera la dur\u00e9e de vie de votre accessoire, garantissant une efficacit\u00e9 constante au fil du temps.<\/p>\n","protected":false},"featured_media":11661,"comment_status":"open","ping_status":"closed","template":"","meta":{"_acf_changed":false},"product_brand":[],"product_cat":[280],"product_tag":[],"class_list":{"0":"post-11660","1":"product","2":"type-product","3":"status-publish","6":"product_cat-coupe-legume-450","8":"first","9":"instock","10":"sale","11":"taxable","12":"shipping-taxable","13":"purchasable","14":"product-type-simple"},"acf":[],"yoast_head":"<!-- This site is optimized with the Yoast SEO plugin v27.4 - https:\/\/yoast.com\/product\/yoast-seo-wordpress\/ -->\n<title>Trancheuse sp\u00e9cial 2 mm - Equipement Professionnel<\/title>\n<meta name=\"description\" content=\"Disque \u00e0 Trancher 2mm Pro : Pour coupe-l\u00e9gumes. Cr\u00e9ez des tranches ultra-fines de l\u00e9gumes\/fruits. Facile \u00e0 installer, nettoyer, et entretenir. Pr\u00e9cision et durabilit\u00e9 garanties !\" \/>\n<meta name=\"robots\" content=\"index, follow, max-snippet:-1, max-image-preview:large, max-video-preview:-1\" \/>\n<link rel=\"canonical\" href=\"https:\/\/lecoin-pro.com\/electromenager\/produit\/trancheuse-special-2-mm-2\/\" \/>\n<meta property=\"og:locale\" content=\"fr_FR\" \/>\n<meta property=\"og:type\" content=\"article\" \/>\n<meta property=\"og:title\" content=\"Trancheuse sp\u00e9cial 2 mm - Equipement Professionnel\" \/>\n<meta property=\"og:description\" content=\"Disque \u00e0 Trancher 2mm Pro : Pour coupe-l\u00e9gumes. Cr\u00e9ez des tranches ultra-fines de l\u00e9gumes\/fruits. Facile \u00e0 installer, nettoyer, et entretenir. Pr\u00e9cision et durabilit\u00e9 garanties !\" \/>\n<meta property=\"og:url\" content=\"https:\/\/lecoin-pro.com\/electromenager\/produit\/trancheuse-special-2-mm-2\/\" \/>\n<meta property=\"og:site_name\" content=\"Equipement Professionnel\" \/>\n<meta property=\"article:modified_time\" content=\"2026-01-13T19:40:11+00:00\" \/>\n<meta property=\"og:image\" content=\"https:\/\/lecoin-pro.com\/electromenager\/wp-content\/uploads\/09301106-Trancheuse-special-2-mm.jpg\" \/>\n\t<meta property=\"og:image:width\" content=\"700\" \/>\n\t<meta property=\"og:image:height\" content=\"700\" \/>\n\t<meta property=\"og:image:type\" content=\"image\/jpeg\" \/>\n<meta name=\"twitter:card\" content=\"summary_large_image\" \/>\n<meta name=\"twitter:label1\" content=\"Dur\u00e9e de lecture estim\u00e9e\" \/>\n\t<meta name=\"twitter:data1\" content=\"1 minute\" \/>\n<script type=\"application\/ld+json\" class=\"yoast-schema-graph\">{\"@context\":\"https:\\\/\\\/schema.org\",\"@graph\":[{\"@type\":\"WebPage\",\"@id\":\"https:\\\/\\\/lecoin-pro.com\\\/electromenager\\\/produit\\\/trancheuse-special-2-mm-2\\\/\",\"url\":\"https:\\\/\\\/lecoin-pro.com\\\/electromenager\\\/produit\\\/trancheuse-special-2-mm-2\\\/\",\"name\":\"Trancheuse sp\u00e9cial 2 mm - Equipement Professionnel\",\"isPartOf\":{\"@id\":\"https:\\\/\\\/lecoin-pro.com\\\/electromenager\\\/#website\"},\"primaryImageOfPage\":{\"@id\":\"https:\\\/\\\/lecoin-pro.com\\\/electromenager\\\/produit\\\/trancheuse-special-2-mm-2\\\/#primaryimage\"},\"image\":{\"@id\":\"https:\\\/\\\/lecoin-pro.com\\\/electromenager\\\/produit\\\/trancheuse-special-2-mm-2\\\/#primaryimage\"},\"thumbnailUrl\":\"https:\\\/\\\/lecoin-pro.com\\\/electromenager\\\/wp-content\\\/uploads\\\/09301106-Trancheuse-special-2-mm.jpg\",\"datePublished\":\"2025-07-17T12:04:58+00:00\",\"dateModified\":\"2026-01-13T19:40:11+00:00\",\"description\":\"Disque \u00e0 Trancher 2mm Pro : Pour coupe-l\u00e9gumes. Cr\u00e9ez des tranches ultra-fines de l\u00e9gumes\\\/fruits. Facile \u00e0 installer, nettoyer, et entretenir. Pr\u00e9cision et durabilit\u00e9 garanties !\",\"breadcrumb\":{\"@id\":\"https:\\\/\\\/lecoin-pro.com\\\/electromenager\\\/produit\\\/trancheuse-special-2-mm-2\\\/#breadcrumb\"},\"inLanguage\":\"fr-FR\",\"potentialAction\":[{\"@type\":\"ReadAction\",\"target\":[\"https:\\\/\\\/lecoin-pro.com\\\/electromenager\\\/produit\\\/trancheuse-special-2-mm-2\\\/\"]}]},{\"@type\":\"ImageObject\",\"inLanguage\":\"fr-FR\",\"@id\":\"https:\\\/\\\/lecoin-pro.com\\\/electromenager\\\/produit\\\/trancheuse-special-2-mm-2\\\/#primaryimage\",\"url\":\"https:\\\/\\\/lecoin-pro.com\\\/electromenager\\\/wp-content\\\/uploads\\\/09301106-Trancheuse-special-2-mm.jpg\",\"contentUrl\":\"https:\\\/\\\/lecoin-pro.com\\\/electromenager\\\/wp-content\\\/uploads\\\/09301106-Trancheuse-special-2-mm.jpg\",\"width\":\"700\",\"height\":\"700\"},{\"@type\":\"BreadcrumbList\",\"@id\":\"https:\\\/\\\/lecoin-pro.com\\\/electromenager\\\/produit\\\/trancheuse-special-2-mm-2\\\/#breadcrumb\",\"itemListElement\":[{\"@type\":\"ListItem\",\"position\":1,\"name\":\"Accueil\",\"item\":\"https:\\\/\\\/lecoin-pro.com\\\/electromenager\\\/\"},{\"@type\":\"ListItem\",\"position\":2,\"name\":\"Boutique\",\"item\":\"https:\\\/\\\/lecoin-pro.com\\\/electromenager\\\/boutique\\\/\"},{\"@type\":\"ListItem\",\"position\":3,\"name\":\"Pr\u00e9paration d'aliments\",\"item\":\"https:\\\/\\\/lecoin-pro.com\\\/electromenager\\\/categorie\\\/preparation-d-aliments\\\/\"},{\"@type\":\"ListItem\",\"position\":4,\"name\":\"Coupe L\u00e9gumes\",\"item\":\"https:\\\/\\\/lecoin-pro.com\\\/electromenager\\\/categorie\\\/preparation-d-aliments\\\/coupe-legumes\\\/\"},{\"@type\":\"ListItem\",\"position\":5,\"name\":\"Coupe L\u00e9gume 450\",\"item\":\"https:\\\/\\\/lecoin-pro.com\\\/electromenager\\\/categorie\\\/preparation-d-aliments\\\/coupe-legumes\\\/coupe-legume-450\\\/\"},{\"@type\":\"ListItem\",\"position\":6,\"name\":\"Trancheuse sp\u00e9cial 2 mm\"}]},{\"@type\":\"WebSite\",\"@id\":\"https:\\\/\\\/lecoin-pro.com\\\/electromenager\\\/#website\",\"url\":\"https:\\\/\\\/lecoin-pro.com\\\/electromenager\\\/\",\"name\":\"Equipement Professionnel\",\"description\":\"\ud83d\udcde  09.72.21.50.44\",\"publisher\":{\"@id\":\"https:\\\/\\\/lecoin-pro.com\\\/electromenager\\\/#organization\"},\"potentialAction\":[{\"@type\":\"SearchAction\",\"target\":{\"@type\":\"EntryPoint\",\"urlTemplate\":\"https:\\\/\\\/lecoin-pro.com\\\/electromenager\\\/?s={search_term_string}\"},\"query-input\":{\"@type\":\"PropertyValueSpecification\",\"valueRequired\":true,\"valueName\":\"search_term_string\"}}],\"inLanguage\":\"fr-FR\"},{\"@type\":\"Organization\",\"@id\":\"https:\\\/\\\/lecoin-pro.com\\\/electromenager\\\/#organization\",\"name\":\"Equipement Professionnel\",\"url\":\"https:\\\/\\\/lecoin-pro.com\\\/electromenager\\\/\",\"logo\":{\"@type\":\"ImageObject\",\"inLanguage\":\"fr-FR\",\"@id\":\"https:\\\/\\\/lecoin-pro.com\\\/electromenager\\\/#\\\/schema\\\/logo\\\/image\\\/\",\"url\":\"https:\\\/\\\/lecoin-pro.com\\\/electromenager\\\/wp-content\\\/uploads\\\/cropped-LOGO-1.png\",\"contentUrl\":\"https:\\\/\\\/lecoin-pro.com\\\/electromenager\\\/wp-content\\\/uploads\\\/cropped-LOGO-1.png\",\"width\":\"760\",\"height\":\"184\",\"caption\":\"Equipement Professionnel\"},\"image\":{\"@id\":\"https:\\\/\\\/lecoin-pro.com\\\/electromenager\\\/#\\\/schema\\\/logo\\\/image\\\/\"}}]}<\/script>\n<!-- \/ Yoast SEO plugin. -->","yoast_head_json":{"title":"Trancheuse sp\u00e9cial 2 mm - Equipement Professionnel","description":"Disque \u00e0 Trancher 2mm Pro : Pour coupe-l\u00e9gumes. Cr\u00e9ez des tranches ultra-fines de l\u00e9gumes\/fruits. Facile \u00e0 installer, nettoyer, et entretenir. Pr\u00e9cision et durabilit\u00e9 garanties !","robots":{"index":"index","follow":"follow","max-snippet":"max-snippet:-1","max-image-preview":"max-image-preview:large","max-video-preview":"max-video-preview:-1"},"canonical":"https:\/\/lecoin-pro.com\/electromenager\/produit\/trancheuse-special-2-mm-2\/","og_locale":"fr_FR","og_type":"article","og_title":"Trancheuse sp\u00e9cial 2 mm - Equipement Professionnel","og_description":"Disque \u00e0 Trancher 2mm Pro : Pour coupe-l\u00e9gumes. Cr\u00e9ez des tranches ultra-fines de l\u00e9gumes\/fruits. Facile \u00e0 installer, nettoyer, et entretenir. Pr\u00e9cision et durabilit\u00e9 garanties !","og_url":"https:\/\/lecoin-pro.com\/electromenager\/produit\/trancheuse-special-2-mm-2\/","og_site_name":"Equipement Professionnel","article_modified_time":"2026-01-13T19:40:11+00:00","og_image":[{"width":700,"height":700,"url":"https:\/\/lecoin-pro.com\/electromenager\/wp-content\/uploads\/09301106-Trancheuse-special-2-mm.jpg","type":"image\/jpeg"}],"twitter_card":"summary_large_image","twitter_misc":{"Dur\u00e9e de lecture estim\u00e9e":"1 minute"},"schema":{"@context":"https:\/\/schema.org","@graph":[{"@type":"WebPage","@id":"https:\/\/lecoin-pro.com\/electromenager\/produit\/trancheuse-special-2-mm-2\/","url":"https:\/\/lecoin-pro.com\/electromenager\/produit\/trancheuse-special-2-mm-2\/","name":"Trancheuse sp\u00e9cial 2 mm - Equipement Professionnel","isPartOf":{"@id":"https:\/\/lecoin-pro.com\/electromenager\/#website"},"primaryImageOfPage":{"@id":"https:\/\/lecoin-pro.com\/electromenager\/produit\/trancheuse-special-2-mm-2\/#primaryimage"},"image":{"@id":"https:\/\/lecoin-pro.com\/electromenager\/produit\/trancheuse-special-2-mm-2\/#primaryimage"},"thumbnailUrl":"https:\/\/lecoin-pro.com\/electromenager\/wp-content\/uploads\/09301106-Trancheuse-special-2-mm.jpg","datePublished":"2025-07-17T12:04:58+00:00","dateModified":"2026-01-13T19:40:11+00:00","description":"Disque \u00e0 Trancher 2mm Pro : Pour coupe-l\u00e9gumes. Cr\u00e9ez des tranches ultra-fines de l\u00e9gumes\/fruits. Facile \u00e0 installer, nettoyer, et entretenir. Pr\u00e9cision et durabilit\u00e9 garanties !","breadcrumb":{"@id":"https:\/\/lecoin-pro.com\/electromenager\/produit\/trancheuse-special-2-mm-2\/#breadcrumb"},"inLanguage":"fr-FR","potentialAction":[{"@type":"ReadAction","target":["https:\/\/lecoin-pro.com\/electromenager\/produit\/trancheuse-special-2-mm-2\/"]}]},{"@type":"ImageObject","inLanguage":"fr-FR","@id":"https:\/\/lecoin-pro.com\/electromenager\/produit\/trancheuse-special-2-mm-2\/#primaryimage","url":"https:\/\/lecoin-pro.com\/electromenager\/wp-content\/uploads\/09301106-Trancheuse-special-2-mm.jpg","contentUrl":"https:\/\/lecoin-pro.com\/electromenager\/wp-content\/uploads\/09301106-Trancheuse-special-2-mm.jpg","width":"700","height":"700"},{"@type":"BreadcrumbList","@id":"https:\/\/lecoin-pro.com\/electromenager\/produit\/trancheuse-special-2-mm-2\/#breadcrumb","itemListElement":[{"@type":"ListItem","position":1,"name":"Accueil","item":"https:\/\/lecoin-pro.com\/electromenager\/"},{"@type":"ListItem","position":2,"name":"Boutique","item":"https:\/\/lecoin-pro.com\/electromenager\/boutique\/"},{"@type":"ListItem","position":3,"name":"Pr\u00e9paration d'aliments","item":"https:\/\/lecoin-pro.com\/electromenager\/categorie\/preparation-d-aliments\/"},{"@type":"ListItem","position":4,"name":"Coupe L\u00e9gumes","item":"https:\/\/lecoin-pro.com\/electromenager\/categorie\/preparation-d-aliments\/coupe-legumes\/"},{"@type":"ListItem","position":5,"name":"Coupe L\u00e9gume 450","item":"https:\/\/lecoin-pro.com\/electromenager\/categorie\/preparation-d-aliments\/coupe-legumes\/coupe-legume-450\/"},{"@type":"ListItem","position":6,"name":"Trancheuse sp\u00e9cial 2 mm"}]},{"@type":"WebSite","@id":"https:\/\/lecoin-pro.com\/electromenager\/#website","url":"https:\/\/lecoin-pro.com\/electromenager\/","name":"Equipement Professionnel","description":"\ud83d\udcde  09.72.21.50.44","publisher":{"@id":"https:\/\/lecoin-pro.com\/electromenager\/#organization"},"potentialAction":[{"@type":"SearchAction","target":{"@type":"EntryPoint","urlTemplate":"https:\/\/lecoin-pro.com\/electromenager\/?s={search_term_string}"},"query-input":{"@type":"PropertyValueSpecification","valueRequired":true,"valueName":"search_term_string"}}],"inLanguage":"fr-FR"},{"@type":"Organization","@id":"https:\/\/lecoin-pro.com\/electromenager\/#organization","name":"Equipement Professionnel","url":"https:\/\/lecoin-pro.com\/electromenager\/","logo":{"@type":"ImageObject","inLanguage":"fr-FR","@id":"https:\/\/lecoin-pro.com\/electromenager\/#\/schema\/logo\/image\/","url":"https:\/\/lecoin-pro.com\/electromenager\/wp-content\/uploads\/cropped-LOGO-1.png","contentUrl":"https:\/\/lecoin-pro.com\/electromenager\/wp-content\/uploads\/cropped-LOGO-1.png","width":"760","height":"184","caption":"Equipement Professionnel"},"image":{"@id":"https:\/\/lecoin-pro.com\/electromenager\/#\/schema\/logo\/image\/"}}]}},"_links":{"self":[{"href":"https:\/\/lecoin-pro.com\/electromenager\/wp-json\/wp\/v2\/product\/11660","targetHints":{"allow":["GET"]}}],"collection":[{"href":"https:\/\/lecoin-pro.com\/electromenager\/wp-json\/wp\/v2\/product"}],"about":[{"href":"https:\/\/lecoin-pro.com\/electromenager\/wp-json\/wp\/v2\/types\/product"}],"replies":[{"embeddable":true,"href":"https:\/\/lecoin-pro.com\/electromenager\/wp-json\/wp\/v2\/comments?post=11660"}],"wp:featuredmedia":[{"embeddable":true,"href":"https:\/\/lecoin-pro.com\/electromenager\/wp-json\/wp\/v2\/media\/11661"}],"wp:attachment":[{"href":"https:\/\/lecoin-pro.com\/electromenager\/wp-json\/wp\/v2\/media?parent=11660"}],"wp:term":[{"taxonomy":"product_brand","embeddable":true,"href":"https:\/\/lecoin-pro.com\/electromenager\/wp-json\/wp\/v2\/product_brand?post=11660"},{"taxonomy":"product_cat","embeddable":true,"href":"https:\/\/lecoin-pro.com\/electromenager\/wp-json\/wp\/v2\/product_cat?post=11660"},{"taxonomy":"product_tag","embeddable":true,"href":"https:\/\/lecoin-pro.com\/electromenager\/wp-json\/wp\/v2\/product_tag?post=11660"}],"curies":[{"name":"wp","href":"https:\/\/api.w.org\/{rel}","templated":true}]}}