{"id":4254,"date":"2024-02-12T21:47:14","date_gmt":"2024-02-12T21:47:14","guid":{"rendered":"https:\/\/distri-kahwa.ma\/leaderprice\/?post_type=product&#038;p=4254"},"modified":"2025-10-15T22:17:29","modified_gmt":"2025-10-15T22:17:29","slug":"machine-a-cafe-automatique","status":"publish","type":"product","link":"https:\/\/lecoin-pro.com\/electromenager\/produit\/machine-a-cafe-automatique\/","title":{"rendered":"Machine \u00e0 Caf\u00e9 Automatique Vitro S5"},"content":{"rendered":"<div class=\"display-posts-native\"><div class=\"display-post-content\"><\/div><\/div>\n<h2 style=\"text-align: center;\"><strong>Un Design Fantastique pour une machine \u00e0 caf\u00e9 Performante<\/strong><\/h2>\n<div class=\"row-d\">\n<div class=\"column size-1\/2\">\n<p style=\"text-align: justify;\">Avec son design Unique, la Vitro S5 est bien plus qu&rsquo;une simple machine \u00e0 caf\u00e9 : c&rsquo;est une solution automatique pour un vaste menu de boissons chaudes de qualit\u00e9 sup\u00e9rieure. Elle combine les technologies d&rsquo;espresso et de solubles, permettant aux utilisateurs d&rsquo;ajuster l&rsquo;intensit\u00e9 du caf\u00e9 \u00e0 leur go\u00fbt. Id\u00e9ale pour les environnements \u00e0 forte consommation et sans surveillance (entreprises, h\u00f4tels, commerces), elle garantit un service de caf\u00e9 optimal, continu et sans effort.<\/p>\n<\/div>\n<div class=\"column size-1\/2\">\n<div class=\"display-posts-native\"><div class=\"display-post-content\"><\/div><\/div>\n<\/div>\n<\/div>\n<div class=\"display-posts-native\"><div class=\"display-post-content\"><\/div><\/div>\n<h2 style=\"text-align: center;\"><strong>Utilisation Simple et Rapide<\/strong><\/h2>\n<div class=\"row-r\">\n<div class=\"column size-1\/2\"><div class=\"display-posts-native\"><div class=\"display-post-content\"><\/div><\/div><\/div>\n<div class=\"column size-1\/2\">\n<p style=\"text-align: justify;\">La VITRO S5 est une machine \u00e0 caf\u00e9 haute capacit\u00e9 con\u00e7ue pour offrir une large gamme de boissons chaudes de qualit\u00e9 sup\u00e9rieure. C&rsquo;est une solution autonome et polyvalente proposant jusqu&rsquo;\u00e0 20 choix de boissons, avec des options de paiement int\u00e9gr\u00e9es. Elle est parfaitement adapt\u00e9e aux environnements \u00e0 fort volume et n\u00e9cessitant peu ou pas d&rsquo;intervention humaine.<\/p>\n<\/div>\n<\/div>\n<div class=\"display-posts-native\"><div class=\"display-post-content\"><\/div><\/div>\n<h2 style=\"text-align: center;\"><strong>Id\u00e9ale pour les petits d\u00e9jeuner<\/strong><\/h2>\n<div class=\"row-d\">\n<div class=\"column size-1\/2\">\n<p style=\"text-align: justify;\">Le petit-d\u00e9jeuner \u00e0 l&rsquo;h\u00f4tel est un moment cl\u00e9 pour la satisfaction client, o\u00f9 un excellent caf\u00e9 est indispensable. Au-del\u00e0 de la qualit\u00e9, il faut une exp\u00e9rience agr\u00e9able, un design attrayant et un service rapide, surtout aux heures de pointe. La Vitro S5 r\u00e9pond \u00e0 tous ces crit\u00e8res et va m\u00eame plus loin ! Gr\u00e2ce \u00e0 son processus de s\u00e9lection intuitif en un seul clic, elle offre un service rapide et souple. Elle enrichit l&rsquo;exp\u00e9rience par une combinaison unique d&rsquo;images de boissons, de sons et de lumi\u00e8res LED, garantissant aux clients de choisir et de recevoir facilement la boisson d\u00e9sir\u00e9e.<\/p>\n<\/div>\n<div class=\"column size-1\/2\">\n<div class=\"display-posts-native\"><div class=\"display-post-content\"><\/div><\/div>\n<\/div>\n<\/div>\n<div class=\"display-posts-native\"><div class=\"display-post-content\"><p style=\"text-align: center;\"><strong> N&rsquo;h\u00e9sitez pas \u00e0 consulter<a title=\"Notre Catalogue\" href=\"https:\/\/lecoin-pro.com\/electromenager\/\"><em> notre catalogue <\/em><\/a> pour plus d&rsquo;informations<\/strong><\/p>\n<div class=\"su-row\"><div class=\"su-column \" size=\"1\/4\"><div class=\"su-box\" style=\"\"><div class=\"su-box-title\" style=\"\">Boulangerie <\/br>P\u00e2tisserie<\/div><div class=\"su-box-body\"><\/p>\n<p style=\"text-align: center;\"><a href=\"https:\/\/lecoin-pro.com\/electromenager\/materiel-professionnel-boulangerie-patisserie\/\" target=\"_blank\" rel=\"noopener noreferrer\"><img decoding=\"async\" class=\"size-medium\" style=\"display: block; margin: 0 auto; border-radius: 25px;\" src=\"https:\/\/lecoin-pro.com\/electromenager\/wp-content\/uploads\/boulangerie-patisserie.jpg\" \/><\/a><br \/>\n<a href=\"https:\/\/lecoin-pro.com\/electromenager\/materiel-professionnel-boulangerie-patisserie\/\" target=\"_blank\" rel=\"noopener noreferrer\"><button class=\"btn1\">D\u00e9couvrir<\/button> <\/a><\/p>\n<p><\/div><\/div><\/div><\/p>\n<p><div class=\"su-column \" size=\"1\/4\"><div class=\"su-box\" style=\"\"><div class=\"su-box-title\" style=\"\">H\u00f4tel <\/br>Restaurant<\/div><div class=\"su-box-body\"><\/p>\n<p style=\"text-align: center;\"><a href=\"https:\/\/lecoin-pro.com\/electromenager\/materiel-professionnel-chr-hotel-restaurant-cuisine\/\" target=\"_blank\" rel=\"noopener noreferrer\"><img decoding=\"async\" class=\"size-medium\" style=\"display: block; margin: 0 auto; border-radius: 25px;\" src=\"https:\/\/lecoin-pro.com\/electromenager\/wp-content\/uploads\/gastronomie.jpg\" \/><\/a><br \/>\n<a href=\"https:\/\/lecoin-pro.com\/electromenager\/materiel-professionnel-chr-hotel-restaurant-cuisine\/\" target=\"_blank\" rel=\"noopener noreferrer\"><button class=\"btn1\">D\u00e9couvrir<\/button<\/a><\/p>\n<p><\/div><\/div><\/div><\/p>\n<p><div class=\"su-column \" size=\"1\/4\"><div class=\"su-box\" style=\"\"><div class=\"su-box-title\" style=\"\">Restauration <\/br> Rapide<\/div><div class=\"su-box-body\"><\/p>\n<p style=\"text-align: center;\"><a title=\"Machine \u00e0 Caf\u00e9 Automatique equipement professionnel h\u00f4tel restaurant cuisine\" href=\"https:\/\/lecoin-pro.com\/electromenager\/materiel-professionnel-restauration-rapide\/\" target=\"_blank\" rel=\"noopener noreferrer\"><img decoding=\"async\" class=\"size-medium\" style=\"display: block; margin: 0 auto; border-radius: 25px;\" src=\"https:\/\/lecoin-pro.com\/electromenager\/wp-content\/uploads\/restauration-rapide.jpg\" alt=\"Boucherie Charcuterie equipement professionnel h\u00f4tel restaurant cuisine\" \/><\/a><br \/>\n<a href=\"https:\/\/lecoin-pro.com\/electromenager\/materiel-professionnel-restauration-rapide\/\" target=\"_blank\" rel=\"noopener noreferrer\"><button class=\"btn1\">D\u00e9couvrir<\/button> <\/a><\/p>\n<p><\/div><\/div><\/div><\/p>\n<p><div class=\"su-column \" size=\"1\/4\"><div class=\"su-box\" style=\"\"><div class=\"su-box-title\" style=\"\">Boucherie <\/br> Charcuterie <\/div><div class=\"su-box-body\"><a title=\"Boucherie Charcuterie equipement professionnel h\u00f4tel restaurant cuisine\" href=\"https:\/\/lecoin-pro.com\/electromenager\/materiel-boucherie-professionnel\/\" target=\"_blank\" rel=\"noopener noreferrer\"><img decoding=\"async\" class=\"size-medium\" style=\"display: block; margin: 0 auto; border-radius: 25px;\" src=\"https:\/\/lecoin-pro.com\/electromenager\/wp-content\/uploads\/boucherie-charcuterie.jpg\" alt=\"Boucherie Charcuterie equipement professionnel h\u00f4tel restaurant cuisine\" \/><\/a><br \/>\n<a href=\"https:\/\/lecoin-pro.com\/electromenager\/materiel-boucherie-professionnel\/\" target=\"_blank\" rel=\"noopener noreferrer\"><button class=\"btn1\">D\u00e9couvrir<\/button> <\/a><\/p>\n<p><\/div><\/div><\/div><\/p>\n<p><\/div>\n<div class=\"su-row\"><div class=\"su-column \" size=\"1\/4\"><div class=\"su-box\" style=\"\"><div class=\"su-box-title\" style=\"\">Pizzeria<\/div><div class=\"su-box-body\"><\/p>\n<p style=\"text-align: center;\"><a href=\"https:\/\/lecoin-pro.com\/electromenager\/materiel-pizzeria-professionnel-four-pizza\/\" target=\"_blank\" rel=\"noopener noreferrer\"><img loading=\"lazy\" decoding=\"async\" class=\"size-medium\" style=\"display: block; margin: 0 auto; border-radius: 25px;\" src=\"https:\/\/lecoin-pro.com\/electromenager\/wp-content\/uploads\/pizzeria.jpg\" width=\"440\" height=\"440\" \/><\/a><br \/>\n<a href=\"https:\/\/lecoin-pro.com\/electromenager\/materiel-pizzeria-professionnel-four-pizza\/\" target=\"_blank\" rel=\"noopener noreferrer\"><button class=\"btn1\">D\u00e9couvrir<\/button> <\/a><\/p>\n<p><\/div><\/div><\/div><\/p>\n<p><div class=\"su-column \" size=\"1\/4\"><div class=\"su-box\" style=\"\"><div class=\"su-box-title\" style=\"\">Brasserie<\/div><div class=\"su-box-body\"><\/p>\n<p style=\"text-align: center;\"><a href=\"https:\/\/lecoin-pro.com\/electromenager\/materiel-brasserie-cafe-professionnel-machine-cafe\/\" target=\"_blank\" rel=\"noopener noreferrer\"><img decoding=\"async\" class=\"size-medium\" style=\"display: block; margin: 0 auto; border-radius: 25px;\" src=\"https:\/\/lecoin-pro.com\/electromenager\/wp-content\/uploads\/Brasserie-Cafe.jpg\" \/><\/a><br \/>\n<a href=\"https:\/\/lecoin-pro.com\/electromenager\/materiel-brasserie-cafe-professionnel-machine-cafe\/\" target=\"_blank\" rel=\"noopener noreferrer\"><button class=\"btn1\">D\u00e9couvrir<\/button> <\/a><\/p>\n<p><\/div><\/div><\/div><\/p>\n<p><div class=\"su-column \" size=\"1\/4\"><div class=\"su-box\" style=\"\"><div class=\"su-box-title\" style=\"\">Traiteur<\/div><div class=\"su-box-body\"><\/p>\n<p style=\"text-align: center;\"><a title=\"Traiteur equipement professionnel h\u00f4tel restaurant cuisine\" href=\"https:\/\/lecoin-pro.com\/electromenager\/materiel-professionnel-pour-traiteur-cuisson-refrigeration-service-mobilite-chr\/\" target=\"_blank\" rel=\"noopener noreferrer\"><img decoding=\"async\" class=\"size-medium\" style=\"display: block; margin: 0 auto; border-radius: 25px;\" src=\"https:\/\/lecoin-pro.com\/electromenager\/wp-content\/uploads\/traiteurs.jpg\" alt=\"Traiteur equipement professionnel h\u00f4tel restaurant cuisine\" \/><\/a><br \/>\n<a href=\"https:\/\/lecoin-pro.com\/electromenager\/materiel-professionnel-pour-traiteur-cuisson-refrigeration-service-mobilite-chr\/\" target=\"_blank\" rel=\"noopener noreferrer\"><button class=\"btn1\">D\u00e9couvrir<\/button> <\/a><\/p>\n<p><\/div><\/div><\/div><\/p>\n<p><div class=\"su-column \" size=\"1\/4\"><div class=\"su-box\" style=\"\"><div class=\"su-box-title\" style=\"\">Kebab<\/div><div class=\"su-box-body\"><\/p>\n<p style=\"text-align: center;\"><a title=\"Kebab equipement professionnel h\u00f4tel restaurant cuisine\" href=\"https:\/\/lecoin-pro.com\/electromenager\/materiel-kebab-professionnel-snack-doner-rotissoire\/\" target=\"_blank\" rel=\"noopener noreferrer\"><img decoding=\"async\" class=\"size-medium\" style=\"display: block; margin: 0 auto; border-radius: 25px;\" src=\"https:\/\/lecoin-pro.com\/electromenager\/wp-content\/uploads\/Kebab-Shawarma.jpg\" alt=\"Kebab equipement professionnel h\u00f4tel restaurant cuisine\" \/><\/a><br \/>\n<a href=\"https:\/\/lecoin-pro.com\/electromenager\/materiel-kebab-professionnel-snack-doner-rotissoire\/\" target=\"_blank\" rel=\"noopener noreferrer\"><button class=\"btn1\">D\u00e9couvrir<\/button> <\/a><\/p>\n<p><\/div><\/div><\/div><\/p>\n<p><\/div>\n<\/div><\/div>\n","protected":false},"excerpt":{"rendered":"[display-posts id=\"10824\" include_content=\"true\" include_title=\"false\"]\n<p style=\"text-align: left; color: #bc0939;\"><strong>R\u00e9f\u00e9rence : 19990001<\/strong><\/p>\n<p><b>Caract\u00e9ristiques<\/b><\/p>\n<ul>\n<li>Ecran Tactile<\/li>\n<li>12 ou 20 s\u00e9lections<\/li>\n<li>1 ou 2 moulins Automatiques<\/li>\n<li>4 Bacs de Poudre<\/li>\n<li>Caf\u00e9 Grain, Caf\u00e9 Soluble, Chocolat, Lait, Th\u00e9\u2026<\/li>\n<li>Application Mobile<\/li>\n<li>Entretien Facile<\/li>\n<li>Fabriqu\u00e9 en Espagne<\/li>\n<\/ul>\n[display-posts id=\"10827\" include_content=\"true\" include_title=\"false\"]\n<p><strong>Caract\u00e9ristiques du produit<\/strong><\/p>\n<ul>\n<li>Poids net : 63 kg<\/li>\n<li>Dimensions de l&rsquo;appareil : L48 x P59 x H77,5 cm<\/li>\n<li>230V \/ 50 Hz \/ 1 phase 230W<\/li>\n<\/ul>\n[display-posts id=\"10831\" include_content=\"true\" include_title=\"false\"]\n","protected":false},"featured_media":11773,"comment_status":"open","ping_status":"closed","template":"","meta":[],"product_brand":[],"product_cat":[282,15],"product_tag":[],"class_list":{"0":"post-4254","1":"product","2":"type-product","3":"status-publish","6":"product_cat-machine-a-cafe-automatique","7":"product_cat-materiel-de-bar","9":"first","10":"instock","11":"taxable","12":"shipping-taxable","13":"purchasable","14":"product-type-simple"},"yoast_head":"<!-- This site is optimized with the Yoast SEO plugin v27.4 - https:\/\/yoast.com\/product\/yoast-seo-wordpress\/ -->\n<title>Machine \u00e0 Caf\u00e9 Automatique Vitro S5 - Equipement Professionnel<\/title>\n<meta name=\"robots\" content=\"index, follow, max-snippet:-1, max-image-preview:large, max-video-preview:-1\" \/>\n<link rel=\"canonical\" href=\"https:\/\/lecoin-pro.com\/electromenager\/produit\/machine-a-cafe-automatique\/\" \/>\n<meta property=\"og:locale\" content=\"fr_FR\" \/>\n<meta property=\"og:type\" content=\"article\" \/>\n<meta property=\"og:title\" content=\"Machine \u00e0 Caf\u00e9 Automatique Vitro S5 - Equipement Professionnel\" \/>\n<meta property=\"og:description\" content=\"R\u00e9f\u00e9rence : 19990001 Caract\u00e9ristiques    Ecran Tactile  12 ou 20 s\u00e9lections  1 ou 2 moulins Automatiques  4 Bacs de Poudre  Caf\u00e9 Grain, Caf\u00e9 Soluble, Chocolat, Lait, Th\u00e9\u2026  Application Mobile  Entretien Facile  Fabriqu\u00e9 en Espagne     Caract\u00e9ristiques du produit   Poids net : 63 kg  Dimensions de l&#039;appareil : L48 x P59 x H77,5 cm  230V \/ 50 Hz \/ 1 phase 230W\" \/>\n<meta property=\"og:url\" content=\"https:\/\/lecoin-pro.com\/electromenager\/produit\/machine-a-cafe-automatique\/\" \/>\n<meta property=\"og:site_name\" content=\"Equipement Professionnel\" \/>\n<meta property=\"article:modified_time\" content=\"2025-10-15T22:17:29+00:00\" \/>\n<meta property=\"og:image\" content=\"https:\/\/lecoin-pro.com\/electromenager\/wp-content\/uploads\/AZKOYEN_Vitro_S5_Machine-a-cafe.png\" \/>\n\t<meta property=\"og:image:width\" content=\"539\" \/>\n\t<meta property=\"og:image:height\" content=\"900\" \/>\n\t<meta property=\"og:image:type\" content=\"image\/png\" \/>\n<meta name=\"twitter:card\" content=\"summary_large_image\" \/>\n<meta name=\"twitter:label1\" content=\"Dur\u00e9e de lecture estim\u00e9e\" \/>\n\t<meta name=\"twitter:data1\" content=\"2 minutes\" \/>\n<script type=\"application\/ld+json\" class=\"yoast-schema-graph\">{\"@context\":\"https:\\\/\\\/schema.org\",\"@graph\":[{\"@type\":\"WebPage\",\"@id\":\"https:\\\/\\\/lecoin-pro.com\\\/electromenager\\\/produit\\\/machine-a-cafe-automatique\\\/\",\"url\":\"https:\\\/\\\/lecoin-pro.com\\\/electromenager\\\/produit\\\/machine-a-cafe-automatique\\\/\",\"name\":\"Machine \u00e0 Caf\u00e9 Automatique Vitro S5 - Equipement Professionnel\",\"isPartOf\":{\"@id\":\"https:\\\/\\\/lecoin-pro.com\\\/electromenager\\\/#website\"},\"primaryImageOfPage\":{\"@id\":\"https:\\\/\\\/lecoin-pro.com\\\/electromenager\\\/produit\\\/machine-a-cafe-automatique\\\/#primaryimage\"},\"image\":{\"@id\":\"https:\\\/\\\/lecoin-pro.com\\\/electromenager\\\/produit\\\/machine-a-cafe-automatique\\\/#primaryimage\"},\"thumbnailUrl\":\"https:\\\/\\\/lecoin-pro.com\\\/electromenager\\\/wp-content\\\/uploads\\\/AZKOYEN_Vitro_S5_Machine-a-cafe.png\",\"datePublished\":\"2024-02-12T21:47:14+00:00\",\"dateModified\":\"2025-10-15T22:17:29+00:00\",\"breadcrumb\":{\"@id\":\"https:\\\/\\\/lecoin-pro.com\\\/electromenager\\\/produit\\\/machine-a-cafe-automatique\\\/#breadcrumb\"},\"inLanguage\":\"fr-FR\",\"potentialAction\":[{\"@type\":\"ReadAction\",\"target\":[\"https:\\\/\\\/lecoin-pro.com\\\/electromenager\\\/produit\\\/machine-a-cafe-automatique\\\/\"]}]},{\"@type\":\"ImageObject\",\"inLanguage\":\"fr-FR\",\"@id\":\"https:\\\/\\\/lecoin-pro.com\\\/electromenager\\\/produit\\\/machine-a-cafe-automatique\\\/#primaryimage\",\"url\":\"https:\\\/\\\/lecoin-pro.com\\\/electromenager\\\/wp-content\\\/uploads\\\/AZKOYEN_Vitro_S5_Machine-a-cafe.png\",\"contentUrl\":\"https:\\\/\\\/lecoin-pro.com\\\/electromenager\\\/wp-content\\\/uploads\\\/AZKOYEN_Vitro_S5_Machine-a-cafe.png\",\"width\":\"539\",\"height\":\"900\"},{\"@type\":\"BreadcrumbList\",\"@id\":\"https:\\\/\\\/lecoin-pro.com\\\/electromenager\\\/produit\\\/machine-a-cafe-automatique\\\/#breadcrumb\",\"itemListElement\":[{\"@type\":\"ListItem\",\"position\":1,\"name\":\"Accueil\",\"item\":\"https:\\\/\\\/lecoin-pro.com\\\/electromenager\\\/\"},{\"@type\":\"ListItem\",\"position\":2,\"name\":\"Boutique\",\"item\":\"https:\\\/\\\/lecoin-pro.com\\\/electromenager\\\/boutique\\\/\"},{\"@type\":\"ListItem\",\"position\":3,\"name\":\"Mat\u00e9riel de Bar\",\"item\":\"https:\\\/\\\/lecoin-pro.com\\\/electromenager\\\/categorie\\\/materiel-de-bar\\\/\"},{\"@type\":\"ListItem\",\"position\":4,\"name\":\"Machine \u00e0 Caf\u00e9 Automatique\",\"item\":\"https:\\\/\\\/lecoin-pro.com\\\/electromenager\\\/categorie\\\/materiel-de-bar\\\/machine-a-cafe-automatique\\\/\"},{\"@type\":\"ListItem\",\"position\":5,\"name\":\"Machine \u00e0 Caf\u00e9 Automatique Vitro S5\"}]},{\"@type\":\"WebSite\",\"@id\":\"https:\\\/\\\/lecoin-pro.com\\\/electromenager\\\/#website\",\"url\":\"https:\\\/\\\/lecoin-pro.com\\\/electromenager\\\/\",\"name\":\"Equipement Professionnel\",\"description\":\"\ud83d\udcde  09.72.21.50.44\",\"publisher\":{\"@id\":\"https:\\\/\\\/lecoin-pro.com\\\/electromenager\\\/#organization\"},\"potentialAction\":[{\"@type\":\"SearchAction\",\"target\":{\"@type\":\"EntryPoint\",\"urlTemplate\":\"https:\\\/\\\/lecoin-pro.com\\\/electromenager\\\/?s={search_term_string}\"},\"query-input\":{\"@type\":\"PropertyValueSpecification\",\"valueRequired\":true,\"valueName\":\"search_term_string\"}}],\"inLanguage\":\"fr-FR\"},{\"@type\":\"Organization\",\"@id\":\"https:\\\/\\\/lecoin-pro.com\\\/electromenager\\\/#organization\",\"name\":\"Equipement Professionnel\",\"url\":\"https:\\\/\\\/lecoin-pro.com\\\/electromenager\\\/\",\"logo\":{\"@type\":\"ImageObject\",\"inLanguage\":\"fr-FR\",\"@id\":\"https:\\\/\\\/lecoin-pro.com\\\/electromenager\\\/#\\\/schema\\\/logo\\\/image\\\/\",\"url\":\"https:\\\/\\\/lecoin-pro.com\\\/electromenager\\\/wp-content\\\/uploads\\\/cropped-LOGO-1.png\",\"contentUrl\":\"https:\\\/\\\/lecoin-pro.com\\\/electromenager\\\/wp-content\\\/uploads\\\/cropped-LOGO-1.png\",\"width\":\"760\",\"height\":\"184\",\"caption\":\"Equipement Professionnel\"},\"image\":{\"@id\":\"https:\\\/\\\/lecoin-pro.com\\\/electromenager\\\/#\\\/schema\\\/logo\\\/image\\\/\"}}]}<\/script>\n<!-- \/ Yoast SEO plugin. -->","yoast_head_json":{"title":"Machine \u00e0 Caf\u00e9 Automatique Vitro S5 - Equipement Professionnel","robots":{"index":"index","follow":"follow","max-snippet":"max-snippet:-1","max-image-preview":"max-image-preview:large","max-video-preview":"max-video-preview:-1"},"canonical":"https:\/\/lecoin-pro.com\/electromenager\/produit\/machine-a-cafe-automatique\/","og_locale":"fr_FR","og_type":"article","og_title":"Machine \u00e0 Caf\u00e9 Automatique Vitro S5 - Equipement Professionnel","og_description":"R\u00e9f\u00e9rence : 19990001 Caract\u00e9ristiques    Ecran Tactile  12 ou 20 s\u00e9lections  1 ou 2 moulins Automatiques  4 Bacs de Poudre  Caf\u00e9 Grain, Caf\u00e9 Soluble, Chocolat, Lait, Th\u00e9\u2026  Application Mobile  Entretien Facile  Fabriqu\u00e9 en Espagne     Caract\u00e9ristiques du produit   Poids net : 63 kg  Dimensions de l'appareil : L48 x P59 x H77,5 cm  230V \/ 50 Hz \/ 1 phase 230W","og_url":"https:\/\/lecoin-pro.com\/electromenager\/produit\/machine-a-cafe-automatique\/","og_site_name":"Equipement Professionnel","article_modified_time":"2025-10-15T22:17:29+00:00","og_image":[{"width":539,"height":900,"url":"https:\/\/lecoin-pro.com\/electromenager\/wp-content\/uploads\/AZKOYEN_Vitro_S5_Machine-a-cafe.png","type":"image\/png"}],"twitter_card":"summary_large_image","twitter_misc":{"Dur\u00e9e de lecture estim\u00e9e":"2 minutes"},"schema":{"@context":"https:\/\/schema.org","@graph":[{"@type":"WebPage","@id":"https:\/\/lecoin-pro.com\/electromenager\/produit\/machine-a-cafe-automatique\/","url":"https:\/\/lecoin-pro.com\/electromenager\/produit\/machine-a-cafe-automatique\/","name":"Machine \u00e0 Caf\u00e9 Automatique Vitro S5 - Equipement Professionnel","isPartOf":{"@id":"https:\/\/lecoin-pro.com\/electromenager\/#website"},"primaryImageOfPage":{"@id":"https:\/\/lecoin-pro.com\/electromenager\/produit\/machine-a-cafe-automatique\/#primaryimage"},"image":{"@id":"https:\/\/lecoin-pro.com\/electromenager\/produit\/machine-a-cafe-automatique\/#primaryimage"},"thumbnailUrl":"https:\/\/lecoin-pro.com\/electromenager\/wp-content\/uploads\/AZKOYEN_Vitro_S5_Machine-a-cafe.png","datePublished":"2024-02-12T21:47:14+00:00","dateModified":"2025-10-15T22:17:29+00:00","breadcrumb":{"@id":"https:\/\/lecoin-pro.com\/electromenager\/produit\/machine-a-cafe-automatique\/#breadcrumb"},"inLanguage":"fr-FR","potentialAction":[{"@type":"ReadAction","target":["https:\/\/lecoin-pro.com\/electromenager\/produit\/machine-a-cafe-automatique\/"]}]},{"@type":"ImageObject","inLanguage":"fr-FR","@id":"https:\/\/lecoin-pro.com\/electromenager\/produit\/machine-a-cafe-automatique\/#primaryimage","url":"https:\/\/lecoin-pro.com\/electromenager\/wp-content\/uploads\/AZKOYEN_Vitro_S5_Machine-a-cafe.png","contentUrl":"https:\/\/lecoin-pro.com\/electromenager\/wp-content\/uploads\/AZKOYEN_Vitro_S5_Machine-a-cafe.png","width":"539","height":"900"},{"@type":"BreadcrumbList","@id":"https:\/\/lecoin-pro.com\/electromenager\/produit\/machine-a-cafe-automatique\/#breadcrumb","itemListElement":[{"@type":"ListItem","position":1,"name":"Accueil","item":"https:\/\/lecoin-pro.com\/electromenager\/"},{"@type":"ListItem","position":2,"name":"Boutique","item":"https:\/\/lecoin-pro.com\/electromenager\/boutique\/"},{"@type":"ListItem","position":3,"name":"Mat\u00e9riel de Bar","item":"https:\/\/lecoin-pro.com\/electromenager\/categorie\/materiel-de-bar\/"},{"@type":"ListItem","position":4,"name":"Machine \u00e0 Caf\u00e9 Automatique","item":"https:\/\/lecoin-pro.com\/electromenager\/categorie\/materiel-de-bar\/machine-a-cafe-automatique\/"},{"@type":"ListItem","position":5,"name":"Machine \u00e0 Caf\u00e9 Automatique Vitro S5"}]},{"@type":"WebSite","@id":"https:\/\/lecoin-pro.com\/electromenager\/#website","url":"https:\/\/lecoin-pro.com\/electromenager\/","name":"Equipement Professionnel","description":"\ud83d\udcde  09.72.21.50.44","publisher":{"@id":"https:\/\/lecoin-pro.com\/electromenager\/#organization"},"potentialAction":[{"@type":"SearchAction","target":{"@type":"EntryPoint","urlTemplate":"https:\/\/lecoin-pro.com\/electromenager\/?s={search_term_string}"},"query-input":{"@type":"PropertyValueSpecification","valueRequired":true,"valueName":"search_term_string"}}],"inLanguage":"fr-FR"},{"@type":"Organization","@id":"https:\/\/lecoin-pro.com\/electromenager\/#organization","name":"Equipement Professionnel","url":"https:\/\/lecoin-pro.com\/electromenager\/","logo":{"@type":"ImageObject","inLanguage":"fr-FR","@id":"https:\/\/lecoin-pro.com\/electromenager\/#\/schema\/logo\/image\/","url":"https:\/\/lecoin-pro.com\/electromenager\/wp-content\/uploads\/cropped-LOGO-1.png","contentUrl":"https:\/\/lecoin-pro.com\/electromenager\/wp-content\/uploads\/cropped-LOGO-1.png","width":"760","height":"184","caption":"Equipement Professionnel"},"image":{"@id":"https:\/\/lecoin-pro.com\/electromenager\/#\/schema\/logo\/image\/"}}]}},"_links":{"self":[{"href":"https:\/\/lecoin-pro.com\/electromenager\/wp-json\/wp\/v2\/product\/4254","targetHints":{"allow":["GET"]}}],"collection":[{"href":"https:\/\/lecoin-pro.com\/electromenager\/wp-json\/wp\/v2\/product"}],"about":[{"href":"https:\/\/lecoin-pro.com\/electromenager\/wp-json\/wp\/v2\/types\/product"}],"replies":[{"embeddable":true,"href":"https:\/\/lecoin-pro.com\/electromenager\/wp-json\/wp\/v2\/comments?post=4254"}],"wp:featuredmedia":[{"embeddable":true,"href":"https:\/\/lecoin-pro.com\/electromenager\/wp-json\/wp\/v2\/media\/11773"}],"wp:attachment":[{"href":"https:\/\/lecoin-pro.com\/electromenager\/wp-json\/wp\/v2\/media?parent=4254"}],"wp:term":[{"taxonomy":"product_brand","embeddable":true,"href":"https:\/\/lecoin-pro.com\/electromenager\/wp-json\/wp\/v2\/product_brand?post=4254"},{"taxonomy":"product_cat","embeddable":true,"href":"https:\/\/lecoin-pro.com\/electromenager\/wp-json\/wp\/v2\/product_cat?post=4254"},{"taxonomy":"product_tag","embeddable":true,"href":"https:\/\/lecoin-pro.com\/electromenager\/wp-json\/wp\/v2\/product_tag?post=4254"}],"curies":[{"name":"wp","href":"https:\/\/api.w.org\/{rel}","templated":true}]}}