{"id":465,"date":"2020-06-03T17:51:33","date_gmt":"2020-06-03T17:51:33","guid":{"rendered":"https:\/\/lecoin-pro.com\/electromenager\/?post_type=product&#038;p=465"},"modified":"2026-01-07T19:24:36","modified_gmt":"2026-01-07T19:24:36","slug":"soubassements-double-80-x-70-cm","status":"publish","type":"product","link":"https:\/\/lecoin-pro.com\/electromenager\/produit\/soubassements-double-80-x-70-cm\/","title":{"rendered":"Soubassements Double 80 x 70 cm"},"content":{"rendered":"<div class=\"display-posts-native\"><div class=\"display-post-content\"><\/div><\/div>\n<h2 style=\"text-align: center;\"><strong>Support de Travail Inox Professionnel : S\u00e9curit\u00e9, Ergonomie &#038; Rangement Int\u00e9gr\u00e9<\/strong><\/h2>\n<div class=\"row-d\">\n<div class=\"column size-1\/2\">\n<p style=\"text-align: justify;\">Soubassement en acier inoxydable durable. Con\u00e7u pour s&rsquo;int\u00e9grer parfaitement, il dispose d&rsquo;un m\u00e9canisme de connexion simple qui vous permet de le relier ais\u00e9ment \u00e0 d&rsquo;autres \u00e9l\u00e9ments de la gamme. En plus de positionner votre \u00e9quipement \u00e0 une hauteur de travail id\u00e9ale et s\u00e9curis\u00e9e, ce soubassement offre un espace de rangement suppl\u00e9mentaire pr\u00e9cieux pour vos casseroles et po\u00eales, optimisant ainsi l&rsquo;organisation de votre cuisine professionnelle.\n<\/p>\n<\/div>\n<div class=\"column size-1\/2\">\n<div class=\"display-posts-native\"><div class=\"display-post-content\"><\/div><\/div>\n<\/div>\n<\/div>\n<div class=\"display-posts-native\"><div class=\"display-post-content\"><p style=\"text-align: center;\"><strong> N&rsquo;h\u00e9sitez pas \u00e0 consulter<a title=\"Notre Catalogue\" href=\"https:\/\/lecoin-pro.com\/electromenager\/\"><em> notre catalogue <\/em><\/a> pour plus d&rsquo;informations<\/strong><\/p>\n<div class=\"su-row\"><div class=\"su-column \" size=\"1\/4\"><div class=\"su-box\" style=\"\"><div class=\"su-box-title\" style=\"\">Boulangerie <\/br>P\u00e2tisserie<\/div><div class=\"su-box-body\"><\/p>\n<p style=\"text-align: center;\"><a href=\"https:\/\/lecoin-pro.com\/electromenager\/materiel-professionnel-boulangerie-patisserie\/\" target=\"_blank\" rel=\"noopener noreferrer\"><img decoding=\"async\" class=\"size-medium\" style=\"display: block; margin: 0 auto; border-radius: 25px;\" src=\"https:\/\/lecoin-pro.com\/electromenager\/wp-content\/uploads\/boulangerie-patisserie.jpg\" \/><\/a><br \/>\n<a href=\"https:\/\/lecoin-pro.com\/electromenager\/materiel-professionnel-boulangerie-patisserie\/\" target=\"_blank\" rel=\"noopener noreferrer\"><button class=\"btn1\">D\u00e9couvrir<\/button> <\/a><\/p>\n<p><\/div><\/div><\/div><\/p>\n<p><div class=\"su-column \" size=\"1\/4\"><div class=\"su-box\" style=\"\"><div class=\"su-box-title\" style=\"\">H\u00f4tel <\/br>Restaurant<\/div><div class=\"su-box-body\"><\/p>\n<p style=\"text-align: center;\"><a href=\"https:\/\/lecoin-pro.com\/electromenager\/materiel-professionnel-chr-hotel-restaurant-cuisine\/\" target=\"_blank\" rel=\"noopener noreferrer\"><img decoding=\"async\" class=\"size-medium\" style=\"display: block; margin: 0 auto; border-radius: 25px;\" src=\"https:\/\/lecoin-pro.com\/electromenager\/wp-content\/uploads\/gastronomie.jpg\" \/><\/a><br \/>\n<a href=\"https:\/\/lecoin-pro.com\/electromenager\/materiel-professionnel-chr-hotel-restaurant-cuisine\/\" target=\"_blank\" rel=\"noopener noreferrer\"><button class=\"btn1\">D\u00e9couvrir<\/button<\/a><\/p>\n<p><\/div><\/div><\/div><\/p>\n<p><div class=\"su-column \" size=\"1\/4\"><div class=\"su-box\" style=\"\"><div class=\"su-box-title\" style=\"\">Restauration <\/br> Rapide<\/div><div class=\"su-box-body\"><\/p>\n<p style=\"text-align: center;\"><a title=\"Machine \u00e0 Caf\u00e9 Automatique equipement professionnel h\u00f4tel restaurant cuisine\" href=\"https:\/\/lecoin-pro.com\/electromenager\/materiel-professionnel-restauration-rapide\/\" target=\"_blank\" rel=\"noopener noreferrer\"><img decoding=\"async\" class=\"size-medium\" style=\"display: block; margin: 0 auto; border-radius: 25px;\" src=\"https:\/\/lecoin-pro.com\/electromenager\/wp-content\/uploads\/restauration-rapide.jpg\" alt=\"Boucherie Charcuterie equipement professionnel h\u00f4tel restaurant cuisine\" \/><\/a><br \/>\n<a href=\"https:\/\/lecoin-pro.com\/electromenager\/materiel-professionnel-restauration-rapide\/\" target=\"_blank\" rel=\"noopener noreferrer\"><button class=\"btn1\">D\u00e9couvrir<\/button> <\/a><\/p>\n<p><\/div><\/div><\/div><\/p>\n<p><div class=\"su-column \" size=\"1\/4\"><div class=\"su-box\" style=\"\"><div class=\"su-box-title\" style=\"\">Boucherie <\/br> Charcuterie <\/div><div class=\"su-box-body\"><a title=\"Boucherie Charcuterie equipement professionnel h\u00f4tel restaurant cuisine\" href=\"https:\/\/lecoin-pro.com\/electromenager\/materiel-boucherie-professionnel\/\" target=\"_blank\" rel=\"noopener noreferrer\"><img decoding=\"async\" class=\"size-medium\" style=\"display: block; margin: 0 auto; border-radius: 25px;\" src=\"https:\/\/lecoin-pro.com\/electromenager\/wp-content\/uploads\/boucherie-charcuterie.jpg\" alt=\"Boucherie Charcuterie equipement professionnel h\u00f4tel restaurant cuisine\" \/><\/a><br \/>\n<a href=\"https:\/\/lecoin-pro.com\/electromenager\/materiel-boucherie-professionnel\/\" target=\"_blank\" rel=\"noopener noreferrer\"><button class=\"btn1\">D\u00e9couvrir<\/button> <\/a><\/p>\n<p><\/div><\/div><\/div><\/p>\n<p><\/div>\n<div class=\"su-row\"><div class=\"su-column \" size=\"1\/4\"><div class=\"su-box\" style=\"\"><div class=\"su-box-title\" style=\"\">Pizzeria<\/div><div class=\"su-box-body\"><\/p>\n<p style=\"text-align: center;\"><a href=\"https:\/\/lecoin-pro.com\/electromenager\/materiel-pizzeria-professionnel-four-pizza\/\" target=\"_blank\" rel=\"noopener noreferrer\"><img loading=\"lazy\" decoding=\"async\" class=\"size-medium\" style=\"display: block; margin: 0 auto; border-radius: 25px;\" src=\"https:\/\/lecoin-pro.com\/electromenager\/wp-content\/uploads\/pizzeria.jpg\" width=\"440\" height=\"440\" \/><\/a><br \/>\n<a href=\"https:\/\/lecoin-pro.com\/electromenager\/materiel-pizzeria-professionnel-four-pizza\/\" target=\"_blank\" rel=\"noopener noreferrer\"><button class=\"btn1\">D\u00e9couvrir<\/button> <\/a><\/p>\n<p><\/div><\/div><\/div><\/p>\n<p><div class=\"su-column \" size=\"1\/4\"><div class=\"su-box\" style=\"\"><div class=\"su-box-title\" style=\"\">Brasserie<\/div><div class=\"su-box-body\"><\/p>\n<p style=\"text-align: center;\"><a href=\"https:\/\/lecoin-pro.com\/electromenager\/materiel-brasserie-cafe-professionnel-machine-cafe\/\" target=\"_blank\" rel=\"noopener noreferrer\"><img decoding=\"async\" class=\"size-medium\" style=\"display: block; margin: 0 auto; border-radius: 25px;\" src=\"https:\/\/lecoin-pro.com\/electromenager\/wp-content\/uploads\/Brasserie-Cafe.jpg\" \/><\/a><br \/>\n<a href=\"https:\/\/lecoin-pro.com\/electromenager\/materiel-brasserie-cafe-professionnel-machine-cafe\/\" target=\"_blank\" rel=\"noopener noreferrer\"><button class=\"btn1\">D\u00e9couvrir<\/button> <\/a><\/p>\n<p><\/div><\/div><\/div><\/p>\n<p><div class=\"su-column \" size=\"1\/4\"><div class=\"su-box\" style=\"\"><div class=\"su-box-title\" style=\"\">Traiteur<\/div><div class=\"su-box-body\"><\/p>\n<p style=\"text-align: center;\"><a title=\"Traiteur equipement professionnel h\u00f4tel restaurant cuisine\" href=\"https:\/\/lecoin-pro.com\/electromenager\/materiel-professionnel-pour-traiteur-cuisson-refrigeration-service-mobilite-chr\/\" target=\"_blank\" rel=\"noopener noreferrer\"><img decoding=\"async\" class=\"size-medium\" style=\"display: block; margin: 0 auto; border-radius: 25px;\" src=\"https:\/\/lecoin-pro.com\/electromenager\/wp-content\/uploads\/traiteurs.jpg\" alt=\"Traiteur equipement professionnel h\u00f4tel restaurant cuisine\" \/><\/a><br \/>\n<a href=\"https:\/\/lecoin-pro.com\/electromenager\/materiel-professionnel-pour-traiteur-cuisson-refrigeration-service-mobilite-chr\/\" target=\"_blank\" rel=\"noopener noreferrer\"><button class=\"btn1\">D\u00e9couvrir<\/button> <\/a><\/p>\n<p><\/div><\/div><\/div><\/p>\n<p><div class=\"su-column \" size=\"1\/4\"><div class=\"su-box\" style=\"\"><div class=\"su-box-title\" style=\"\">Kebab<\/div><div class=\"su-box-body\"><\/p>\n<p style=\"text-align: center;\"><a title=\"Kebab equipement professionnel h\u00f4tel restaurant cuisine\" href=\"https:\/\/lecoin-pro.com\/electromenager\/materiel-kebab-professionnel-snack-doner-rotissoire\/\" target=\"_blank\" rel=\"noopener noreferrer\"><img decoding=\"async\" class=\"size-medium\" style=\"display: block; margin: 0 auto; border-radius: 25px;\" src=\"https:\/\/lecoin-pro.com\/electromenager\/wp-content\/uploads\/Kebab-Shawarma.jpg\" alt=\"Kebab equipement professionnel h\u00f4tel restaurant cuisine\" \/><\/a><br \/>\n<a href=\"https:\/\/lecoin-pro.com\/electromenager\/materiel-kebab-professionnel-snack-doner-rotissoire\/\" target=\"_blank\" rel=\"noopener noreferrer\"><button class=\"btn1\">D\u00e9couvrir<\/button> <\/a><\/p>\n<p><\/div><\/div><\/div><\/p>\n<p><\/div>\n<\/div><\/div>\n","protected":false},"excerpt":{"rendered":"[display-posts id=\"10824\" include_content=\"true\" include_title=\"false\"]\n<p style=\"text-align: left; color: #bc0939;\"><strong>R\u00e9f\u00e9rence : 19397003<\/strong><\/p>\n<h2><strong>Soubassements &#8211; Double &#8211; 80 x 70 cm<\/strong><\/h2>\n<p><strong>Caract\u00e9ristique du produit :<\/strong><\/p>\n<ul>\n<li>Grand compartiment de base pour le rangement des casseroles, Po\u00eales, etc.<\/li>\n<li>M\u00e9canisme de connexion facile avec d&rsquo;autres composants de la s\u00e9rie 700<\/li>\n<li>Jambes robustes pour la stabilit\u00e9<\/li>\n<li>Aussi disponible en version simple (40 x 70 cm)<\/li>\n<li>Dimensions: L80 x P58 x H57 cm<\/li>\n<li>Poids net:\u00a022 kg<\/li>\n<\/ul>\n[display-posts id=\"10831\" include_content=\"true\" include_title=\"false\"]\n","protected":false},"featured_media":3434,"comment_status":"closed","ping_status":"closed","template":"","meta":[],"product_brand":[],"product_cat":[49,108,116],"product_tag":[],"class_list":{"0":"post-465","1":"product","2":"type-product","3":"status-publish","6":"product_cat-gamme-700","7":"product_cat-soubassement-700","8":"product_cat-fourneau-soubassement-700","10":"first","11":"instock","12":"sale","13":"taxable","14":"shipping-taxable","15":"purchasable","16":"product-type-simple"},"yoast_head":"<!-- This site is optimized with the Yoast SEO plugin v27.4 - https:\/\/yoast.com\/product\/yoast-seo-wordpress\/ -->\n<title>Soubassements Double 80 x 70 cm - Equipement Professionnel<\/title>\n<meta name=\"description\" content=\"Soubassement professionnel double 80x70cm : Grand rangement. Compatible s\u00e9rie 700. Connexion facile. Pieds robustes. Organisation cuisine pro.\" \/>\n<meta name=\"robots\" content=\"index, follow, max-snippet:-1, max-image-preview:large, max-video-preview:-1\" \/>\n<link rel=\"canonical\" href=\"https:\/\/lecoin-pro.com\/electromenager\/produit\/soubassements-double-80-x-70-cm\/\" \/>\n<meta property=\"og:locale\" content=\"fr_FR\" \/>\n<meta property=\"og:type\" content=\"article\" \/>\n<meta property=\"og:title\" content=\"Soubassements Double 80 x 70 cm - Equipement Professionnel\" \/>\n<meta property=\"og:description\" content=\"Soubassement professionnel double 80x70cm : Grand rangement. Compatible s\u00e9rie 700. Connexion facile. Pieds robustes. Organisation cuisine pro.\" \/>\n<meta property=\"og:url\" content=\"https:\/\/lecoin-pro.com\/electromenager\/produit\/soubassements-double-80-x-70-cm\/\" \/>\n<meta property=\"og:site_name\" content=\"Equipement Professionnel\" \/>\n<meta property=\"article:modified_time\" content=\"2026-01-07T19:24:36+00:00\" \/>\n<meta property=\"og:image\" content=\"https:\/\/lecoin-pro.com\/electromenager\/wp-content\/uploads\/49.soubassements-double-80-x-70-cm.jpg\" \/>\n\t<meta property=\"og:image:width\" content=\"1024\" \/>\n\t<meta property=\"og:image:height\" content=\"933\" \/>\n\t<meta property=\"og:image:type\" content=\"image\/jpeg\" \/>\n<meta name=\"twitter:card\" content=\"summary_large_image\" \/>\n<meta name=\"twitter:label1\" content=\"Dur\u00e9e de lecture estim\u00e9e\" \/>\n\t<meta name=\"twitter:data1\" content=\"1 minute\" \/>\n<script type=\"application\/ld+json\" class=\"yoast-schema-graph\">{\"@context\":\"https:\\\/\\\/schema.org\",\"@graph\":[{\"@type\":\"WebPage\",\"@id\":\"https:\\\/\\\/lecoin-pro.com\\\/electromenager\\\/produit\\\/soubassements-double-80-x-70-cm\\\/\",\"url\":\"https:\\\/\\\/lecoin-pro.com\\\/electromenager\\\/produit\\\/soubassements-double-80-x-70-cm\\\/\",\"name\":\"Soubassements Double 80 x 70 cm - Equipement Professionnel\",\"isPartOf\":{\"@id\":\"https:\\\/\\\/lecoin-pro.com\\\/electromenager\\\/#website\"},\"primaryImageOfPage\":{\"@id\":\"https:\\\/\\\/lecoin-pro.com\\\/electromenager\\\/produit\\\/soubassements-double-80-x-70-cm\\\/#primaryimage\"},\"image\":{\"@id\":\"https:\\\/\\\/lecoin-pro.com\\\/electromenager\\\/produit\\\/soubassements-double-80-x-70-cm\\\/#primaryimage\"},\"thumbnailUrl\":\"https:\\\/\\\/lecoin-pro.com\\\/electromenager\\\/wp-content\\\/uploads\\\/49.soubassements-double-80-x-70-cm.jpg\",\"datePublished\":\"2020-06-03T17:51:33+00:00\",\"dateModified\":\"2026-01-07T19:24:36+00:00\",\"description\":\"Soubassement professionnel double 80x70cm : Grand rangement. Compatible s\u00e9rie 700. Connexion facile. Pieds robustes. Organisation cuisine pro.\",\"breadcrumb\":{\"@id\":\"https:\\\/\\\/lecoin-pro.com\\\/electromenager\\\/produit\\\/soubassements-double-80-x-70-cm\\\/#breadcrumb\"},\"inLanguage\":\"fr-FR\",\"potentialAction\":[{\"@type\":\"ReadAction\",\"target\":[\"https:\\\/\\\/lecoin-pro.com\\\/electromenager\\\/produit\\\/soubassements-double-80-x-70-cm\\\/\"]}]},{\"@type\":\"ImageObject\",\"inLanguage\":\"fr-FR\",\"@id\":\"https:\\\/\\\/lecoin-pro.com\\\/electromenager\\\/produit\\\/soubassements-double-80-x-70-cm\\\/#primaryimage\",\"url\":\"https:\\\/\\\/lecoin-pro.com\\\/electromenager\\\/wp-content\\\/uploads\\\/49.soubassements-double-80-x-70-cm.jpg\",\"contentUrl\":\"https:\\\/\\\/lecoin-pro.com\\\/electromenager\\\/wp-content\\\/uploads\\\/49.soubassements-double-80-x-70-cm.jpg\",\"width\":1024,\"height\":933},{\"@type\":\"BreadcrumbList\",\"@id\":\"https:\\\/\\\/lecoin-pro.com\\\/electromenager\\\/produit\\\/soubassements-double-80-x-70-cm\\\/#breadcrumb\",\"itemListElement\":[{\"@type\":\"ListItem\",\"position\":1,\"name\":\"Accueil\",\"item\":\"https:\\\/\\\/lecoin-pro.com\\\/electromenager\\\/\"},{\"@type\":\"ListItem\",\"position\":2,\"name\":\"Boutique\",\"item\":\"https:\\\/\\\/lecoin-pro.com\\\/electromenager\\\/boutique\\\/\"},{\"@type\":\"ListItem\",\"position\":3,\"name\":\"Mat\u00e9riel de Cuisson\",\"item\":\"https:\\\/\\\/lecoin-pro.com\\\/electromenager\\\/categorie\\\/materiel-de-cuisson\\\/\"},{\"@type\":\"ListItem\",\"position\":4,\"name\":\".Gamme 700\",\"item\":\"https:\\\/\\\/lecoin-pro.com\\\/electromenager\\\/categorie\\\/materiel-de-cuisson\\\/gamme-700\\\/\"},{\"@type\":\"ListItem\",\"position\":5,\"name\":\"SOUBASSEMENT 700\",\"item\":\"https:\\\/\\\/lecoin-pro.com\\\/electromenager\\\/categorie\\\/materiel-de-cuisson\\\/gamme-700\\\/soubassement-700\\\/\"},{\"@type\":\"ListItem\",\"position\":6,\"name\":\"Soubassements Double 80 x 70 cm\"}]},{\"@type\":\"WebSite\",\"@id\":\"https:\\\/\\\/lecoin-pro.com\\\/electromenager\\\/#website\",\"url\":\"https:\\\/\\\/lecoin-pro.com\\\/electromenager\\\/\",\"name\":\"Equipement Professionnel\",\"description\":\"\ud83d\udcde  09.72.21.50.44\",\"publisher\":{\"@id\":\"https:\\\/\\\/lecoin-pro.com\\\/electromenager\\\/#organization\"},\"potentialAction\":[{\"@type\":\"SearchAction\",\"target\":{\"@type\":\"EntryPoint\",\"urlTemplate\":\"https:\\\/\\\/lecoin-pro.com\\\/electromenager\\\/?s={search_term_string}\"},\"query-input\":{\"@type\":\"PropertyValueSpecification\",\"valueRequired\":true,\"valueName\":\"search_term_string\"}}],\"inLanguage\":\"fr-FR\"},{\"@type\":\"Organization\",\"@id\":\"https:\\\/\\\/lecoin-pro.com\\\/electromenager\\\/#organization\",\"name\":\"Equipement Professionnel\",\"url\":\"https:\\\/\\\/lecoin-pro.com\\\/electromenager\\\/\",\"logo\":{\"@type\":\"ImageObject\",\"inLanguage\":\"fr-FR\",\"@id\":\"https:\\\/\\\/lecoin-pro.com\\\/electromenager\\\/#\\\/schema\\\/logo\\\/image\\\/\",\"url\":\"https:\\\/\\\/lecoin-pro.com\\\/electromenager\\\/wp-content\\\/uploads\\\/cropped-LOGO-1.png\",\"contentUrl\":\"https:\\\/\\\/lecoin-pro.com\\\/electromenager\\\/wp-content\\\/uploads\\\/cropped-LOGO-1.png\",\"width\":\"760\",\"height\":\"184\",\"caption\":\"Equipement Professionnel\"},\"image\":{\"@id\":\"https:\\\/\\\/lecoin-pro.com\\\/electromenager\\\/#\\\/schema\\\/logo\\\/image\\\/\"}}]}<\/script>\n<!-- \/ Yoast SEO plugin. -->","yoast_head_json":{"title":"Soubassements Double 80 x 70 cm - Equipement Professionnel","description":"Soubassement professionnel double 80x70cm : Grand rangement. Compatible s\u00e9rie 700. Connexion facile. Pieds robustes. Organisation cuisine pro.","robots":{"index":"index","follow":"follow","max-snippet":"max-snippet:-1","max-image-preview":"max-image-preview:large","max-video-preview":"max-video-preview:-1"},"canonical":"https:\/\/lecoin-pro.com\/electromenager\/produit\/soubassements-double-80-x-70-cm\/","og_locale":"fr_FR","og_type":"article","og_title":"Soubassements Double 80 x 70 cm - Equipement Professionnel","og_description":"Soubassement professionnel double 80x70cm : Grand rangement. Compatible s\u00e9rie 700. Connexion facile. Pieds robustes. Organisation cuisine pro.","og_url":"https:\/\/lecoin-pro.com\/electromenager\/produit\/soubassements-double-80-x-70-cm\/","og_site_name":"Equipement Professionnel","article_modified_time":"2026-01-07T19:24:36+00:00","og_image":[{"width":1024,"height":933,"url":"https:\/\/lecoin-pro.com\/electromenager\/wp-content\/uploads\/49.soubassements-double-80-x-70-cm.jpg","type":"image\/jpeg"}],"twitter_card":"summary_large_image","twitter_misc":{"Dur\u00e9e de lecture estim\u00e9e":"1 minute"},"schema":{"@context":"https:\/\/schema.org","@graph":[{"@type":"WebPage","@id":"https:\/\/lecoin-pro.com\/electromenager\/produit\/soubassements-double-80-x-70-cm\/","url":"https:\/\/lecoin-pro.com\/electromenager\/produit\/soubassements-double-80-x-70-cm\/","name":"Soubassements Double 80 x 70 cm - Equipement Professionnel","isPartOf":{"@id":"https:\/\/lecoin-pro.com\/electromenager\/#website"},"primaryImageOfPage":{"@id":"https:\/\/lecoin-pro.com\/electromenager\/produit\/soubassements-double-80-x-70-cm\/#primaryimage"},"image":{"@id":"https:\/\/lecoin-pro.com\/electromenager\/produit\/soubassements-double-80-x-70-cm\/#primaryimage"},"thumbnailUrl":"https:\/\/lecoin-pro.com\/electromenager\/wp-content\/uploads\/49.soubassements-double-80-x-70-cm.jpg","datePublished":"2020-06-03T17:51:33+00:00","dateModified":"2026-01-07T19:24:36+00:00","description":"Soubassement professionnel double 80x70cm : Grand rangement. Compatible s\u00e9rie 700. Connexion facile. Pieds robustes. Organisation cuisine pro.","breadcrumb":{"@id":"https:\/\/lecoin-pro.com\/electromenager\/produit\/soubassements-double-80-x-70-cm\/#breadcrumb"},"inLanguage":"fr-FR","potentialAction":[{"@type":"ReadAction","target":["https:\/\/lecoin-pro.com\/electromenager\/produit\/soubassements-double-80-x-70-cm\/"]}]},{"@type":"ImageObject","inLanguage":"fr-FR","@id":"https:\/\/lecoin-pro.com\/electromenager\/produit\/soubassements-double-80-x-70-cm\/#primaryimage","url":"https:\/\/lecoin-pro.com\/electromenager\/wp-content\/uploads\/49.soubassements-double-80-x-70-cm.jpg","contentUrl":"https:\/\/lecoin-pro.com\/electromenager\/wp-content\/uploads\/49.soubassements-double-80-x-70-cm.jpg","width":1024,"height":933},{"@type":"BreadcrumbList","@id":"https:\/\/lecoin-pro.com\/electromenager\/produit\/soubassements-double-80-x-70-cm\/#breadcrumb","itemListElement":[{"@type":"ListItem","position":1,"name":"Accueil","item":"https:\/\/lecoin-pro.com\/electromenager\/"},{"@type":"ListItem","position":2,"name":"Boutique","item":"https:\/\/lecoin-pro.com\/electromenager\/boutique\/"},{"@type":"ListItem","position":3,"name":"Mat\u00e9riel de Cuisson","item":"https:\/\/lecoin-pro.com\/electromenager\/categorie\/materiel-de-cuisson\/"},{"@type":"ListItem","position":4,"name":".Gamme 700","item":"https:\/\/lecoin-pro.com\/electromenager\/categorie\/materiel-de-cuisson\/gamme-700\/"},{"@type":"ListItem","position":5,"name":"SOUBASSEMENT 700","item":"https:\/\/lecoin-pro.com\/electromenager\/categorie\/materiel-de-cuisson\/gamme-700\/soubassement-700\/"},{"@type":"ListItem","position":6,"name":"Soubassements Double 80 x 70 cm"}]},{"@type":"WebSite","@id":"https:\/\/lecoin-pro.com\/electromenager\/#website","url":"https:\/\/lecoin-pro.com\/electromenager\/","name":"Equipement Professionnel","description":"\ud83d\udcde  09.72.21.50.44","publisher":{"@id":"https:\/\/lecoin-pro.com\/electromenager\/#organization"},"potentialAction":[{"@type":"SearchAction","target":{"@type":"EntryPoint","urlTemplate":"https:\/\/lecoin-pro.com\/electromenager\/?s={search_term_string}"},"query-input":{"@type":"PropertyValueSpecification","valueRequired":true,"valueName":"search_term_string"}}],"inLanguage":"fr-FR"},{"@type":"Organization","@id":"https:\/\/lecoin-pro.com\/electromenager\/#organization","name":"Equipement Professionnel","url":"https:\/\/lecoin-pro.com\/electromenager\/","logo":{"@type":"ImageObject","inLanguage":"fr-FR","@id":"https:\/\/lecoin-pro.com\/electromenager\/#\/schema\/logo\/image\/","url":"https:\/\/lecoin-pro.com\/electromenager\/wp-content\/uploads\/cropped-LOGO-1.png","contentUrl":"https:\/\/lecoin-pro.com\/electromenager\/wp-content\/uploads\/cropped-LOGO-1.png","width":"760","height":"184","caption":"Equipement Professionnel"},"image":{"@id":"https:\/\/lecoin-pro.com\/electromenager\/#\/schema\/logo\/image\/"}}]}},"_links":{"self":[{"href":"https:\/\/lecoin-pro.com\/electromenager\/wp-json\/wp\/v2\/product\/465","targetHints":{"allow":["GET"]}}],"collection":[{"href":"https:\/\/lecoin-pro.com\/electromenager\/wp-json\/wp\/v2\/product"}],"about":[{"href":"https:\/\/lecoin-pro.com\/electromenager\/wp-json\/wp\/v2\/types\/product"}],"replies":[{"embeddable":true,"href":"https:\/\/lecoin-pro.com\/electromenager\/wp-json\/wp\/v2\/comments?post=465"}],"wp:featuredmedia":[{"embeddable":true,"href":"https:\/\/lecoin-pro.com\/electromenager\/wp-json\/wp\/v2\/media\/3434"}],"wp:attachment":[{"href":"https:\/\/lecoin-pro.com\/electromenager\/wp-json\/wp\/v2\/media?parent=465"}],"wp:term":[{"taxonomy":"product_brand","embeddable":true,"href":"https:\/\/lecoin-pro.com\/electromenager\/wp-json\/wp\/v2\/product_brand?post=465"},{"taxonomy":"product_cat","embeddable":true,"href":"https:\/\/lecoin-pro.com\/electromenager\/wp-json\/wp\/v2\/product_cat?post=465"},{"taxonomy":"product_tag","embeddable":true,"href":"https:\/\/lecoin-pro.com\/electromenager\/wp-json\/wp\/v2\/product_tag?post=465"}],"curies":[{"name":"wp","href":"https:\/\/api.w.org\/{rel}","templated":true}]}}