{"id":567,"date":"2020-06-04T11:49:03","date_gmt":"2020-06-04T11:49:03","guid":{"rendered":"https:\/\/lecoin-pro.com\/electromenager\/?post_type=product&#038;p=567"},"modified":"2025-07-07T22:37:41","modified_gmt":"2025-07-07T22:37:41","slug":"chassis-four-a-pizza-6-x-30-cm","status":"publish","type":"product","link":"https:\/\/lecoin-pro.com\/electromenager\/produit\/chassis-four-a-pizza-6-x-30-cm\/","title":{"rendered":"Ch\u00e2ssis Four \u00e0 Pizza 6 x 30 cm"},"content":{"rendered":"","protected":false},"excerpt":{"rendered":"[display-posts id=\"10824\" include_content=\"true\" include_title=\"false\"]\n<p style=\"text-align: left; color: #bc0939;\"><strong>R\u00e9f\u00e9rence : 19370100<\/strong><\/p>\n<p><strong>Caract\u00e9ristique du produit :<\/strong><\/p>\n<p style=\"color: #0000FF;\"><strong><a href=\"https:\/\/distri-kahwa.ma\/leaderprice\/produit\/four-a-pizza-6-x-30-cm-2\/\">Chassis \/ Support pour Four \u00e0 Pizza 4 x 30 cm r\u00e9f\u00e9rence 19370100 -&gt;<\/a><\/strong><\/p>\n<p>Ch\u00e2ssis avec \u00c9tag\u00e8re pour Four \u00e0 Pizza 6 x 30 cm<\/p>\n<p>Dimensions: L120 x P77 x H111,5 cm<\/p>\n[display-posts id=\"10831\" include_content=\"true\" include_title=\"false\"]\n","protected":false},"featured_media":5312,"comment_status":"closed","ping_status":"closed","template":"","meta":[],"product_brand":[],"product_cat":[57],"product_tag":[],"class_list":{"0":"post-567","1":"product","2":"type-product","3":"status-publish","6":"product_cat-four-a-pizza","8":"first","9":"instock","10":"taxable","11":"shipping-taxable","12":"purchasable","13":"product-type-simple"},"yoast_head":"<!-- This site is optimized with the Yoast SEO plugin v27.4 - https:\/\/yoast.com\/product\/yoast-seo-wordpress\/ -->\n<title>Ch\u00e2ssis Four \u00e0 Pizza 6 x 30 cm - Equipement Professionnel<\/title>\n<meta name=\"description\" content=\"Ch\u00e2ssis Four \u00e0 Pizza 6 x 30 cm\" \/>\n<meta name=\"robots\" content=\"index, follow, max-snippet:-1, max-image-preview:large, max-video-preview:-1\" \/>\n<link rel=\"canonical\" href=\"https:\/\/lecoin-pro.com\/electromenager\/produit\/chassis-four-a-pizza-6-x-30-cm\/\" \/>\n<meta property=\"og:locale\" content=\"fr_FR\" \/>\n<meta property=\"og:type\" content=\"article\" \/>\n<meta property=\"og:title\" content=\"Ch\u00e2ssis Four \u00e0 Pizza 6 x 30 cm - Equipement Professionnel\" \/>\n<meta property=\"og:description\" content=\"Ch\u00e2ssis Four \u00e0 Pizza 6 x 30 cm\" \/>\n<meta property=\"og:url\" content=\"https:\/\/lecoin-pro.com\/electromenager\/produit\/chassis-four-a-pizza-6-x-30-cm\/\" \/>\n<meta property=\"og:site_name\" content=\"Equipement Professionnel\" \/>\n<meta property=\"article:modified_time\" content=\"2025-07-07T22:37:41+00:00\" \/>\n<meta property=\"og:image\" content=\"https:\/\/lecoin-pro.com\/electromenager\/wp-content\/uploads\/deluxe-four-a-pizza-6-x-30-cm-chassis-2.jpg\" \/>\n\t<meta property=\"og:image:width\" content=\"1024\" \/>\n\t<meta property=\"og:image:height\" content=\"1024\" \/>\n\t<meta property=\"og:image:type\" content=\"image\/jpeg\" \/>\n<meta name=\"twitter:card\" content=\"summary_large_image\" \/>\n<meta name=\"twitter:label1\" content=\"Dur\u00e9e de lecture estim\u00e9e\" \/>\n\t<meta name=\"twitter:data1\" content=\"1 minute\" \/>\n<script type=\"application\/ld+json\" class=\"yoast-schema-graph\">{\"@context\":\"https:\\\/\\\/schema.org\",\"@graph\":[{\"@type\":\"WebPage\",\"@id\":\"https:\\\/\\\/lecoin-pro.com\\\/electromenager\\\/produit\\\/chassis-four-a-pizza-6-x-30-cm\\\/\",\"url\":\"https:\\\/\\\/lecoin-pro.com\\\/electromenager\\\/produit\\\/chassis-four-a-pizza-6-x-30-cm\\\/\",\"name\":\"Ch\u00e2ssis Four \u00e0 Pizza 6 x 30 cm - Equipement Professionnel\",\"isPartOf\":{\"@id\":\"https:\\\/\\\/lecoin-pro.com\\\/electromenager\\\/#website\"},\"primaryImageOfPage\":{\"@id\":\"https:\\\/\\\/lecoin-pro.com\\\/electromenager\\\/produit\\\/chassis-four-a-pizza-6-x-30-cm\\\/#primaryimage\"},\"image\":{\"@id\":\"https:\\\/\\\/lecoin-pro.com\\\/electromenager\\\/produit\\\/chassis-four-a-pizza-6-x-30-cm\\\/#primaryimage\"},\"thumbnailUrl\":\"https:\\\/\\\/lecoin-pro.com\\\/electromenager\\\/wp-content\\\/uploads\\\/deluxe-four-a-pizza-6-x-30-cm-chassis-2.jpg\",\"datePublished\":\"2020-06-04T11:49:03+00:00\",\"dateModified\":\"2025-07-07T22:37:41+00:00\",\"description\":\"Ch\u00e2ssis Four \u00e0 Pizza 6 x 30 cm\",\"breadcrumb\":{\"@id\":\"https:\\\/\\\/lecoin-pro.com\\\/electromenager\\\/produit\\\/chassis-four-a-pizza-6-x-30-cm\\\/#breadcrumb\"},\"inLanguage\":\"fr-FR\",\"potentialAction\":[{\"@type\":\"ReadAction\",\"target\":[\"https:\\\/\\\/lecoin-pro.com\\\/electromenager\\\/produit\\\/chassis-four-a-pizza-6-x-30-cm\\\/\"]}]},{\"@type\":\"ImageObject\",\"inLanguage\":\"fr-FR\",\"@id\":\"https:\\\/\\\/lecoin-pro.com\\\/electromenager\\\/produit\\\/chassis-four-a-pizza-6-x-30-cm\\\/#primaryimage\",\"url\":\"https:\\\/\\\/lecoin-pro.com\\\/electromenager\\\/wp-content\\\/uploads\\\/deluxe-four-a-pizza-6-x-30-cm-chassis-2.jpg\",\"contentUrl\":\"https:\\\/\\\/lecoin-pro.com\\\/electromenager\\\/wp-content\\\/uploads\\\/deluxe-four-a-pizza-6-x-30-cm-chassis-2.jpg\",\"width\":1024,\"height\":1024},{\"@type\":\"BreadcrumbList\",\"@id\":\"https:\\\/\\\/lecoin-pro.com\\\/electromenager\\\/produit\\\/chassis-four-a-pizza-6-x-30-cm\\\/#breadcrumb\",\"itemListElement\":[{\"@type\":\"ListItem\",\"position\":1,\"name\":\"Accueil\",\"item\":\"https:\\\/\\\/lecoin-pro.com\\\/electromenager\\\/\"},{\"@type\":\"ListItem\",\"position\":2,\"name\":\"Boutique\",\"item\":\"https:\\\/\\\/lecoin-pro.com\\\/electromenager\\\/boutique\\\/\"},{\"@type\":\"ListItem\",\"position\":3,\"name\":\"Mat\u00e9riel de Cuisson\",\"item\":\"https:\\\/\\\/lecoin-pro.com\\\/electromenager\\\/categorie\\\/materiel-de-cuisson\\\/\"},{\"@type\":\"ListItem\",\"position\":4,\"name\":\"Four \u00e0 Pizza\",\"item\":\"https:\\\/\\\/lecoin-pro.com\\\/electromenager\\\/categorie\\\/materiel-de-cuisson\\\/four-a-pizza\\\/\"},{\"@type\":\"ListItem\",\"position\":5,\"name\":\"Ch\u00e2ssis Four \u00e0 Pizza 6 x 30 cm\"}]},{\"@type\":\"WebSite\",\"@id\":\"https:\\\/\\\/lecoin-pro.com\\\/electromenager\\\/#website\",\"url\":\"https:\\\/\\\/lecoin-pro.com\\\/electromenager\\\/\",\"name\":\"Equipement Professionnel\",\"description\":\"\ud83d\udcde  09.72.21.50.44\",\"publisher\":{\"@id\":\"https:\\\/\\\/lecoin-pro.com\\\/electromenager\\\/#organization\"},\"potentialAction\":[{\"@type\":\"SearchAction\",\"target\":{\"@type\":\"EntryPoint\",\"urlTemplate\":\"https:\\\/\\\/lecoin-pro.com\\\/electromenager\\\/?s={search_term_string}\"},\"query-input\":{\"@type\":\"PropertyValueSpecification\",\"valueRequired\":true,\"valueName\":\"search_term_string\"}}],\"inLanguage\":\"fr-FR\"},{\"@type\":\"Organization\",\"@id\":\"https:\\\/\\\/lecoin-pro.com\\\/electromenager\\\/#organization\",\"name\":\"Equipement Professionnel\",\"url\":\"https:\\\/\\\/lecoin-pro.com\\\/electromenager\\\/\",\"logo\":{\"@type\":\"ImageObject\",\"inLanguage\":\"fr-FR\",\"@id\":\"https:\\\/\\\/lecoin-pro.com\\\/electromenager\\\/#\\\/schema\\\/logo\\\/image\\\/\",\"url\":\"https:\\\/\\\/lecoin-pro.com\\\/electromenager\\\/wp-content\\\/uploads\\\/cropped-LOGO-1.png\",\"contentUrl\":\"https:\\\/\\\/lecoin-pro.com\\\/electromenager\\\/wp-content\\\/uploads\\\/cropped-LOGO-1.png\",\"width\":\"760\",\"height\":\"184\",\"caption\":\"Equipement Professionnel\"},\"image\":{\"@id\":\"https:\\\/\\\/lecoin-pro.com\\\/electromenager\\\/#\\\/schema\\\/logo\\\/image\\\/\"}}]}<\/script>\n<!-- \/ Yoast SEO plugin. -->","yoast_head_json":{"title":"Ch\u00e2ssis Four \u00e0 Pizza 6 x 30 cm - Equipement Professionnel","description":"Ch\u00e2ssis Four \u00e0 Pizza 6 x 30 cm","robots":{"index":"index","follow":"follow","max-snippet":"max-snippet:-1","max-image-preview":"max-image-preview:large","max-video-preview":"max-video-preview:-1"},"canonical":"https:\/\/lecoin-pro.com\/electromenager\/produit\/chassis-four-a-pizza-6-x-30-cm\/","og_locale":"fr_FR","og_type":"article","og_title":"Ch\u00e2ssis Four \u00e0 Pizza 6 x 30 cm - Equipement Professionnel","og_description":"Ch\u00e2ssis Four \u00e0 Pizza 6 x 30 cm","og_url":"https:\/\/lecoin-pro.com\/electromenager\/produit\/chassis-four-a-pizza-6-x-30-cm\/","og_site_name":"Equipement Professionnel","article_modified_time":"2025-07-07T22:37:41+00:00","og_image":[{"width":1024,"height":1024,"url":"https:\/\/lecoin-pro.com\/electromenager\/wp-content\/uploads\/deluxe-four-a-pizza-6-x-30-cm-chassis-2.jpg","type":"image\/jpeg"}],"twitter_card":"summary_large_image","twitter_misc":{"Dur\u00e9e de lecture estim\u00e9e":"1 minute"},"schema":{"@context":"https:\/\/schema.org","@graph":[{"@type":"WebPage","@id":"https:\/\/lecoin-pro.com\/electromenager\/produit\/chassis-four-a-pizza-6-x-30-cm\/","url":"https:\/\/lecoin-pro.com\/electromenager\/produit\/chassis-four-a-pizza-6-x-30-cm\/","name":"Ch\u00e2ssis Four \u00e0 Pizza 6 x 30 cm - Equipement Professionnel","isPartOf":{"@id":"https:\/\/lecoin-pro.com\/electromenager\/#website"},"primaryImageOfPage":{"@id":"https:\/\/lecoin-pro.com\/electromenager\/produit\/chassis-four-a-pizza-6-x-30-cm\/#primaryimage"},"image":{"@id":"https:\/\/lecoin-pro.com\/electromenager\/produit\/chassis-four-a-pizza-6-x-30-cm\/#primaryimage"},"thumbnailUrl":"https:\/\/lecoin-pro.com\/electromenager\/wp-content\/uploads\/deluxe-four-a-pizza-6-x-30-cm-chassis-2.jpg","datePublished":"2020-06-04T11:49:03+00:00","dateModified":"2025-07-07T22:37:41+00:00","description":"Ch\u00e2ssis Four \u00e0 Pizza 6 x 30 cm","breadcrumb":{"@id":"https:\/\/lecoin-pro.com\/electromenager\/produit\/chassis-four-a-pizza-6-x-30-cm\/#breadcrumb"},"inLanguage":"fr-FR","potentialAction":[{"@type":"ReadAction","target":["https:\/\/lecoin-pro.com\/electromenager\/produit\/chassis-four-a-pizza-6-x-30-cm\/"]}]},{"@type":"ImageObject","inLanguage":"fr-FR","@id":"https:\/\/lecoin-pro.com\/electromenager\/produit\/chassis-four-a-pizza-6-x-30-cm\/#primaryimage","url":"https:\/\/lecoin-pro.com\/electromenager\/wp-content\/uploads\/deluxe-four-a-pizza-6-x-30-cm-chassis-2.jpg","contentUrl":"https:\/\/lecoin-pro.com\/electromenager\/wp-content\/uploads\/deluxe-four-a-pizza-6-x-30-cm-chassis-2.jpg","width":1024,"height":1024},{"@type":"BreadcrumbList","@id":"https:\/\/lecoin-pro.com\/electromenager\/produit\/chassis-four-a-pizza-6-x-30-cm\/#breadcrumb","itemListElement":[{"@type":"ListItem","position":1,"name":"Accueil","item":"https:\/\/lecoin-pro.com\/electromenager\/"},{"@type":"ListItem","position":2,"name":"Boutique","item":"https:\/\/lecoin-pro.com\/electromenager\/boutique\/"},{"@type":"ListItem","position":3,"name":"Mat\u00e9riel de Cuisson","item":"https:\/\/lecoin-pro.com\/electromenager\/categorie\/materiel-de-cuisson\/"},{"@type":"ListItem","position":4,"name":"Four \u00e0 Pizza","item":"https:\/\/lecoin-pro.com\/electromenager\/categorie\/materiel-de-cuisson\/four-a-pizza\/"},{"@type":"ListItem","position":5,"name":"Ch\u00e2ssis Four \u00e0 Pizza 6 x 30 cm"}]},{"@type":"WebSite","@id":"https:\/\/lecoin-pro.com\/electromenager\/#website","url":"https:\/\/lecoin-pro.com\/electromenager\/","name":"Equipement Professionnel","description":"\ud83d\udcde  09.72.21.50.44","publisher":{"@id":"https:\/\/lecoin-pro.com\/electromenager\/#organization"},"potentialAction":[{"@type":"SearchAction","target":{"@type":"EntryPoint","urlTemplate":"https:\/\/lecoin-pro.com\/electromenager\/?s={search_term_string}"},"query-input":{"@type":"PropertyValueSpecification","valueRequired":true,"valueName":"search_term_string"}}],"inLanguage":"fr-FR"},{"@type":"Organization","@id":"https:\/\/lecoin-pro.com\/electromenager\/#organization","name":"Equipement Professionnel","url":"https:\/\/lecoin-pro.com\/electromenager\/","logo":{"@type":"ImageObject","inLanguage":"fr-FR","@id":"https:\/\/lecoin-pro.com\/electromenager\/#\/schema\/logo\/image\/","url":"https:\/\/lecoin-pro.com\/electromenager\/wp-content\/uploads\/cropped-LOGO-1.png","contentUrl":"https:\/\/lecoin-pro.com\/electromenager\/wp-content\/uploads\/cropped-LOGO-1.png","width":"760","height":"184","caption":"Equipement Professionnel"},"image":{"@id":"https:\/\/lecoin-pro.com\/electromenager\/#\/schema\/logo\/image\/"}}]}},"_links":{"self":[{"href":"https:\/\/lecoin-pro.com\/electromenager\/wp-json\/wp\/v2\/product\/567","targetHints":{"allow":["GET"]}}],"collection":[{"href":"https:\/\/lecoin-pro.com\/electromenager\/wp-json\/wp\/v2\/product"}],"about":[{"href":"https:\/\/lecoin-pro.com\/electromenager\/wp-json\/wp\/v2\/types\/product"}],"replies":[{"embeddable":true,"href":"https:\/\/lecoin-pro.com\/electromenager\/wp-json\/wp\/v2\/comments?post=567"}],"wp:featuredmedia":[{"embeddable":true,"href":"https:\/\/lecoin-pro.com\/electromenager\/wp-json\/wp\/v2\/media\/5312"}],"wp:attachment":[{"href":"https:\/\/lecoin-pro.com\/electromenager\/wp-json\/wp\/v2\/media?parent=567"}],"wp:term":[{"taxonomy":"product_brand","embeddable":true,"href":"https:\/\/lecoin-pro.com\/electromenager\/wp-json\/wp\/v2\/product_brand?post=567"},{"taxonomy":"product_cat","embeddable":true,"href":"https:\/\/lecoin-pro.com\/electromenager\/wp-json\/wp\/v2\/product_cat?post=567"},{"taxonomy":"product_tag","embeddable":true,"href":"https:\/\/lecoin-pro.com\/electromenager\/wp-json\/wp\/v2\/product_tag?post=567"}],"curies":[{"name":"wp","href":"https:\/\/api.w.org\/{rel}","templated":true}]}}