{"id":7784,"date":"2024-12-19T00:45:00","date_gmt":"2024-12-19T00:45:00","guid":{"rendered":"https:\/\/distri-kahwa.ma\/leaderprice\/?post_type=product&#038;p=7784"},"modified":"2026-01-11T10:48:10","modified_gmt":"2026-01-11T10:48:10","slug":"spatule-a-crepe-en-bois","status":"publish","type":"product","link":"https:\/\/lecoin-pro.com\/electromenager\/produit\/spatule-a-crepe-en-bois\/","title":{"rendered":"Spatule \u00e0 Cr\u00eape en Bois"},"content":{"rendered":"","protected":false},"excerpt":{"rendered":"[display-posts id=\"10824\" include_content=\"true\" include_title=\"false\"]\n<p style=\"text-align: left; color: #bc0939;\"><strong>R\u00e9f\u00e9rence : 19374088<\/strong><\/p>\n<p><strong>Caract\u00e9ristique :<\/strong><\/p>\n<ul>\n<li style=\"list-style-type: none;\">\n<ul>Spatule \u00e0 cr\u00eape en bois<\/ul>\n<\/li>\n<\/ul>\n<p>Dimensions : \u22054,5 x 39 cm<\/p>\n[display-posts id=\"10831\" include_content=\"true\" include_title=\"false\"]\n","protected":false},"featured_media":7785,"comment_status":"closed","ping_status":"closed","template":"","meta":[],"product_brand":[],"product_cat":[186,46],"product_tag":[],"class_list":{"0":"post-7784","1":"product","2":"type-product","3":"status-publish","6":"product_cat-crepiere-professionnelle","7":"product_cat-materiel-de-cuisson","9":"first","10":"instock","11":"sale","12":"taxable","13":"shipping-taxable","14":"purchasable","15":"product-type-simple"},"yoast_head":"<!-- This site is optimized with the Yoast SEO plugin v27.4 - https:\/\/yoast.com\/product\/yoast-seo-wordpress\/ -->\n<title>Spatule \u00e0 Cr\u00eape en Bois - Equipement Professionnel<\/title>\n<meta name=\"description\" content=\"Spatule \u00e0 cr\u00eape: Indispensable pour votre cr\u00eapi\u00e8re, cette spatule en bois est parfaite pour \u00e9taler la p\u00e2te et retourner vos cr\u00eapes facilement. Un outil pro pour des cr\u00eapes r\u00e9ussies!\" \/>\n<meta name=\"robots\" content=\"index, follow, max-snippet:-1, max-image-preview:large, max-video-preview:-1\" \/>\n<link rel=\"canonical\" href=\"https:\/\/lecoin-pro.com\/electromenager\/produit\/spatule-a-crepe-en-bois\/\" \/>\n<meta property=\"og:locale\" content=\"fr_FR\" \/>\n<meta property=\"og:type\" content=\"article\" \/>\n<meta property=\"og:title\" content=\"Spatule \u00e0 Cr\u00eape en Bois - Equipement Professionnel\" \/>\n<meta property=\"og:description\" content=\"Spatule \u00e0 cr\u00eape: Indispensable pour votre cr\u00eapi\u00e8re, cette spatule en bois est parfaite pour \u00e9taler la p\u00e2te et retourner vos cr\u00eapes facilement. Un outil pro pour des cr\u00eapes r\u00e9ussies!\" \/>\n<meta property=\"og:url\" content=\"https:\/\/lecoin-pro.com\/electromenager\/produit\/spatule-a-crepe-en-bois\/\" \/>\n<meta property=\"og:site_name\" content=\"Equipement Professionnel\" \/>\n<meta property=\"article:modified_time\" content=\"2026-01-11T10:48:10+00:00\" \/>\n<meta property=\"og:image\" content=\"https:\/\/lecoin-pro.com\/electromenager\/wp-content\/uploads\/Spatule-en-bois-1.jpg\" \/>\n\t<meta property=\"og:image:width\" content=\"700\" \/>\n\t<meta property=\"og:image:height\" content=\"700\" \/>\n\t<meta property=\"og:image:type\" content=\"image\/jpeg\" \/>\n<meta name=\"twitter:card\" content=\"summary_large_image\" \/>\n<meta name=\"twitter:label1\" content=\"Dur\u00e9e de lecture estim\u00e9e\" \/>\n\t<meta name=\"twitter:data1\" content=\"1 minute\" \/>\n<script type=\"application\/ld+json\" class=\"yoast-schema-graph\">{\"@context\":\"https:\\\/\\\/schema.org\",\"@graph\":[{\"@type\":\"WebPage\",\"@id\":\"https:\\\/\\\/lecoin-pro.com\\\/electromenager\\\/produit\\\/spatule-a-crepe-en-bois\\\/\",\"url\":\"https:\\\/\\\/lecoin-pro.com\\\/electromenager\\\/produit\\\/spatule-a-crepe-en-bois\\\/\",\"name\":\"Spatule \u00e0 Cr\u00eape en Bois - Equipement Professionnel\",\"isPartOf\":{\"@id\":\"https:\\\/\\\/lecoin-pro.com\\\/electromenager\\\/#website\"},\"primaryImageOfPage\":{\"@id\":\"https:\\\/\\\/lecoin-pro.com\\\/electromenager\\\/produit\\\/spatule-a-crepe-en-bois\\\/#primaryimage\"},\"image\":{\"@id\":\"https:\\\/\\\/lecoin-pro.com\\\/electromenager\\\/produit\\\/spatule-a-crepe-en-bois\\\/#primaryimage\"},\"thumbnailUrl\":\"https:\\\/\\\/lecoin-pro.com\\\/electromenager\\\/wp-content\\\/uploads\\\/Spatule-en-bois-1.jpg\",\"datePublished\":\"2024-12-19T00:45:00+00:00\",\"dateModified\":\"2026-01-11T10:48:10+00:00\",\"description\":\"Spatule \u00e0 cr\u00eape: Indispensable pour votre cr\u00eapi\u00e8re, cette spatule en bois est parfaite pour \u00e9taler la p\u00e2te et retourner vos cr\u00eapes facilement. Un outil pro pour des cr\u00eapes r\u00e9ussies!\",\"breadcrumb\":{\"@id\":\"https:\\\/\\\/lecoin-pro.com\\\/electromenager\\\/produit\\\/spatule-a-crepe-en-bois\\\/#breadcrumb\"},\"inLanguage\":\"fr-FR\",\"potentialAction\":[{\"@type\":\"ReadAction\",\"target\":[\"https:\\\/\\\/lecoin-pro.com\\\/electromenager\\\/produit\\\/spatule-a-crepe-en-bois\\\/\"]}]},{\"@type\":\"ImageObject\",\"inLanguage\":\"fr-FR\",\"@id\":\"https:\\\/\\\/lecoin-pro.com\\\/electromenager\\\/produit\\\/spatule-a-crepe-en-bois\\\/#primaryimage\",\"url\":\"https:\\\/\\\/lecoin-pro.com\\\/electromenager\\\/wp-content\\\/uploads\\\/Spatule-en-bois-1.jpg\",\"contentUrl\":\"https:\\\/\\\/lecoin-pro.com\\\/electromenager\\\/wp-content\\\/uploads\\\/Spatule-en-bois-1.jpg\",\"width\":700,\"height\":700},{\"@type\":\"BreadcrumbList\",\"@id\":\"https:\\\/\\\/lecoin-pro.com\\\/electromenager\\\/produit\\\/spatule-a-crepe-en-bois\\\/#breadcrumb\",\"itemListElement\":[{\"@type\":\"ListItem\",\"position\":1,\"name\":\"Accueil\",\"item\":\"https:\\\/\\\/lecoin-pro.com\\\/electromenager\\\/\"},{\"@type\":\"ListItem\",\"position\":2,\"name\":\"Boutique\",\"item\":\"https:\\\/\\\/lecoin-pro.com\\\/electromenager\\\/boutique\\\/\"},{\"@type\":\"ListItem\",\"position\":3,\"name\":\"Mat\u00e9riel de Cuisson\",\"item\":\"https:\\\/\\\/lecoin-pro.com\\\/electromenager\\\/categorie\\\/materiel-de-cuisson\\\/\"},{\"@type\":\"ListItem\",\"position\":4,\"name\":\"Spatule \u00e0 Cr\u00eape en Bois\"}]},{\"@type\":\"WebSite\",\"@id\":\"https:\\\/\\\/lecoin-pro.com\\\/electromenager\\\/#website\",\"url\":\"https:\\\/\\\/lecoin-pro.com\\\/electromenager\\\/\",\"name\":\"Equipement Professionnel\",\"description\":\"\ud83d\udcde  09.72.21.50.44\",\"publisher\":{\"@id\":\"https:\\\/\\\/lecoin-pro.com\\\/electromenager\\\/#organization\"},\"potentialAction\":[{\"@type\":\"SearchAction\",\"target\":{\"@type\":\"EntryPoint\",\"urlTemplate\":\"https:\\\/\\\/lecoin-pro.com\\\/electromenager\\\/?s={search_term_string}\"},\"query-input\":{\"@type\":\"PropertyValueSpecification\",\"valueRequired\":true,\"valueName\":\"search_term_string\"}}],\"inLanguage\":\"fr-FR\"},{\"@type\":\"Organization\",\"@id\":\"https:\\\/\\\/lecoin-pro.com\\\/electromenager\\\/#organization\",\"name\":\"Equipement Professionnel\",\"url\":\"https:\\\/\\\/lecoin-pro.com\\\/electromenager\\\/\",\"logo\":{\"@type\":\"ImageObject\",\"inLanguage\":\"fr-FR\",\"@id\":\"https:\\\/\\\/lecoin-pro.com\\\/electromenager\\\/#\\\/schema\\\/logo\\\/image\\\/\",\"url\":\"https:\\\/\\\/lecoin-pro.com\\\/electromenager\\\/wp-content\\\/uploads\\\/cropped-LOGO-1.png\",\"contentUrl\":\"https:\\\/\\\/lecoin-pro.com\\\/electromenager\\\/wp-content\\\/uploads\\\/cropped-LOGO-1.png\",\"width\":\"760\",\"height\":\"184\",\"caption\":\"Equipement Professionnel\"},\"image\":{\"@id\":\"https:\\\/\\\/lecoin-pro.com\\\/electromenager\\\/#\\\/schema\\\/logo\\\/image\\\/\"}}]}<\/script>\n<!-- \/ Yoast SEO plugin. -->","yoast_head_json":{"title":"Spatule \u00e0 Cr\u00eape en Bois - Equipement Professionnel","description":"Spatule \u00e0 cr\u00eape: Indispensable pour votre cr\u00eapi\u00e8re, cette spatule en bois est parfaite pour \u00e9taler la p\u00e2te et retourner vos cr\u00eapes facilement. Un outil pro pour des cr\u00eapes r\u00e9ussies!","robots":{"index":"index","follow":"follow","max-snippet":"max-snippet:-1","max-image-preview":"max-image-preview:large","max-video-preview":"max-video-preview:-1"},"canonical":"https:\/\/lecoin-pro.com\/electromenager\/produit\/spatule-a-crepe-en-bois\/","og_locale":"fr_FR","og_type":"article","og_title":"Spatule \u00e0 Cr\u00eape en Bois - Equipement Professionnel","og_description":"Spatule \u00e0 cr\u00eape: Indispensable pour votre cr\u00eapi\u00e8re, cette spatule en bois est parfaite pour \u00e9taler la p\u00e2te et retourner vos cr\u00eapes facilement. Un outil pro pour des cr\u00eapes r\u00e9ussies!","og_url":"https:\/\/lecoin-pro.com\/electromenager\/produit\/spatule-a-crepe-en-bois\/","og_site_name":"Equipement Professionnel","article_modified_time":"2026-01-11T10:48:10+00:00","og_image":[{"width":700,"height":700,"url":"https:\/\/lecoin-pro.com\/electromenager\/wp-content\/uploads\/Spatule-en-bois-1.jpg","type":"image\/jpeg"}],"twitter_card":"summary_large_image","twitter_misc":{"Dur\u00e9e de lecture estim\u00e9e":"1 minute"},"schema":{"@context":"https:\/\/schema.org","@graph":[{"@type":"WebPage","@id":"https:\/\/lecoin-pro.com\/electromenager\/produit\/spatule-a-crepe-en-bois\/","url":"https:\/\/lecoin-pro.com\/electromenager\/produit\/spatule-a-crepe-en-bois\/","name":"Spatule \u00e0 Cr\u00eape en Bois - Equipement Professionnel","isPartOf":{"@id":"https:\/\/lecoin-pro.com\/electromenager\/#website"},"primaryImageOfPage":{"@id":"https:\/\/lecoin-pro.com\/electromenager\/produit\/spatule-a-crepe-en-bois\/#primaryimage"},"image":{"@id":"https:\/\/lecoin-pro.com\/electromenager\/produit\/spatule-a-crepe-en-bois\/#primaryimage"},"thumbnailUrl":"https:\/\/lecoin-pro.com\/electromenager\/wp-content\/uploads\/Spatule-en-bois-1.jpg","datePublished":"2024-12-19T00:45:00+00:00","dateModified":"2026-01-11T10:48:10+00:00","description":"Spatule \u00e0 cr\u00eape: Indispensable pour votre cr\u00eapi\u00e8re, cette spatule en bois est parfaite pour \u00e9taler la p\u00e2te et retourner vos cr\u00eapes facilement. Un outil pro pour des cr\u00eapes r\u00e9ussies!","breadcrumb":{"@id":"https:\/\/lecoin-pro.com\/electromenager\/produit\/spatule-a-crepe-en-bois\/#breadcrumb"},"inLanguage":"fr-FR","potentialAction":[{"@type":"ReadAction","target":["https:\/\/lecoin-pro.com\/electromenager\/produit\/spatule-a-crepe-en-bois\/"]}]},{"@type":"ImageObject","inLanguage":"fr-FR","@id":"https:\/\/lecoin-pro.com\/electromenager\/produit\/spatule-a-crepe-en-bois\/#primaryimage","url":"https:\/\/lecoin-pro.com\/electromenager\/wp-content\/uploads\/Spatule-en-bois-1.jpg","contentUrl":"https:\/\/lecoin-pro.com\/electromenager\/wp-content\/uploads\/Spatule-en-bois-1.jpg","width":700,"height":700},{"@type":"BreadcrumbList","@id":"https:\/\/lecoin-pro.com\/electromenager\/produit\/spatule-a-crepe-en-bois\/#breadcrumb","itemListElement":[{"@type":"ListItem","position":1,"name":"Accueil","item":"https:\/\/lecoin-pro.com\/electromenager\/"},{"@type":"ListItem","position":2,"name":"Boutique","item":"https:\/\/lecoin-pro.com\/electromenager\/boutique\/"},{"@type":"ListItem","position":3,"name":"Mat\u00e9riel de Cuisson","item":"https:\/\/lecoin-pro.com\/electromenager\/categorie\/materiel-de-cuisson\/"},{"@type":"ListItem","position":4,"name":"Spatule \u00e0 Cr\u00eape en Bois"}]},{"@type":"WebSite","@id":"https:\/\/lecoin-pro.com\/electromenager\/#website","url":"https:\/\/lecoin-pro.com\/electromenager\/","name":"Equipement Professionnel","description":"\ud83d\udcde  09.72.21.50.44","publisher":{"@id":"https:\/\/lecoin-pro.com\/electromenager\/#organization"},"potentialAction":[{"@type":"SearchAction","target":{"@type":"EntryPoint","urlTemplate":"https:\/\/lecoin-pro.com\/electromenager\/?s={search_term_string}"},"query-input":{"@type":"PropertyValueSpecification","valueRequired":true,"valueName":"search_term_string"}}],"inLanguage":"fr-FR"},{"@type":"Organization","@id":"https:\/\/lecoin-pro.com\/electromenager\/#organization","name":"Equipement Professionnel","url":"https:\/\/lecoin-pro.com\/electromenager\/","logo":{"@type":"ImageObject","inLanguage":"fr-FR","@id":"https:\/\/lecoin-pro.com\/electromenager\/#\/schema\/logo\/image\/","url":"https:\/\/lecoin-pro.com\/electromenager\/wp-content\/uploads\/cropped-LOGO-1.png","contentUrl":"https:\/\/lecoin-pro.com\/electromenager\/wp-content\/uploads\/cropped-LOGO-1.png","width":"760","height":"184","caption":"Equipement Professionnel"},"image":{"@id":"https:\/\/lecoin-pro.com\/electromenager\/#\/schema\/logo\/image\/"}}]}},"_links":{"self":[{"href":"https:\/\/lecoin-pro.com\/electromenager\/wp-json\/wp\/v2\/product\/7784","targetHints":{"allow":["GET"]}}],"collection":[{"href":"https:\/\/lecoin-pro.com\/electromenager\/wp-json\/wp\/v2\/product"}],"about":[{"href":"https:\/\/lecoin-pro.com\/electromenager\/wp-json\/wp\/v2\/types\/product"}],"replies":[{"embeddable":true,"href":"https:\/\/lecoin-pro.com\/electromenager\/wp-json\/wp\/v2\/comments?post=7784"}],"wp:featuredmedia":[{"embeddable":true,"href":"https:\/\/lecoin-pro.com\/electromenager\/wp-json\/wp\/v2\/media\/7785"}],"wp:attachment":[{"href":"https:\/\/lecoin-pro.com\/electromenager\/wp-json\/wp\/v2\/media?parent=7784"}],"wp:term":[{"taxonomy":"product_brand","embeddable":true,"href":"https:\/\/lecoin-pro.com\/electromenager\/wp-json\/wp\/v2\/product_brand?post=7784"},{"taxonomy":"product_cat","embeddable":true,"href":"https:\/\/lecoin-pro.com\/electromenager\/wp-json\/wp\/v2\/product_cat?post=7784"},{"taxonomy":"product_tag","embeddable":true,"href":"https:\/\/lecoin-pro.com\/electromenager\/wp-json\/wp\/v2\/product_tag?post=7784"}],"curies":[{"name":"wp","href":"https:\/\/api.w.org\/{rel}","templated":true}]}}