{"id":7797,"date":"2024-12-19T00:51:32","date_gmt":"2024-12-19T00:51:32","guid":{"rendered":"https:\/\/distri-kahwa.ma\/leaderprice\/?post_type=product&#038;p=7797"},"modified":"2026-01-11T10:57:20","modified_gmt":"2026-01-11T10:57:20","slug":"distributeur-de-pate-16-l-en-acier-inoxydable-avec-bouton-de-dosage","status":"publish","type":"product","link":"https:\/\/lecoin-pro.com\/electromenager\/produit\/distributeur-de-pate-16-l-en-acier-inoxydable-avec-bouton-de-dosage\/","title":{"rendered":"Distributeur de p\u00e2te 1,6 L en acier inoxydable avec bouton de dosage"},"content":{"rendered":"<div class=\"display-posts-native\"><div class=\"display-post-content\"><\/div><\/div>\n<h2 style=\"text-align: center;\"><strong> L&rsquo;Art de Verser la P\u00e2te Sans Souci<\/strong><\/h2>\n<div class=\"row-d\">\n<div class=\"column size-1\/2\">\n<p style=\"text-align: justify;\">Le distributeur de p\u00e2te Deluxe en acier inoxydable r\u00e9volutionne votre exp\u00e9rience en cuisine. Fini les coulures et le gaspillage ! Son syst\u00e8me de dosage intuitif vous offre une ma\u00eetrise totale sur la quantit\u00e9 de p\u00e2te \u00e0 r\u00e9partir dans vos moules. Outre sa praticit\u00e9, il garantit une manipulation hygi\u00e9nique des ingr\u00e9dients. L&rsquo;acier inoxydable, mat\u00e9riau de qualit\u00e9, facilite \u00e9galement son entretien.<\/p>\n<\/div>\n<div class=\"column size-1\/2\">\n<div class=\"display-posts-native\"><div class=\"display-post-content\"><\/div><\/div>\n<\/div>\n<\/div>\n<div class=\"display-posts-native\"><div class=\"display-post-content\"><\/div><\/div>\n","protected":false},"excerpt":{"rendered":"[display-posts id=\"10824\" include_content=\"true\" include_title=\"false\"]\n<p style=\"text-align: left; color: #bc0939;\"><strong>R\u00e9f\u00e9rence : 19374161<\/strong><\/p>\n<p><strong>Caract\u00e9ristique :<\/strong><\/p>\n<ul>\n<li>Finition robuste et solide<\/li>\n<li>\u00c9quip\u00e9 d&rsquo;un bouton de dose<\/li>\n<li>Comprend un tr\u00e9pied pour lancer la p\u00e2te<\/li>\n<li>Construction tr\u00e8s durable<\/li>\n<li>Conception hygi\u00e9nique<\/li>\n<\/ul>\n[display-posts id=\"10827\" include_content=\"true\" include_title=\"false\"]\n<p><strong>Caract\u00e9ristique du produit<\/strong><\/p>\n<ul>\n<li>Poids net: 0,8 kg<\/li>\n<li>Dimensions du bec: 3\/6\/8 mm<\/li>\n<li>Quantit\u00e9 de p\u00e2te: 1,6 litre<\/li>\n<li>Dimensions de l&rsquo;appareil: L24 x P24,5 x H20 cm<\/li>\n<\/ul>\n[display-posts id=\"10831\" include_content=\"true\" include_title=\"false\"]\n","protected":false},"featured_media":7800,"comment_status":"closed","ping_status":"closed","template":"","meta":[],"product_brand":[],"product_cat":[260,186,51,46,243],"product_tag":[],"class_list":{"0":"post-7797","1":"product","2":"type-product","3":"status-publish","6":"product_cat-accessoire","7":"product_cat-crepiere-professionnelle","8":"product_cat-gaufrier","9":"product_cat-materiel-de-cuisson","10":"product_cat-pancakes","12":"first","13":"instock","14":"sale","15":"taxable","16":"shipping-taxable","17":"purchasable","18":"product-type-simple"},"yoast_head":"<!-- This site is optimized with the Yoast SEO plugin v27.4 - https:\/\/yoast.com\/product\/yoast-seo-wordpress\/ -->\n<title>Distributeur de p\u00e2te 1,6 L en acier inoxydable avec bouton de dosage - Equipement Professionnel<\/title>\n<meta name=\"description\" content=\"Distributeur de p\u00e2te : D\u00e9couvrez notre distributeur professionnel en acier inoxydable de 1.6L avec bouton de dosage pr\u00e9cis. Id\u00e9al pour une utilisation durable et hygi\u00e9nique.\" \/>\n<meta name=\"robots\" content=\"index, follow, max-snippet:-1, max-image-preview:large, max-video-preview:-1\" \/>\n<link rel=\"canonical\" href=\"https:\/\/lecoin-pro.com\/electromenager\/produit\/distributeur-de-pate-16-l-en-acier-inoxydable-avec-bouton-de-dosage\/\" \/>\n<meta property=\"og:locale\" content=\"fr_FR\" \/>\n<meta property=\"og:type\" content=\"article\" \/>\n<meta property=\"og:title\" content=\"Distributeur de p\u00e2te 1,6 L en acier inoxydable avec bouton de dosage - Equipement Professionnel\" \/>\n<meta property=\"og:description\" content=\"Distributeur de p\u00e2te : D\u00e9couvrez notre distributeur professionnel en acier inoxydable de 1.6L avec bouton de dosage pr\u00e9cis. Id\u00e9al pour une utilisation durable et hygi\u00e9nique.\" \/>\n<meta property=\"og:url\" content=\"https:\/\/lecoin-pro.com\/electromenager\/produit\/distributeur-de-pate-16-l-en-acier-inoxydable-avec-bouton-de-dosage\/\" \/>\n<meta property=\"og:site_name\" content=\"Equipement Professionnel\" \/>\n<meta property=\"article:modified_time\" content=\"2026-01-11T10:57:20+00:00\" \/>\n<meta property=\"og:image\" content=\"https:\/\/lecoin-pro.com\/electromenager\/wp-content\/uploads\/Dispensateur-de-pate-16-L-en-acier-inoxydable-avec-bouton-de-dosage-3.jpg\" \/>\n\t<meta property=\"og:image:width\" content=\"700\" \/>\n\t<meta property=\"og:image:height\" content=\"467\" \/>\n\t<meta property=\"og:image:type\" content=\"image\/jpeg\" \/>\n<meta name=\"twitter:card\" content=\"summary_large_image\" \/>\n<meta name=\"twitter:label1\" content=\"Dur\u00e9e de lecture estim\u00e9e\" \/>\n\t<meta name=\"twitter:data1\" content=\"1 minute\" \/>\n<script type=\"application\/ld+json\" class=\"yoast-schema-graph\">{\"@context\":\"https:\\\/\\\/schema.org\",\"@graph\":[{\"@type\":\"WebPage\",\"@id\":\"https:\\\/\\\/lecoin-pro.com\\\/electromenager\\\/produit\\\/distributeur-de-pate-16-l-en-acier-inoxydable-avec-bouton-de-dosage\\\/\",\"url\":\"https:\\\/\\\/lecoin-pro.com\\\/electromenager\\\/produit\\\/distributeur-de-pate-16-l-en-acier-inoxydable-avec-bouton-de-dosage\\\/\",\"name\":\"Distributeur de p\u00e2te 1,6 L en acier inoxydable avec bouton de dosage - Equipement Professionnel\",\"isPartOf\":{\"@id\":\"https:\\\/\\\/lecoin-pro.com\\\/electromenager\\\/#website\"},\"primaryImageOfPage\":{\"@id\":\"https:\\\/\\\/lecoin-pro.com\\\/electromenager\\\/produit\\\/distributeur-de-pate-16-l-en-acier-inoxydable-avec-bouton-de-dosage\\\/#primaryimage\"},\"image\":{\"@id\":\"https:\\\/\\\/lecoin-pro.com\\\/electromenager\\\/produit\\\/distributeur-de-pate-16-l-en-acier-inoxydable-avec-bouton-de-dosage\\\/#primaryimage\"},\"thumbnailUrl\":\"https:\\\/\\\/lecoin-pro.com\\\/electromenager\\\/wp-content\\\/uploads\\\/Dispensateur-de-pate-16-L-en-acier-inoxydable-avec-bouton-de-dosage-3.jpg\",\"datePublished\":\"2024-12-19T00:51:32+00:00\",\"dateModified\":\"2026-01-11T10:57:20+00:00\",\"description\":\"Distributeur de p\u00e2te : D\u00e9couvrez notre distributeur professionnel en acier inoxydable de 1.6L avec bouton de dosage pr\u00e9cis. Id\u00e9al pour une utilisation durable et hygi\u00e9nique.\",\"breadcrumb\":{\"@id\":\"https:\\\/\\\/lecoin-pro.com\\\/electromenager\\\/produit\\\/distributeur-de-pate-16-l-en-acier-inoxydable-avec-bouton-de-dosage\\\/#breadcrumb\"},\"inLanguage\":\"fr-FR\",\"potentialAction\":[{\"@type\":\"ReadAction\",\"target\":[\"https:\\\/\\\/lecoin-pro.com\\\/electromenager\\\/produit\\\/distributeur-de-pate-16-l-en-acier-inoxydable-avec-bouton-de-dosage\\\/\"]}]},{\"@type\":\"ImageObject\",\"inLanguage\":\"fr-FR\",\"@id\":\"https:\\\/\\\/lecoin-pro.com\\\/electromenager\\\/produit\\\/distributeur-de-pate-16-l-en-acier-inoxydable-avec-bouton-de-dosage\\\/#primaryimage\",\"url\":\"https:\\\/\\\/lecoin-pro.com\\\/electromenager\\\/wp-content\\\/uploads\\\/Dispensateur-de-pate-16-L-en-acier-inoxydable-avec-bouton-de-dosage-3.jpg\",\"contentUrl\":\"https:\\\/\\\/lecoin-pro.com\\\/electromenager\\\/wp-content\\\/uploads\\\/Dispensateur-de-pate-16-L-en-acier-inoxydable-avec-bouton-de-dosage-3.jpg\",\"width\":700,\"height\":467},{\"@type\":\"BreadcrumbList\",\"@id\":\"https:\\\/\\\/lecoin-pro.com\\\/electromenager\\\/produit\\\/distributeur-de-pate-16-l-en-acier-inoxydable-avec-bouton-de-dosage\\\/#breadcrumb\",\"itemListElement\":[{\"@type\":\"ListItem\",\"position\":1,\"name\":\"Accueil\",\"item\":\"https:\\\/\\\/lecoin-pro.com\\\/electromenager\\\/\"},{\"@type\":\"ListItem\",\"position\":2,\"name\":\"Boutique\",\"item\":\"https:\\\/\\\/lecoin-pro.com\\\/electromenager\\\/boutique\\\/\"},{\"@type\":\"ListItem\",\"position\":3,\"name\":\"Mat\u00e9riel de Cuisson\",\"item\":\"https:\\\/\\\/lecoin-pro.com\\\/electromenager\\\/categorie\\\/materiel-de-cuisson\\\/\"},{\"@type\":\"ListItem\",\"position\":4,\"name\":\"Distributeur de p\u00e2te 1,6 L en acier inoxydable avec bouton de dosage\"}]},{\"@type\":\"WebSite\",\"@id\":\"https:\\\/\\\/lecoin-pro.com\\\/electromenager\\\/#website\",\"url\":\"https:\\\/\\\/lecoin-pro.com\\\/electromenager\\\/\",\"name\":\"Equipement Professionnel\",\"description\":\"\ud83d\udcde  09.72.21.50.44\",\"publisher\":{\"@id\":\"https:\\\/\\\/lecoin-pro.com\\\/electromenager\\\/#organization\"},\"potentialAction\":[{\"@type\":\"SearchAction\",\"target\":{\"@type\":\"EntryPoint\",\"urlTemplate\":\"https:\\\/\\\/lecoin-pro.com\\\/electromenager\\\/?s={search_term_string}\"},\"query-input\":{\"@type\":\"PropertyValueSpecification\",\"valueRequired\":true,\"valueName\":\"search_term_string\"}}],\"inLanguage\":\"fr-FR\"},{\"@type\":\"Organization\",\"@id\":\"https:\\\/\\\/lecoin-pro.com\\\/electromenager\\\/#organization\",\"name\":\"Equipement Professionnel\",\"url\":\"https:\\\/\\\/lecoin-pro.com\\\/electromenager\\\/\",\"logo\":{\"@type\":\"ImageObject\",\"inLanguage\":\"fr-FR\",\"@id\":\"https:\\\/\\\/lecoin-pro.com\\\/electromenager\\\/#\\\/schema\\\/logo\\\/image\\\/\",\"url\":\"https:\\\/\\\/lecoin-pro.com\\\/electromenager\\\/wp-content\\\/uploads\\\/cropped-LOGO-1.png\",\"contentUrl\":\"https:\\\/\\\/lecoin-pro.com\\\/electromenager\\\/wp-content\\\/uploads\\\/cropped-LOGO-1.png\",\"width\":\"760\",\"height\":\"184\",\"caption\":\"Equipement Professionnel\"},\"image\":{\"@id\":\"https:\\\/\\\/lecoin-pro.com\\\/electromenager\\\/#\\\/schema\\\/logo\\\/image\\\/\"}}]}<\/script>\n<!-- \/ Yoast SEO plugin. -->","yoast_head_json":{"title":"Distributeur de p\u00e2te 1,6 L en acier inoxydable avec bouton de dosage - Equipement Professionnel","description":"Distributeur de p\u00e2te : D\u00e9couvrez notre distributeur professionnel en acier inoxydable de 1.6L avec bouton de dosage pr\u00e9cis. Id\u00e9al pour une utilisation durable et hygi\u00e9nique.","robots":{"index":"index","follow":"follow","max-snippet":"max-snippet:-1","max-image-preview":"max-image-preview:large","max-video-preview":"max-video-preview:-1"},"canonical":"https:\/\/lecoin-pro.com\/electromenager\/produit\/distributeur-de-pate-16-l-en-acier-inoxydable-avec-bouton-de-dosage\/","og_locale":"fr_FR","og_type":"article","og_title":"Distributeur de p\u00e2te 1,6 L en acier inoxydable avec bouton de dosage - Equipement Professionnel","og_description":"Distributeur de p\u00e2te : D\u00e9couvrez notre distributeur professionnel en acier inoxydable de 1.6L avec bouton de dosage pr\u00e9cis. Id\u00e9al pour une utilisation durable et hygi\u00e9nique.","og_url":"https:\/\/lecoin-pro.com\/electromenager\/produit\/distributeur-de-pate-16-l-en-acier-inoxydable-avec-bouton-de-dosage\/","og_site_name":"Equipement Professionnel","article_modified_time":"2026-01-11T10:57:20+00:00","og_image":[{"width":700,"height":467,"url":"https:\/\/lecoin-pro.com\/electromenager\/wp-content\/uploads\/Dispensateur-de-pate-16-L-en-acier-inoxydable-avec-bouton-de-dosage-3.jpg","type":"image\/jpeg"}],"twitter_card":"summary_large_image","twitter_misc":{"Dur\u00e9e de lecture estim\u00e9e":"1 minute"},"schema":{"@context":"https:\/\/schema.org","@graph":[{"@type":"WebPage","@id":"https:\/\/lecoin-pro.com\/electromenager\/produit\/distributeur-de-pate-16-l-en-acier-inoxydable-avec-bouton-de-dosage\/","url":"https:\/\/lecoin-pro.com\/electromenager\/produit\/distributeur-de-pate-16-l-en-acier-inoxydable-avec-bouton-de-dosage\/","name":"Distributeur de p\u00e2te 1,6 L en acier inoxydable avec bouton de dosage - Equipement Professionnel","isPartOf":{"@id":"https:\/\/lecoin-pro.com\/electromenager\/#website"},"primaryImageOfPage":{"@id":"https:\/\/lecoin-pro.com\/electromenager\/produit\/distributeur-de-pate-16-l-en-acier-inoxydable-avec-bouton-de-dosage\/#primaryimage"},"image":{"@id":"https:\/\/lecoin-pro.com\/electromenager\/produit\/distributeur-de-pate-16-l-en-acier-inoxydable-avec-bouton-de-dosage\/#primaryimage"},"thumbnailUrl":"https:\/\/lecoin-pro.com\/electromenager\/wp-content\/uploads\/Dispensateur-de-pate-16-L-en-acier-inoxydable-avec-bouton-de-dosage-3.jpg","datePublished":"2024-12-19T00:51:32+00:00","dateModified":"2026-01-11T10:57:20+00:00","description":"Distributeur de p\u00e2te : D\u00e9couvrez notre distributeur professionnel en acier inoxydable de 1.6L avec bouton de dosage pr\u00e9cis. Id\u00e9al pour une utilisation durable et hygi\u00e9nique.","breadcrumb":{"@id":"https:\/\/lecoin-pro.com\/electromenager\/produit\/distributeur-de-pate-16-l-en-acier-inoxydable-avec-bouton-de-dosage\/#breadcrumb"},"inLanguage":"fr-FR","potentialAction":[{"@type":"ReadAction","target":["https:\/\/lecoin-pro.com\/electromenager\/produit\/distributeur-de-pate-16-l-en-acier-inoxydable-avec-bouton-de-dosage\/"]}]},{"@type":"ImageObject","inLanguage":"fr-FR","@id":"https:\/\/lecoin-pro.com\/electromenager\/produit\/distributeur-de-pate-16-l-en-acier-inoxydable-avec-bouton-de-dosage\/#primaryimage","url":"https:\/\/lecoin-pro.com\/electromenager\/wp-content\/uploads\/Dispensateur-de-pate-16-L-en-acier-inoxydable-avec-bouton-de-dosage-3.jpg","contentUrl":"https:\/\/lecoin-pro.com\/electromenager\/wp-content\/uploads\/Dispensateur-de-pate-16-L-en-acier-inoxydable-avec-bouton-de-dosage-3.jpg","width":700,"height":467},{"@type":"BreadcrumbList","@id":"https:\/\/lecoin-pro.com\/electromenager\/produit\/distributeur-de-pate-16-l-en-acier-inoxydable-avec-bouton-de-dosage\/#breadcrumb","itemListElement":[{"@type":"ListItem","position":1,"name":"Accueil","item":"https:\/\/lecoin-pro.com\/electromenager\/"},{"@type":"ListItem","position":2,"name":"Boutique","item":"https:\/\/lecoin-pro.com\/electromenager\/boutique\/"},{"@type":"ListItem","position":3,"name":"Mat\u00e9riel de Cuisson","item":"https:\/\/lecoin-pro.com\/electromenager\/categorie\/materiel-de-cuisson\/"},{"@type":"ListItem","position":4,"name":"Distributeur de p\u00e2te 1,6 L en acier inoxydable avec bouton de dosage"}]},{"@type":"WebSite","@id":"https:\/\/lecoin-pro.com\/electromenager\/#website","url":"https:\/\/lecoin-pro.com\/electromenager\/","name":"Equipement Professionnel","description":"\ud83d\udcde  09.72.21.50.44","publisher":{"@id":"https:\/\/lecoin-pro.com\/electromenager\/#organization"},"potentialAction":[{"@type":"SearchAction","target":{"@type":"EntryPoint","urlTemplate":"https:\/\/lecoin-pro.com\/electromenager\/?s={search_term_string}"},"query-input":{"@type":"PropertyValueSpecification","valueRequired":true,"valueName":"search_term_string"}}],"inLanguage":"fr-FR"},{"@type":"Organization","@id":"https:\/\/lecoin-pro.com\/electromenager\/#organization","name":"Equipement Professionnel","url":"https:\/\/lecoin-pro.com\/electromenager\/","logo":{"@type":"ImageObject","inLanguage":"fr-FR","@id":"https:\/\/lecoin-pro.com\/electromenager\/#\/schema\/logo\/image\/","url":"https:\/\/lecoin-pro.com\/electromenager\/wp-content\/uploads\/cropped-LOGO-1.png","contentUrl":"https:\/\/lecoin-pro.com\/electromenager\/wp-content\/uploads\/cropped-LOGO-1.png","width":"760","height":"184","caption":"Equipement Professionnel"},"image":{"@id":"https:\/\/lecoin-pro.com\/electromenager\/#\/schema\/logo\/image\/"}}]}},"_links":{"self":[{"href":"https:\/\/lecoin-pro.com\/electromenager\/wp-json\/wp\/v2\/product\/7797","targetHints":{"allow":["GET"]}}],"collection":[{"href":"https:\/\/lecoin-pro.com\/electromenager\/wp-json\/wp\/v2\/product"}],"about":[{"href":"https:\/\/lecoin-pro.com\/electromenager\/wp-json\/wp\/v2\/types\/product"}],"replies":[{"embeddable":true,"href":"https:\/\/lecoin-pro.com\/electromenager\/wp-json\/wp\/v2\/comments?post=7797"}],"wp:featuredmedia":[{"embeddable":true,"href":"https:\/\/lecoin-pro.com\/electromenager\/wp-json\/wp\/v2\/media\/7800"}],"wp:attachment":[{"href":"https:\/\/lecoin-pro.com\/electromenager\/wp-json\/wp\/v2\/media?parent=7797"}],"wp:term":[{"taxonomy":"product_brand","embeddable":true,"href":"https:\/\/lecoin-pro.com\/electromenager\/wp-json\/wp\/v2\/product_brand?post=7797"},{"taxonomy":"product_cat","embeddable":true,"href":"https:\/\/lecoin-pro.com\/electromenager\/wp-json\/wp\/v2\/product_cat?post=7797"},{"taxonomy":"product_tag","embeddable":true,"href":"https:\/\/lecoin-pro.com\/electromenager\/wp-json\/wp\/v2\/product_tag?post=7797"}],"curies":[{"name":"wp","href":"https:\/\/api.w.org\/{rel}","templated":true}]}}