{"id":85,"date":"2020-05-30T14:25:46","date_gmt":"2020-05-30T14:25:46","guid":{"rendered":"https:\/\/lecoin-pro.com\/electromenager\/?post_type=product&#038;p=85"},"modified":"2026-01-06T18:47:26","modified_gmt":"2026-01-06T18:47:26","slug":"chariot-presse-orange-inox","status":"publish","type":"product","link":"https:\/\/lecoin-pro.com\/electromenager\/produit\/chariot-presse-orange-inox\/","title":{"rendered":"Chariot Presse Orange Inox"},"content":{"rendered":"<div class=\"display-posts-native\"><div class=\"display-post-content\"><\/div><\/div>\n<h2 style=\"text-align: center;\"><strong>Chariot pour presse-orange: mobilit\u00e9 et praticit\u00e9 pour un nettoyage simplifi\u00e9<\/strong><\/h2>\n<div class=\"row-d\">\n<div class=\"column size-1\/2\">\n<p style=\"text-align: justify;\">Simplifiez le d\u00e9placement et le nettoyage de vos presse-orange automatique gr\u00e2ce \u00e0 ce chariot en acier inoxydable. Sa conception \u00e0 roulettes permet de d\u00e9placer facilement ces appareils lourds, ce qui facilite l&rsquo;entretien en cuisine.<\/p>\n<\/div>\n<div class=\"column size-1\/2\">\n<div class=\"display-posts-native\"><div class=\"display-post-content\"><\/div><\/div>\n<\/div>\n<\/div>\n<div class=\"display-posts-native\"><div class=\"display-post-content\"><\/div><\/div>\n<h2 style=\"text-align: center;\"><strong>Chariot pour presse-agrumes : un mod\u00e8le de durabilit\u00e9 et de s\u00e9curit\u00e9 pour un service \u00e9co-responsable et fiable<\/strong><\/h2>\n<div class=\"row-r\">\n<div class=\"column size-1\/2\"><div class=\"display-posts-native\"><div class=\"display-post-content\"><\/div><\/div><\/div>\n<div class=\"column size-1\/2\">\n<p style=\"text-align: justify;\">Ce chariot en acier inoxydable combine durabilit\u00e9, propret\u00e9 et s\u00e9curit\u00e9. Il est \u00e9quip\u00e9 d&rsquo;un espace pour un seau \u00e0 d\u00e9chets (non inclus) pour une gestion efficace des pelures d&rsquo;orange, et de freins sur deux roues pour une stabilit\u00e9 optimale.<\/p>\n<\/div>\n<\/div>\n<div class=\"display-posts-native\"><div class=\"display-post-content\"><\/div><\/div>\n<h2 style=\"text-align: center;\"><strong>Chariot pour presse-agrumes : une hygi\u00e8ne optimale gr\u00e2ce \u00e0 un nettoyage simplifi\u00e9<\/strong><\/h2>\n<div class=\"row-d\">\n<div class=\"column size-1\/2\">\n<p style=\"text-align: justify;\">L&rsquo;acier inoxydable du bo\u00eetier, du r\u00e9ceptacle et des accessoires garantit un nettoyage simple et hygi\u00e9nique. Un chiffon humide et un d\u00e9tergent doux suffisent. Le seau amovible facilite l&rsquo;\u00e9vacuation des d\u00e9chets.<\/p>\n<\/div>\n<div class=\"column size-1\/2\">\n<div class=\"display-posts-native\"><div class=\"display-post-content\"><\/div><\/div>\n<\/div>\n<\/div>\n<div class=\"display-posts-native\"><div class=\"display-post-content\"><p style=\"text-align: center;\"><strong> N&rsquo;h\u00e9sitez pas \u00e0 consulter<a title=\"Notre Catalogue\" href=\"https:\/\/lecoin-pro.com\/electromenager\/\"><em> notre catalogue <\/em><\/a> pour plus d&rsquo;informations<\/strong><\/p>\n<div class=\"su-row\"><div class=\"su-column \" size=\"1\/4\"><div class=\"su-box\" style=\"\"><div class=\"su-box-title\" style=\"\">Boulangerie <\/br>P\u00e2tisserie<\/div><div class=\"su-box-body\"><\/p>\n<p style=\"text-align: center;\"><a href=\"https:\/\/lecoin-pro.com\/electromenager\/materiel-professionnel-boulangerie-patisserie\/\" target=\"_blank\" rel=\"noopener noreferrer\"><img decoding=\"async\" class=\"size-medium\" style=\"display: block; margin: 0 auto; border-radius: 25px;\" src=\"https:\/\/lecoin-pro.com\/electromenager\/wp-content\/uploads\/boulangerie-patisserie.jpg\" \/><\/a><br \/>\n<a href=\"https:\/\/lecoin-pro.com\/electromenager\/materiel-professionnel-boulangerie-patisserie\/\" target=\"_blank\" rel=\"noopener noreferrer\"><button class=\"btn1\">D\u00e9couvrir<\/button> <\/a><\/p>\n<p><\/div><\/div><\/div><\/p>\n<p><div class=\"su-column \" size=\"1\/4\"><div class=\"su-box\" style=\"\"><div class=\"su-box-title\" style=\"\">H\u00f4tel <\/br>Restaurant<\/div><div class=\"su-box-body\"><\/p>\n<p style=\"text-align: center;\"><a href=\"https:\/\/lecoin-pro.com\/electromenager\/materiel-professionnel-chr-hotel-restaurant-cuisine\/\" target=\"_blank\" rel=\"noopener noreferrer\"><img decoding=\"async\" class=\"size-medium\" style=\"display: block; margin: 0 auto; border-radius: 25px;\" src=\"https:\/\/lecoin-pro.com\/electromenager\/wp-content\/uploads\/gastronomie.jpg\" \/><\/a><br \/>\n<a href=\"https:\/\/lecoin-pro.com\/electromenager\/materiel-professionnel-chr-hotel-restaurant-cuisine\/\" target=\"_blank\" rel=\"noopener noreferrer\"><button class=\"btn1\">D\u00e9couvrir<\/button<\/a><\/p>\n<p><\/div><\/div><\/div><\/p>\n<p><div class=\"su-column \" size=\"1\/4\"><div class=\"su-box\" style=\"\"><div class=\"su-box-title\" style=\"\">Restauration <\/br> Rapide<\/div><div class=\"su-box-body\"><\/p>\n<p style=\"text-align: center;\"><a title=\"Machine \u00e0 Caf\u00e9 Automatique equipement professionnel h\u00f4tel restaurant cuisine\" href=\"https:\/\/lecoin-pro.com\/electromenager\/materiel-professionnel-restauration-rapide\/\" target=\"_blank\" rel=\"noopener noreferrer\"><img decoding=\"async\" class=\"size-medium\" style=\"display: block; margin: 0 auto; border-radius: 25px;\" src=\"https:\/\/lecoin-pro.com\/electromenager\/wp-content\/uploads\/restauration-rapide.jpg\" alt=\"Boucherie Charcuterie equipement professionnel h\u00f4tel restaurant cuisine\" \/><\/a><br \/>\n<a href=\"https:\/\/lecoin-pro.com\/electromenager\/materiel-professionnel-restauration-rapide\/\" target=\"_blank\" rel=\"noopener noreferrer\"><button class=\"btn1\">D\u00e9couvrir<\/button> <\/a><\/p>\n<p><\/div><\/div><\/div><\/p>\n<p><div class=\"su-column \" size=\"1\/4\"><div class=\"su-box\" style=\"\"><div class=\"su-box-title\" style=\"\">Boucherie <\/br> Charcuterie <\/div><div class=\"su-box-body\"><a title=\"Boucherie Charcuterie equipement professionnel h\u00f4tel restaurant cuisine\" href=\"https:\/\/lecoin-pro.com\/electromenager\/materiel-boucherie-professionnel\/\" target=\"_blank\" rel=\"noopener noreferrer\"><img decoding=\"async\" class=\"size-medium\" style=\"display: block; margin: 0 auto; border-radius: 25px;\" src=\"https:\/\/lecoin-pro.com\/electromenager\/wp-content\/uploads\/boucherie-charcuterie.jpg\" alt=\"Boucherie Charcuterie equipement professionnel h\u00f4tel restaurant cuisine\" \/><\/a><br \/>\n<a href=\"https:\/\/lecoin-pro.com\/electromenager\/materiel-boucherie-professionnel\/\" target=\"_blank\" rel=\"noopener noreferrer\"><button class=\"btn1\">D\u00e9couvrir<\/button> <\/a><\/p>\n<p><\/div><\/div><\/div><\/p>\n<p><\/div>\n<div class=\"su-row\"><div class=\"su-column \" size=\"1\/4\"><div class=\"su-box\" style=\"\"><div class=\"su-box-title\" style=\"\">Pizzeria<\/div><div class=\"su-box-body\"><\/p>\n<p style=\"text-align: center;\"><a href=\"https:\/\/lecoin-pro.com\/electromenager\/materiel-pizzeria-professionnel-four-pizza\/\" target=\"_blank\" rel=\"noopener noreferrer\"><img loading=\"lazy\" decoding=\"async\" class=\"size-medium\" style=\"display: block; margin: 0 auto; border-radius: 25px;\" src=\"https:\/\/lecoin-pro.com\/electromenager\/wp-content\/uploads\/pizzeria.jpg\" width=\"440\" height=\"440\" \/><\/a><br \/>\n<a href=\"https:\/\/lecoin-pro.com\/electromenager\/materiel-pizzeria-professionnel-four-pizza\/\" target=\"_blank\" rel=\"noopener noreferrer\"><button class=\"btn1\">D\u00e9couvrir<\/button> <\/a><\/p>\n<p><\/div><\/div><\/div><\/p>\n<p><div class=\"su-column \" size=\"1\/4\"><div class=\"su-box\" style=\"\"><div class=\"su-box-title\" style=\"\">Brasserie<\/div><div class=\"su-box-body\"><\/p>\n<p style=\"text-align: center;\"><a href=\"https:\/\/lecoin-pro.com\/electromenager\/materiel-brasserie-cafe-professionnel-machine-cafe\/\" target=\"_blank\" rel=\"noopener noreferrer\"><img decoding=\"async\" class=\"size-medium\" style=\"display: block; margin: 0 auto; border-radius: 25px;\" src=\"https:\/\/lecoin-pro.com\/electromenager\/wp-content\/uploads\/Brasserie-Cafe.jpg\" \/><\/a><br \/>\n<a href=\"https:\/\/lecoin-pro.com\/electromenager\/materiel-brasserie-cafe-professionnel-machine-cafe\/\" target=\"_blank\" rel=\"noopener noreferrer\"><button class=\"btn1\">D\u00e9couvrir<\/button> <\/a><\/p>\n<p><\/div><\/div><\/div><\/p>\n<p><div class=\"su-column \" size=\"1\/4\"><div class=\"su-box\" style=\"\"><div class=\"su-box-title\" style=\"\">Traiteur<\/div><div class=\"su-box-body\"><\/p>\n<p style=\"text-align: center;\"><a title=\"Traiteur equipement professionnel h\u00f4tel restaurant cuisine\" href=\"https:\/\/lecoin-pro.com\/electromenager\/materiel-professionnel-pour-traiteur-cuisson-refrigeration-service-mobilite-chr\/\" target=\"_blank\" rel=\"noopener noreferrer\"><img decoding=\"async\" class=\"size-medium\" style=\"display: block; margin: 0 auto; border-radius: 25px;\" src=\"https:\/\/lecoin-pro.com\/electromenager\/wp-content\/uploads\/traiteurs.jpg\" alt=\"Traiteur equipement professionnel h\u00f4tel restaurant cuisine\" \/><\/a><br \/>\n<a href=\"https:\/\/lecoin-pro.com\/electromenager\/materiel-professionnel-pour-traiteur-cuisson-refrigeration-service-mobilite-chr\/\" target=\"_blank\" rel=\"noopener noreferrer\"><button class=\"btn1\">D\u00e9couvrir<\/button> <\/a><\/p>\n<p><\/div><\/div><\/div><\/p>\n<p><div class=\"su-column \" size=\"1\/4\"><div class=\"su-box\" style=\"\"><div class=\"su-box-title\" style=\"\">Kebab<\/div><div class=\"su-box-body\"><\/p>\n<p style=\"text-align: center;\"><a title=\"Kebab equipement professionnel h\u00f4tel restaurant cuisine\" href=\"https:\/\/lecoin-pro.com\/electromenager\/materiel-kebab-professionnel-snack-doner-rotissoire\/\" target=\"_blank\" rel=\"noopener noreferrer\"><img decoding=\"async\" class=\"size-medium\" style=\"display: block; margin: 0 auto; border-radius: 25px;\" src=\"https:\/\/lecoin-pro.com\/electromenager\/wp-content\/uploads\/Kebab-Shawarma.jpg\" alt=\"Kebab equipement professionnel h\u00f4tel restaurant cuisine\" \/><\/a><br \/>\n<a href=\"https:\/\/lecoin-pro.com\/electromenager\/materiel-kebab-professionnel-snack-doner-rotissoire\/\" target=\"_blank\" rel=\"noopener noreferrer\"><button class=\"btn1\">D\u00e9couvrir<\/button> <\/a><\/p>\n<p><\/div><\/div><\/div><\/p>\n<p><\/div>\n<\/div><\/div>\n","protected":false},"excerpt":{"rendered":"[display-posts id=\"10824\" include_content=\"true\" include_title=\"false\"]\n<p style=\"text-align: left; color: #bc0939;\"><strong>R\u00e9f\u00e9rence : 19300037<\/strong><\/p>\n<p><strong>Caract\u00e9ristiques<\/strong><\/p>\n<ul>\n<li>Sur roues pour faciliter les d\u00e9placements<\/li>\n<li>Fabriqu\u00e9 en acier inoxydable et facile \u00e0 nettoyer<\/li>\n<li>Comprend un espace pour un seau de collecte des d\u00e9chets<\/li>\n<\/ul>\n[display-posts id=\"10827\" include_content=\"true\" include_title=\"false\"]\n<p><strong>Sp\u00e9cifications du produit<\/strong><\/p>\n<ul>\n<li>Dimensions : W66 x D50,5 x H71cm<\/li>\n<\/ul>\n<p><em>Non inclus<\/em><\/p>\n<ul>\n<li>Tuyaux d&rsquo;\u00e9vacuation (peuvent \u00eatre command\u00e9s sur le site web)<\/li>\n<li>Poubelle<\/li>\n<\/ul>\n[display-posts id=\"10831\" include_content=\"true\" include_title=\"false\"]\n","protected":false},"featured_media":1272,"comment_status":"closed","ping_status":"closed","template":"","meta":[],"product_brand":[],"product_cat":[196],"product_tag":[],"class_list":{"0":"post-85","1":"product","2":"type-product","3":"status-publish","6":"product_cat-presse-orange","8":"first","9":"instock","10":"sale","11":"taxable","12":"shipping-taxable","13":"purchasable","14":"product-type-simple"},"yoast_head":"<!-- This site is optimized with the Yoast SEO plugin v27.4 - https:\/\/yoast.com\/product\/yoast-seo-wordpress\/ -->\n<title>Chariot Presse Orange Inox - Equipement Professionnel<\/title>\n<meta name=\"description\" content=\"Chariot presse orange inox professionnel : D\u00e9placez &amp; nettoyez facilement votre presse-agrumes. Acier inoxydable, roues avec freins, bac int\u00e9gr\u00e9. Hygi\u00e9nique &amp; mobile. Id\u00e9al pro.\" \/>\n<meta name=\"robots\" content=\"index, follow, max-snippet:-1, max-image-preview:large, max-video-preview:-1\" \/>\n<link rel=\"canonical\" href=\"https:\/\/lecoin-pro.com\/electromenager\/produit\/chariot-presse-orange-inox\/\" \/>\n<meta property=\"og:locale\" content=\"fr_FR\" \/>\n<meta property=\"og:type\" content=\"article\" \/>\n<meta property=\"og:title\" content=\"Chariot Presse Orange Inox - Equipement Professionnel\" \/>\n<meta property=\"og:description\" content=\"Chariot presse orange inox professionnel : D\u00e9placez &amp; nettoyez facilement votre presse-agrumes. Acier inoxydable, roues avec freins, bac int\u00e9gr\u00e9. Hygi\u00e9nique &amp; mobile. Id\u00e9al pro.\" \/>\n<meta property=\"og:url\" content=\"https:\/\/lecoin-pro.com\/electromenager\/produit\/chariot-presse-orange-inox\/\" \/>\n<meta property=\"og:site_name\" content=\"Equipement Professionnel\" \/>\n<meta property=\"article:modified_time\" content=\"2026-01-06T18:47:26+00:00\" \/>\n<meta property=\"og:image\" content=\"https:\/\/lecoin-pro.com\/electromenager\/wp-content\/uploads\/12-chariot-presse-orange-inox-3.jpg\" \/>\n\t<meta property=\"og:image:width\" content=\"1024\" \/>\n\t<meta property=\"og:image:height\" content=\"1024\" \/>\n\t<meta property=\"og:image:type\" content=\"image\/jpeg\" \/>\n<meta name=\"twitter:card\" content=\"summary_large_image\" \/>\n<meta name=\"twitter:label1\" content=\"Dur\u00e9e de lecture estim\u00e9e\" \/>\n\t<meta name=\"twitter:data1\" content=\"2 minutes\" \/>\n<script type=\"application\/ld+json\" class=\"yoast-schema-graph\">{\"@context\":\"https:\\\/\\\/schema.org\",\"@graph\":[{\"@type\":\"WebPage\",\"@id\":\"https:\\\/\\\/lecoin-pro.com\\\/electromenager\\\/produit\\\/chariot-presse-orange-inox\\\/\",\"url\":\"https:\\\/\\\/lecoin-pro.com\\\/electromenager\\\/produit\\\/chariot-presse-orange-inox\\\/\",\"name\":\"Chariot Presse Orange Inox - Equipement Professionnel\",\"isPartOf\":{\"@id\":\"https:\\\/\\\/lecoin-pro.com\\\/electromenager\\\/#website\"},\"primaryImageOfPage\":{\"@id\":\"https:\\\/\\\/lecoin-pro.com\\\/electromenager\\\/produit\\\/chariot-presse-orange-inox\\\/#primaryimage\"},\"image\":{\"@id\":\"https:\\\/\\\/lecoin-pro.com\\\/electromenager\\\/produit\\\/chariot-presse-orange-inox\\\/#primaryimage\"},\"thumbnailUrl\":\"https:\\\/\\\/lecoin-pro.com\\\/electromenager\\\/wp-content\\\/uploads\\\/12-chariot-presse-orange-inox-3.jpg\",\"datePublished\":\"2020-05-30T14:25:46+00:00\",\"dateModified\":\"2026-01-06T18:47:26+00:00\",\"description\":\"Chariot presse orange inox professionnel : D\u00e9placez & nettoyez facilement votre presse-agrumes. Acier inoxydable, roues avec freins, bac int\u00e9gr\u00e9. Hygi\u00e9nique & mobile. Id\u00e9al pro.\",\"breadcrumb\":{\"@id\":\"https:\\\/\\\/lecoin-pro.com\\\/electromenager\\\/produit\\\/chariot-presse-orange-inox\\\/#breadcrumb\"},\"inLanguage\":\"fr-FR\",\"potentialAction\":[{\"@type\":\"ReadAction\",\"target\":[\"https:\\\/\\\/lecoin-pro.com\\\/electromenager\\\/produit\\\/chariot-presse-orange-inox\\\/\"]}]},{\"@type\":\"ImageObject\",\"inLanguage\":\"fr-FR\",\"@id\":\"https:\\\/\\\/lecoin-pro.com\\\/electromenager\\\/produit\\\/chariot-presse-orange-inox\\\/#primaryimage\",\"url\":\"https:\\\/\\\/lecoin-pro.com\\\/electromenager\\\/wp-content\\\/uploads\\\/12-chariot-presse-orange-inox-3.jpg\",\"contentUrl\":\"https:\\\/\\\/lecoin-pro.com\\\/electromenager\\\/wp-content\\\/uploads\\\/12-chariot-presse-orange-inox-3.jpg\",\"width\":1024,\"height\":1024},{\"@type\":\"BreadcrumbList\",\"@id\":\"https:\\\/\\\/lecoin-pro.com\\\/electromenager\\\/produit\\\/chariot-presse-orange-inox\\\/#breadcrumb\",\"itemListElement\":[{\"@type\":\"ListItem\",\"position\":1,\"name\":\"Accueil\",\"item\":\"https:\\\/\\\/lecoin-pro.com\\\/electromenager\\\/\"},{\"@type\":\"ListItem\",\"position\":2,\"name\":\"Boutique\",\"item\":\"https:\\\/\\\/lecoin-pro.com\\\/electromenager\\\/boutique\\\/\"},{\"@type\":\"ListItem\",\"position\":3,\"name\":\"Mat\u00e9riel de Bar\",\"item\":\"https:\\\/\\\/lecoin-pro.com\\\/electromenager\\\/categorie\\\/materiel-de-bar\\\/\"},{\"@type\":\"ListItem\",\"position\":4,\"name\":\"Presse Orange\",\"item\":\"https:\\\/\\\/lecoin-pro.com\\\/electromenager\\\/categorie\\\/materiel-de-bar\\\/presse-orange\\\/\"},{\"@type\":\"ListItem\",\"position\":5,\"name\":\"Chariot Presse Orange Inox\"}]},{\"@type\":\"WebSite\",\"@id\":\"https:\\\/\\\/lecoin-pro.com\\\/electromenager\\\/#website\",\"url\":\"https:\\\/\\\/lecoin-pro.com\\\/electromenager\\\/\",\"name\":\"Equipement Professionnel\",\"description\":\"\ud83d\udcde  09.72.21.50.44\",\"publisher\":{\"@id\":\"https:\\\/\\\/lecoin-pro.com\\\/electromenager\\\/#organization\"},\"potentialAction\":[{\"@type\":\"SearchAction\",\"target\":{\"@type\":\"EntryPoint\",\"urlTemplate\":\"https:\\\/\\\/lecoin-pro.com\\\/electromenager\\\/?s={search_term_string}\"},\"query-input\":{\"@type\":\"PropertyValueSpecification\",\"valueRequired\":true,\"valueName\":\"search_term_string\"}}],\"inLanguage\":\"fr-FR\"},{\"@type\":\"Organization\",\"@id\":\"https:\\\/\\\/lecoin-pro.com\\\/electromenager\\\/#organization\",\"name\":\"Equipement Professionnel\",\"url\":\"https:\\\/\\\/lecoin-pro.com\\\/electromenager\\\/\",\"logo\":{\"@type\":\"ImageObject\",\"inLanguage\":\"fr-FR\",\"@id\":\"https:\\\/\\\/lecoin-pro.com\\\/electromenager\\\/#\\\/schema\\\/logo\\\/image\\\/\",\"url\":\"https:\\\/\\\/lecoin-pro.com\\\/electromenager\\\/wp-content\\\/uploads\\\/cropped-LOGO-1.png\",\"contentUrl\":\"https:\\\/\\\/lecoin-pro.com\\\/electromenager\\\/wp-content\\\/uploads\\\/cropped-LOGO-1.png\",\"width\":\"760\",\"height\":\"184\",\"caption\":\"Equipement Professionnel\"},\"image\":{\"@id\":\"https:\\\/\\\/lecoin-pro.com\\\/electromenager\\\/#\\\/schema\\\/logo\\\/image\\\/\"}}]}<\/script>\n<!-- \/ Yoast SEO plugin. -->","yoast_head_json":{"title":"Chariot Presse Orange Inox - Equipement Professionnel","description":"Chariot presse orange inox professionnel : D\u00e9placez & nettoyez facilement votre presse-agrumes. Acier inoxydable, roues avec freins, bac int\u00e9gr\u00e9. Hygi\u00e9nique & mobile. Id\u00e9al pro.","robots":{"index":"index","follow":"follow","max-snippet":"max-snippet:-1","max-image-preview":"max-image-preview:large","max-video-preview":"max-video-preview:-1"},"canonical":"https:\/\/lecoin-pro.com\/electromenager\/produit\/chariot-presse-orange-inox\/","og_locale":"fr_FR","og_type":"article","og_title":"Chariot Presse Orange Inox - Equipement Professionnel","og_description":"Chariot presse orange inox professionnel : D\u00e9placez & nettoyez facilement votre presse-agrumes. Acier inoxydable, roues avec freins, bac int\u00e9gr\u00e9. Hygi\u00e9nique & mobile. Id\u00e9al pro.","og_url":"https:\/\/lecoin-pro.com\/electromenager\/produit\/chariot-presse-orange-inox\/","og_site_name":"Equipement Professionnel","article_modified_time":"2026-01-06T18:47:26+00:00","og_image":[{"width":1024,"height":1024,"url":"https:\/\/lecoin-pro.com\/electromenager\/wp-content\/uploads\/12-chariot-presse-orange-inox-3.jpg","type":"image\/jpeg"}],"twitter_card":"summary_large_image","twitter_misc":{"Dur\u00e9e de lecture estim\u00e9e":"2 minutes"},"schema":{"@context":"https:\/\/schema.org","@graph":[{"@type":"WebPage","@id":"https:\/\/lecoin-pro.com\/electromenager\/produit\/chariot-presse-orange-inox\/","url":"https:\/\/lecoin-pro.com\/electromenager\/produit\/chariot-presse-orange-inox\/","name":"Chariot Presse Orange Inox - Equipement Professionnel","isPartOf":{"@id":"https:\/\/lecoin-pro.com\/electromenager\/#website"},"primaryImageOfPage":{"@id":"https:\/\/lecoin-pro.com\/electromenager\/produit\/chariot-presse-orange-inox\/#primaryimage"},"image":{"@id":"https:\/\/lecoin-pro.com\/electromenager\/produit\/chariot-presse-orange-inox\/#primaryimage"},"thumbnailUrl":"https:\/\/lecoin-pro.com\/electromenager\/wp-content\/uploads\/12-chariot-presse-orange-inox-3.jpg","datePublished":"2020-05-30T14:25:46+00:00","dateModified":"2026-01-06T18:47:26+00:00","description":"Chariot presse orange inox professionnel : D\u00e9placez & nettoyez facilement votre presse-agrumes. Acier inoxydable, roues avec freins, bac int\u00e9gr\u00e9. Hygi\u00e9nique & mobile. Id\u00e9al pro.","breadcrumb":{"@id":"https:\/\/lecoin-pro.com\/electromenager\/produit\/chariot-presse-orange-inox\/#breadcrumb"},"inLanguage":"fr-FR","potentialAction":[{"@type":"ReadAction","target":["https:\/\/lecoin-pro.com\/electromenager\/produit\/chariot-presse-orange-inox\/"]}]},{"@type":"ImageObject","inLanguage":"fr-FR","@id":"https:\/\/lecoin-pro.com\/electromenager\/produit\/chariot-presse-orange-inox\/#primaryimage","url":"https:\/\/lecoin-pro.com\/electromenager\/wp-content\/uploads\/12-chariot-presse-orange-inox-3.jpg","contentUrl":"https:\/\/lecoin-pro.com\/electromenager\/wp-content\/uploads\/12-chariot-presse-orange-inox-3.jpg","width":1024,"height":1024},{"@type":"BreadcrumbList","@id":"https:\/\/lecoin-pro.com\/electromenager\/produit\/chariot-presse-orange-inox\/#breadcrumb","itemListElement":[{"@type":"ListItem","position":1,"name":"Accueil","item":"https:\/\/lecoin-pro.com\/electromenager\/"},{"@type":"ListItem","position":2,"name":"Boutique","item":"https:\/\/lecoin-pro.com\/electromenager\/boutique\/"},{"@type":"ListItem","position":3,"name":"Mat\u00e9riel de Bar","item":"https:\/\/lecoin-pro.com\/electromenager\/categorie\/materiel-de-bar\/"},{"@type":"ListItem","position":4,"name":"Presse Orange","item":"https:\/\/lecoin-pro.com\/electromenager\/categorie\/materiel-de-bar\/presse-orange\/"},{"@type":"ListItem","position":5,"name":"Chariot Presse Orange Inox"}]},{"@type":"WebSite","@id":"https:\/\/lecoin-pro.com\/electromenager\/#website","url":"https:\/\/lecoin-pro.com\/electromenager\/","name":"Equipement Professionnel","description":"\ud83d\udcde  09.72.21.50.44","publisher":{"@id":"https:\/\/lecoin-pro.com\/electromenager\/#organization"},"potentialAction":[{"@type":"SearchAction","target":{"@type":"EntryPoint","urlTemplate":"https:\/\/lecoin-pro.com\/electromenager\/?s={search_term_string}"},"query-input":{"@type":"PropertyValueSpecification","valueRequired":true,"valueName":"search_term_string"}}],"inLanguage":"fr-FR"},{"@type":"Organization","@id":"https:\/\/lecoin-pro.com\/electromenager\/#organization","name":"Equipement Professionnel","url":"https:\/\/lecoin-pro.com\/electromenager\/","logo":{"@type":"ImageObject","inLanguage":"fr-FR","@id":"https:\/\/lecoin-pro.com\/electromenager\/#\/schema\/logo\/image\/","url":"https:\/\/lecoin-pro.com\/electromenager\/wp-content\/uploads\/cropped-LOGO-1.png","contentUrl":"https:\/\/lecoin-pro.com\/electromenager\/wp-content\/uploads\/cropped-LOGO-1.png","width":"760","height":"184","caption":"Equipement Professionnel"},"image":{"@id":"https:\/\/lecoin-pro.com\/electromenager\/#\/schema\/logo\/image\/"}}]}},"_links":{"self":[{"href":"https:\/\/lecoin-pro.com\/electromenager\/wp-json\/wp\/v2\/product\/85","targetHints":{"allow":["GET"]}}],"collection":[{"href":"https:\/\/lecoin-pro.com\/electromenager\/wp-json\/wp\/v2\/product"}],"about":[{"href":"https:\/\/lecoin-pro.com\/electromenager\/wp-json\/wp\/v2\/types\/product"}],"replies":[{"embeddable":true,"href":"https:\/\/lecoin-pro.com\/electromenager\/wp-json\/wp\/v2\/comments?post=85"}],"wp:featuredmedia":[{"embeddable":true,"href":"https:\/\/lecoin-pro.com\/electromenager\/wp-json\/wp\/v2\/media\/1272"}],"wp:attachment":[{"href":"https:\/\/lecoin-pro.com\/electromenager\/wp-json\/wp\/v2\/media?parent=85"}],"wp:term":[{"taxonomy":"product_brand","embeddable":true,"href":"https:\/\/lecoin-pro.com\/electromenager\/wp-json\/wp\/v2\/product_brand?post=85"},{"taxonomy":"product_cat","embeddable":true,"href":"https:\/\/lecoin-pro.com\/electromenager\/wp-json\/wp\/v2\/product_cat?post=85"},{"taxonomy":"product_tag","embeddable":true,"href":"https:\/\/lecoin-pro.com\/electromenager\/wp-json\/wp\/v2\/product_tag?post=85"}],"curies":[{"name":"wp","href":"https:\/\/api.w.org\/{rel}","templated":true}]}}