{"id":8945,"date":"2025-02-02T14:23:27","date_gmt":"2025-02-02T14:23:27","guid":{"rendered":"https:\/\/distri-kahwa.ma\/leaderprice\/?post_type=product&#038;p=8945"},"modified":"2026-01-12T17:38:16","modified_gmt":"2026-01-12T17:38:16","slug":"plateau-1-compartiment-rond-227-x-178-cm","status":"publish","type":"product","link":"https:\/\/lecoin-pro.com\/electromenager\/produit\/plateau-1-compartiment-rond-227-x-178-cm\/","title":{"rendered":"Plateau 1 Compartiment 22,7 x 17,8 cm"},"content":{"rendered":"","protected":false},"excerpt":{"rendered":"[display-posts id=\"10824\" include_content=\"true\" include_title=\"false\"]\n<p style=\"text-align: left; color: #bc0939;\"><strong>R\u00e9f\u00e9rence : 19369100<\/strong><\/p>\n<p><strong>Caract\u00e9ristique :<\/strong><\/p>\n<p>Plateau 1 Compartiment rond 22,7 x 17,8 cm uniquement pour notre <strong><a href=\"https:\/\/lecoin-pro.com\/electromenager\/produit\/thermo-scelleuse-de-barquette-petit-different-moule\/\"><span style=\"color: #0000ff;\">thermosoudeuse PETITE<\/span><\/a><\/strong><\/p>\n<p>Moule 1 Compartiment rond 22,7 x 17,8 cm exclusif pour notre <strong><a href=\"https:\/\/lecoin-pro.com\/electromenager\/produit\/thermo-scelleuse-de-barquette-petit-different-moule\/\"><span style=\"color: #0000ff;\">thermosoudeuse PETITE<\/span><\/a><\/strong><\/p>\n<p><strong>[display-posts id=\"10831\" include_content=\"true\" include_title=\"false\"]<\/strong><\/p>\n","protected":false},"featured_media":8947,"comment_status":"closed","ping_status":"closed","template":"","meta":[],"product_brand":[],"product_cat":[135,235],"product_tag":[],"class_list":{"0":"post-8945","1":"product","2":"type-product","3":"status-publish","6":"product_cat-thermoscelleuse","7":"product_cat-thermosoudeuse-petite","9":"first","10":"instock","11":"sale","12":"taxable","13":"shipping-taxable","14":"purchasable","15":"product-type-simple"},"yoast_head":"<!-- This site is optimized with the Yoast SEO plugin v27.4 - https:\/\/yoast.com\/product\/yoast-seo-wordpress\/ -->\n<title>Plateau 1 Compartiment 22,7 x 17,8 cm - Equipement Professionnel<\/title>\n<meta name=\"description\" content=\"Plateau thermoscellable rond professionnel : 1 compartiment (22.7x17.8 cm). Exclusivement pour thermosoudeuse PETIT. Id\u00e9al barquettes scell\u00e9es. Qualit\u00e9 pro pour emballage alimentaire.\" \/>\n<meta name=\"robots\" content=\"index, follow, max-snippet:-1, max-image-preview:large, max-video-preview:-1\" \/>\n<link rel=\"canonical\" href=\"https:\/\/lecoin-pro.com\/electromenager\/produit\/plateau-1-compartiment-rond-227-x-178-cm\/\" \/>\n<meta property=\"og:locale\" content=\"fr_FR\" \/>\n<meta property=\"og:type\" content=\"article\" \/>\n<meta property=\"og:title\" content=\"Plateau 1 Compartiment 22,7 x 17,8 cm - Equipement Professionnel\" \/>\n<meta property=\"og:description\" content=\"Plateau thermoscellable rond professionnel : 1 compartiment (22.7x17.8 cm). Exclusivement pour thermosoudeuse PETIT. Id\u00e9al barquettes scell\u00e9es. Qualit\u00e9 pro pour emballage alimentaire.\" \/>\n<meta property=\"og:url\" content=\"https:\/\/lecoin-pro.com\/electromenager\/produit\/plateau-1-compartiment-rond-227-x-178-cm\/\" \/>\n<meta property=\"og:site_name\" content=\"Equipement Professionnel\" \/>\n<meta property=\"article:modified_time\" content=\"2026-01-12T17:38:16+00:00\" \/>\n<meta property=\"og:image\" content=\"https:\/\/lecoin-pro.com\/electromenager\/wp-content\/uploads\/Plateau-1-Compartiment-rond-227-x-178-cm-pour-thermosoudeuse-2.jpg\" \/>\n\t<meta property=\"og:image:width\" content=\"700\" \/>\n\t<meta property=\"og:image:height\" content=\"700\" \/>\n\t<meta property=\"og:image:type\" content=\"image\/jpeg\" \/>\n<meta name=\"twitter:card\" content=\"summary_large_image\" \/>\n<meta name=\"twitter:label1\" content=\"Dur\u00e9e de lecture estim\u00e9e\" \/>\n\t<meta name=\"twitter:data1\" content=\"1 minute\" \/>\n<script type=\"application\/ld+json\" class=\"yoast-schema-graph\">{\"@context\":\"https:\\\/\\\/schema.org\",\"@graph\":[{\"@type\":\"WebPage\",\"@id\":\"https:\\\/\\\/lecoin-pro.com\\\/electromenager\\\/produit\\\/plateau-1-compartiment-rond-227-x-178-cm\\\/\",\"url\":\"https:\\\/\\\/lecoin-pro.com\\\/electromenager\\\/produit\\\/plateau-1-compartiment-rond-227-x-178-cm\\\/\",\"name\":\"Plateau 1 Compartiment 22,7 x 17,8 cm - Equipement Professionnel\",\"isPartOf\":{\"@id\":\"https:\\\/\\\/lecoin-pro.com\\\/electromenager\\\/#website\"},\"primaryImageOfPage\":{\"@id\":\"https:\\\/\\\/lecoin-pro.com\\\/electromenager\\\/produit\\\/plateau-1-compartiment-rond-227-x-178-cm\\\/#primaryimage\"},\"image\":{\"@id\":\"https:\\\/\\\/lecoin-pro.com\\\/electromenager\\\/produit\\\/plateau-1-compartiment-rond-227-x-178-cm\\\/#primaryimage\"},\"thumbnailUrl\":\"https:\\\/\\\/lecoin-pro.com\\\/electromenager\\\/wp-content\\\/uploads\\\/Plateau-1-Compartiment-rond-227-x-178-cm-pour-thermosoudeuse-2.jpg\",\"datePublished\":\"2025-02-02T14:23:27+00:00\",\"dateModified\":\"2026-01-12T17:38:16+00:00\",\"description\":\"Plateau thermoscellable rond professionnel : 1 compartiment (22.7x17.8 cm). Exclusivement pour thermosoudeuse PETIT. Id\u00e9al barquettes scell\u00e9es. Qualit\u00e9 pro pour emballage alimentaire.\",\"breadcrumb\":{\"@id\":\"https:\\\/\\\/lecoin-pro.com\\\/electromenager\\\/produit\\\/plateau-1-compartiment-rond-227-x-178-cm\\\/#breadcrumb\"},\"inLanguage\":\"fr-FR\",\"potentialAction\":[{\"@type\":\"ReadAction\",\"target\":[\"https:\\\/\\\/lecoin-pro.com\\\/electromenager\\\/produit\\\/plateau-1-compartiment-rond-227-x-178-cm\\\/\"]}]},{\"@type\":\"ImageObject\",\"inLanguage\":\"fr-FR\",\"@id\":\"https:\\\/\\\/lecoin-pro.com\\\/electromenager\\\/produit\\\/plateau-1-compartiment-rond-227-x-178-cm\\\/#primaryimage\",\"url\":\"https:\\\/\\\/lecoin-pro.com\\\/electromenager\\\/wp-content\\\/uploads\\\/Plateau-1-Compartiment-rond-227-x-178-cm-pour-thermosoudeuse-2.jpg\",\"contentUrl\":\"https:\\\/\\\/lecoin-pro.com\\\/electromenager\\\/wp-content\\\/uploads\\\/Plateau-1-Compartiment-rond-227-x-178-cm-pour-thermosoudeuse-2.jpg\",\"width\":700,\"height\":700},{\"@type\":\"BreadcrumbList\",\"@id\":\"https:\\\/\\\/lecoin-pro.com\\\/electromenager\\\/produit\\\/plateau-1-compartiment-rond-227-x-178-cm\\\/#breadcrumb\",\"itemListElement\":[{\"@type\":\"ListItem\",\"position\":1,\"name\":\"Accueil\",\"item\":\"https:\\\/\\\/lecoin-pro.com\\\/electromenager\\\/\"},{\"@type\":\"ListItem\",\"position\":2,\"name\":\"Boutique\",\"item\":\"https:\\\/\\\/lecoin-pro.com\\\/electromenager\\\/boutique\\\/\"},{\"@type\":\"ListItem\",\"position\":3,\"name\":\"Emballage\",\"item\":\"https:\\\/\\\/lecoin-pro.com\\\/electromenager\\\/categorie\\\/emballage\\\/\"},{\"@type\":\"ListItem\",\"position\":4,\"name\":\"Thermoscelleuse\",\"item\":\"https:\\\/\\\/lecoin-pro.com\\\/electromenager\\\/categorie\\\/emballage\\\/thermoscelleuse\\\/\"},{\"@type\":\"ListItem\",\"position\":5,\"name\":\"Plateau 1 Compartiment 22,7 x 17,8 cm\"}]},{\"@type\":\"WebSite\",\"@id\":\"https:\\\/\\\/lecoin-pro.com\\\/electromenager\\\/#website\",\"url\":\"https:\\\/\\\/lecoin-pro.com\\\/electromenager\\\/\",\"name\":\"Equipement Professionnel\",\"description\":\"\ud83d\udcde  09.72.21.50.44\",\"publisher\":{\"@id\":\"https:\\\/\\\/lecoin-pro.com\\\/electromenager\\\/#organization\"},\"potentialAction\":[{\"@type\":\"SearchAction\",\"target\":{\"@type\":\"EntryPoint\",\"urlTemplate\":\"https:\\\/\\\/lecoin-pro.com\\\/electromenager\\\/?s={search_term_string}\"},\"query-input\":{\"@type\":\"PropertyValueSpecification\",\"valueRequired\":true,\"valueName\":\"search_term_string\"}}],\"inLanguage\":\"fr-FR\"},{\"@type\":\"Organization\",\"@id\":\"https:\\\/\\\/lecoin-pro.com\\\/electromenager\\\/#organization\",\"name\":\"Equipement Professionnel\",\"url\":\"https:\\\/\\\/lecoin-pro.com\\\/electromenager\\\/\",\"logo\":{\"@type\":\"ImageObject\",\"inLanguage\":\"fr-FR\",\"@id\":\"https:\\\/\\\/lecoin-pro.com\\\/electromenager\\\/#\\\/schema\\\/logo\\\/image\\\/\",\"url\":\"https:\\\/\\\/lecoin-pro.com\\\/electromenager\\\/wp-content\\\/uploads\\\/cropped-LOGO-1.png\",\"contentUrl\":\"https:\\\/\\\/lecoin-pro.com\\\/electromenager\\\/wp-content\\\/uploads\\\/cropped-LOGO-1.png\",\"width\":\"760\",\"height\":\"184\",\"caption\":\"Equipement Professionnel\"},\"image\":{\"@id\":\"https:\\\/\\\/lecoin-pro.com\\\/electromenager\\\/#\\\/schema\\\/logo\\\/image\\\/\"}}]}<\/script>\n<!-- \/ Yoast SEO plugin. -->","yoast_head_json":{"title":"Plateau 1 Compartiment 22,7 x 17,8 cm - Equipement Professionnel","description":"Plateau thermoscellable rond professionnel : 1 compartiment (22.7x17.8 cm). Exclusivement pour thermosoudeuse PETIT. Id\u00e9al barquettes scell\u00e9es. Qualit\u00e9 pro pour emballage alimentaire.","robots":{"index":"index","follow":"follow","max-snippet":"max-snippet:-1","max-image-preview":"max-image-preview:large","max-video-preview":"max-video-preview:-1"},"canonical":"https:\/\/lecoin-pro.com\/electromenager\/produit\/plateau-1-compartiment-rond-227-x-178-cm\/","og_locale":"fr_FR","og_type":"article","og_title":"Plateau 1 Compartiment 22,7 x 17,8 cm - Equipement Professionnel","og_description":"Plateau thermoscellable rond professionnel : 1 compartiment (22.7x17.8 cm). Exclusivement pour thermosoudeuse PETIT. Id\u00e9al barquettes scell\u00e9es. Qualit\u00e9 pro pour emballage alimentaire.","og_url":"https:\/\/lecoin-pro.com\/electromenager\/produit\/plateau-1-compartiment-rond-227-x-178-cm\/","og_site_name":"Equipement Professionnel","article_modified_time":"2026-01-12T17:38:16+00:00","og_image":[{"width":700,"height":700,"url":"https:\/\/lecoin-pro.com\/electromenager\/wp-content\/uploads\/Plateau-1-Compartiment-rond-227-x-178-cm-pour-thermosoudeuse-2.jpg","type":"image\/jpeg"}],"twitter_card":"summary_large_image","twitter_misc":{"Dur\u00e9e de lecture estim\u00e9e":"1 minute"},"schema":{"@context":"https:\/\/schema.org","@graph":[{"@type":"WebPage","@id":"https:\/\/lecoin-pro.com\/electromenager\/produit\/plateau-1-compartiment-rond-227-x-178-cm\/","url":"https:\/\/lecoin-pro.com\/electromenager\/produit\/plateau-1-compartiment-rond-227-x-178-cm\/","name":"Plateau 1 Compartiment 22,7 x 17,8 cm - Equipement Professionnel","isPartOf":{"@id":"https:\/\/lecoin-pro.com\/electromenager\/#website"},"primaryImageOfPage":{"@id":"https:\/\/lecoin-pro.com\/electromenager\/produit\/plateau-1-compartiment-rond-227-x-178-cm\/#primaryimage"},"image":{"@id":"https:\/\/lecoin-pro.com\/electromenager\/produit\/plateau-1-compartiment-rond-227-x-178-cm\/#primaryimage"},"thumbnailUrl":"https:\/\/lecoin-pro.com\/electromenager\/wp-content\/uploads\/Plateau-1-Compartiment-rond-227-x-178-cm-pour-thermosoudeuse-2.jpg","datePublished":"2025-02-02T14:23:27+00:00","dateModified":"2026-01-12T17:38:16+00:00","description":"Plateau thermoscellable rond professionnel : 1 compartiment (22.7x17.8 cm). Exclusivement pour thermosoudeuse PETIT. Id\u00e9al barquettes scell\u00e9es. Qualit\u00e9 pro pour emballage alimentaire.","breadcrumb":{"@id":"https:\/\/lecoin-pro.com\/electromenager\/produit\/plateau-1-compartiment-rond-227-x-178-cm\/#breadcrumb"},"inLanguage":"fr-FR","potentialAction":[{"@type":"ReadAction","target":["https:\/\/lecoin-pro.com\/electromenager\/produit\/plateau-1-compartiment-rond-227-x-178-cm\/"]}]},{"@type":"ImageObject","inLanguage":"fr-FR","@id":"https:\/\/lecoin-pro.com\/electromenager\/produit\/plateau-1-compartiment-rond-227-x-178-cm\/#primaryimage","url":"https:\/\/lecoin-pro.com\/electromenager\/wp-content\/uploads\/Plateau-1-Compartiment-rond-227-x-178-cm-pour-thermosoudeuse-2.jpg","contentUrl":"https:\/\/lecoin-pro.com\/electromenager\/wp-content\/uploads\/Plateau-1-Compartiment-rond-227-x-178-cm-pour-thermosoudeuse-2.jpg","width":700,"height":700},{"@type":"BreadcrumbList","@id":"https:\/\/lecoin-pro.com\/electromenager\/produit\/plateau-1-compartiment-rond-227-x-178-cm\/#breadcrumb","itemListElement":[{"@type":"ListItem","position":1,"name":"Accueil","item":"https:\/\/lecoin-pro.com\/electromenager\/"},{"@type":"ListItem","position":2,"name":"Boutique","item":"https:\/\/lecoin-pro.com\/electromenager\/boutique\/"},{"@type":"ListItem","position":3,"name":"Emballage","item":"https:\/\/lecoin-pro.com\/electromenager\/categorie\/emballage\/"},{"@type":"ListItem","position":4,"name":"Thermoscelleuse","item":"https:\/\/lecoin-pro.com\/electromenager\/categorie\/emballage\/thermoscelleuse\/"},{"@type":"ListItem","position":5,"name":"Plateau 1 Compartiment 22,7 x 17,8 cm"}]},{"@type":"WebSite","@id":"https:\/\/lecoin-pro.com\/electromenager\/#website","url":"https:\/\/lecoin-pro.com\/electromenager\/","name":"Equipement Professionnel","description":"\ud83d\udcde  09.72.21.50.44","publisher":{"@id":"https:\/\/lecoin-pro.com\/electromenager\/#organization"},"potentialAction":[{"@type":"SearchAction","target":{"@type":"EntryPoint","urlTemplate":"https:\/\/lecoin-pro.com\/electromenager\/?s={search_term_string}"},"query-input":{"@type":"PropertyValueSpecification","valueRequired":true,"valueName":"search_term_string"}}],"inLanguage":"fr-FR"},{"@type":"Organization","@id":"https:\/\/lecoin-pro.com\/electromenager\/#organization","name":"Equipement Professionnel","url":"https:\/\/lecoin-pro.com\/electromenager\/","logo":{"@type":"ImageObject","inLanguage":"fr-FR","@id":"https:\/\/lecoin-pro.com\/electromenager\/#\/schema\/logo\/image\/","url":"https:\/\/lecoin-pro.com\/electromenager\/wp-content\/uploads\/cropped-LOGO-1.png","contentUrl":"https:\/\/lecoin-pro.com\/electromenager\/wp-content\/uploads\/cropped-LOGO-1.png","width":"760","height":"184","caption":"Equipement Professionnel"},"image":{"@id":"https:\/\/lecoin-pro.com\/electromenager\/#\/schema\/logo\/image\/"}}]}},"_links":{"self":[{"href":"https:\/\/lecoin-pro.com\/electromenager\/wp-json\/wp\/v2\/product\/8945","targetHints":{"allow":["GET"]}}],"collection":[{"href":"https:\/\/lecoin-pro.com\/electromenager\/wp-json\/wp\/v2\/product"}],"about":[{"href":"https:\/\/lecoin-pro.com\/electromenager\/wp-json\/wp\/v2\/types\/product"}],"replies":[{"embeddable":true,"href":"https:\/\/lecoin-pro.com\/electromenager\/wp-json\/wp\/v2\/comments?post=8945"}],"wp:featuredmedia":[{"embeddable":true,"href":"https:\/\/lecoin-pro.com\/electromenager\/wp-json\/wp\/v2\/media\/8947"}],"wp:attachment":[{"href":"https:\/\/lecoin-pro.com\/electromenager\/wp-json\/wp\/v2\/media?parent=8945"}],"wp:term":[{"taxonomy":"product_brand","embeddable":true,"href":"https:\/\/lecoin-pro.com\/electromenager\/wp-json\/wp\/v2\/product_brand?post=8945"},{"taxonomy":"product_cat","embeddable":true,"href":"https:\/\/lecoin-pro.com\/electromenager\/wp-json\/wp\/v2\/product_cat?post=8945"},{"taxonomy":"product_tag","embeddable":true,"href":"https:\/\/lecoin-pro.com\/electromenager\/wp-json\/wp\/v2\/product_tag?post=8945"}],"curies":[{"name":"wp","href":"https:\/\/api.w.org\/{rel}","templated":true}]}}