{"id":2,"date":"2024-08-29T14:08:15","date_gmt":"2024-08-29T12:08:15","guid":{"rendered":"https:\/\/lecoin-pro.com\/video\/?page_id=2"},"modified":"2025-03-17T00:43:15","modified_gmt":"2025-03-16T23:43:15","slug":"page-d-exemple","status":"publish","type":"page","link":"https:\/\/lecoin-pro.com\/video\/page-d-exemple\/","title":{"rendered":"Page d\u2019exemple"},"content":{"rendered":"\r\n<p>Ceci est une page d\u2019exemple. C\u2019est diff\u00e9rent d\u2019un article de blog parce qu\u2019elle restera au m\u00eame endroit et appara\u00eetra dans la navigation de votre site (dans la plupart des th\u00e8mes). La plupart des gens commencent par une page \u00ab\u00a0\u00c0 propos\u00a0\u00bb qui les pr\u00e9sente aux personnes visitant le site. Cela pourrait ressembler \u00e0 quelque chose comme cela\u00a0:<\/p>\r\n\r\n\r\n<div class=\"home-section space section-team\">\r\n    <div class=\"home-section-bg section-team\"><\/div>\r\n    <div class=\"container\">\r\n        <div class=\"section-heading\">\r\n            <h2 class=\"section-title wow fadeInUp\">team<\/h2>\r\n            <p class=\"section-description wow fadeInUp\"><p>team<\/p>\n<\/p>\r\n        <\/div>\r\n        <div class=\"section-details row team-details\">\r\n                        <div class=\"col-md-3 col-sm-6 col-xs-6 member-item\">\r\n                <div class=\"meamber-item-inner wow zoomIn\" style=\"animation-delay: 200ms;\">\r\n                    <div class=\"meamber-image\">\r\n                        <img decoding=\"async\" src=\"https:\/\/lecoin-pro.com\/video\/wp-content\/uploads\/sites\/2\/2024\/08\/aBeyonce_-_Tottenham_Hotspur_Stadium_-_1st_June_2023_47_of_118_52946286530_cropped.jpg\" alt=\"team1\">\r\n                    <\/div>\r\n                    <div class=\"meamber-info\">\r\n                                                    <h3 class=\"sub-section-title  member-title\">team1<\/h3>\r\n                                                <h6 class=\"member-designation\">team1<\/h6>\r\n                        <div class=\"member-description\"><\/div>\r\n                        <!-- <div class=\"member-icons\">\r\n                            <ul>\r\n                                                            <\/ul>\r\n                        <\/div> -->\r\n                    <\/div>\r\n                <\/div>\r\n            <\/div>\r\n                    <\/div>\r\n    <\/div>\r\n<\/div>\r\n\r\n<div class=\"home-section space section-about\">\r\n    <div class=\"home-section-bg section-about-bg\"><\/div>\r\n    <div class=\"container\">\r\n        <div class=\"row section-details about-details\">\r\n                        <div class=\"col-xs-12 col-md-6 colimg mb-4\">\r\n                <img decoding=\"async\" src=\"https:\/\/lecoin-pro.com\/video\/wp-content\/uploads\/sites\/2\/2024\/08\/Sans-titre-5-300x180-1.jpg\" class=\"img-fluid wow slideInLeft\">\r\n            <\/div>\r\n                        <div class=\"col-xs-12 col-md-6 coltxt\">\r\n                <div class=\"section-heading color-light text-center\">\r\n                    <h2 class=\"section-title wow fadeInUp\">about<\/h2>\r\n                    <p class=\"section-description wow fadeInUp\"><\/p>\r\n                <\/div>\r\n            <\/div>\r\n        <\/div>\r\n    <\/div>\r\n<\/div>\r\n\r\n\r\n\r\n","protected":false},"excerpt":{"rendered":"<p>Ceci est une page d\u2019exemple. C\u2019est diff\u00e9rent d\u2019un article de blog parce qu\u2019elle restera au m\u00eame endroit et appara\u00eetra dans la navigation de votre site (dans la plupart des th\u00e8mes).<\/p>\n","protected":false},"author":2,"featured_media":0,"parent":0,"menu_order":0,"comment_status":"closed","ping_status":"open","template":"","meta":{"_acf_changed":false,"footnotes":""},"class_list":{"1":"page","2":"type-page","3":"status-publish","4":"hentry"},"acf":[],"yoast_head":"<!-- This site is optimized with the Yoast SEO plugin v26.9 - https:\/\/yoast.com\/product\/yoast-seo-wordpress\/ -->\n<title>Page d\u2019exemple - video<\/title>\n<meta name=\"robots\" content=\"index, follow, max-snippet:-1, max-image-preview:large, max-video-preview:-1\" \/>\n<link rel=\"canonical\" href=\"https:\/\/lecoin-pro.com\/video\/page-d-exemple\/\" \/>\n<meta property=\"og:locale\" content=\"fr_FR\" \/>\n<meta property=\"og:type\" content=\"article\" \/>\n<meta property=\"og:title\" content=\"Page d\u2019exemple - video\" \/>\n<meta property=\"og:description\" content=\"Ceci est une page d\u2019exemple. C\u2019est diff\u00e9rent d\u2019un article de blog parce qu\u2019elle restera au m\u00eame endroit et appara\u00eetra dans la navigation de votre site (dans la plupart des th\u00e8mes).\" \/>\n<meta property=\"og:url\" content=\"https:\/\/lecoin-pro.com\/video\/page-d-exemple\/\" \/>\n<meta property=\"og:site_name\" content=\"video\" \/>\n<meta property=\"article:modified_time\" content=\"2025-03-16T23:43:15+00:00\" \/>\n<meta name=\"twitter:card\" content=\"summary_large_image\" \/>\n<script type=\"application\/ld+json\" class=\"yoast-schema-graph\">{\"@context\":\"https:\/\/schema.org\",\"@graph\":[{\"@type\":\"WebPage\",\"@id\":\"https:\/\/lecoin-pro.com\/video\/page-d-exemple\/\",\"url\":\"https:\/\/lecoin-pro.com\/video\/page-d-exemple\/\",\"name\":\"Page d\u2019exemple - video\",\"isPartOf\":{\"@id\":\"https:\/\/lecoin-pro.com\/video\/#website\"},\"datePublished\":\"2024-08-29T12:08:15+00:00\",\"dateModified\":\"2025-03-16T23:43:15+00:00\",\"breadcrumb\":{\"@id\":\"https:\/\/lecoin-pro.com\/video\/page-d-exemple\/#breadcrumb\"},\"inLanguage\":\"fr-FR\",\"potentialAction\":[{\"@type\":\"ReadAction\",\"target\":[\"https:\/\/lecoin-pro.com\/video\/page-d-exemple\/\"]}]},{\"@type\":\"BreadcrumbList\",\"@id\":\"https:\/\/lecoin-pro.com\/video\/page-d-exemple\/#breadcrumb\",\"itemListElement\":[{\"@type\":\"ListItem\",\"position\":1,\"name\":\"Accueil\",\"item\":\"https:\/\/lecoin-pro.com\/video\/\"},{\"@type\":\"ListItem\",\"position\":2,\"name\":\"Page d\u2019exemple\"}]},{\"@type\":\"WebSite\",\"@id\":\"https:\/\/lecoin-pro.com\/video\/#website\",\"url\":\"https:\/\/lecoin-pro.com\/video\/\",\"name\":\"video\",\"description\":\"\",\"potentialAction\":[{\"@type\":\"SearchAction\",\"target\":{\"@type\":\"EntryPoint\",\"urlTemplate\":\"https:\/\/lecoin-pro.com\/video\/?s={search_term_string}\"},\"query-input\":{\"@type\":\"PropertyValueSpecification\",\"valueRequired\":true,\"valueName\":\"search_term_string\"}}],\"inLanguage\":\"fr-FR\"}]}<\/script>\n<!-- \/ Yoast SEO plugin. -->","yoast_head_json":{"title":"Page d\u2019exemple - video","robots":{"index":"index","follow":"follow","max-snippet":"max-snippet:-1","max-image-preview":"max-image-preview:large","max-video-preview":"max-video-preview:-1"},"canonical":"https:\/\/lecoin-pro.com\/video\/page-d-exemple\/","og_locale":"fr_FR","og_type":"article","og_title":"Page d\u2019exemple - video","og_description":"Ceci est une page d\u2019exemple. C\u2019est diff\u00e9rent d\u2019un article de blog parce qu\u2019elle restera au m\u00eame endroit et appara\u00eetra dans la navigation de votre site (dans la plupart des th\u00e8mes).","og_url":"https:\/\/lecoin-pro.com\/video\/page-d-exemple\/","og_site_name":"video","article_modified_time":"2025-03-16T23:43:15+00:00","twitter_card":"summary_large_image","schema":{"@context":"https:\/\/schema.org","@graph":[{"@type":"WebPage","@id":"https:\/\/lecoin-pro.com\/video\/page-d-exemple\/","url":"https:\/\/lecoin-pro.com\/video\/page-d-exemple\/","name":"Page d\u2019exemple - video","isPartOf":{"@id":"https:\/\/lecoin-pro.com\/video\/#website"},"datePublished":"2024-08-29T12:08:15+00:00","dateModified":"2025-03-16T23:43:15+00:00","breadcrumb":{"@id":"https:\/\/lecoin-pro.com\/video\/page-d-exemple\/#breadcrumb"},"inLanguage":"fr-FR","potentialAction":[{"@type":"ReadAction","target":["https:\/\/lecoin-pro.com\/video\/page-d-exemple\/"]}]},{"@type":"BreadcrumbList","@id":"https:\/\/lecoin-pro.com\/video\/page-d-exemple\/#breadcrumb","itemListElement":[{"@type":"ListItem","position":1,"name":"Accueil","item":"https:\/\/lecoin-pro.com\/video\/"},{"@type":"ListItem","position":2,"name":"Page d\u2019exemple"}]},{"@type":"WebSite","@id":"https:\/\/lecoin-pro.com\/video\/#website","url":"https:\/\/lecoin-pro.com\/video\/","name":"video","description":"","potentialAction":[{"@type":"SearchAction","target":{"@type":"EntryPoint","urlTemplate":"https:\/\/lecoin-pro.com\/video\/?s={search_term_string}"},"query-input":{"@type":"PropertyValueSpecification","valueRequired":true,"valueName":"search_term_string"}}],"inLanguage":"fr-FR"}]}},"_links":{"self":[{"href":"https:\/\/lecoin-pro.com\/video\/wp-json\/wp\/v2\/pages\/2","targetHints":{"allow":["GET"]}}],"collection":[{"href":"https:\/\/lecoin-pro.com\/video\/wp-json\/wp\/v2\/pages"}],"about":[{"href":"https:\/\/lecoin-pro.com\/video\/wp-json\/wp\/v2\/types\/page"}],"author":[{"embeddable":true,"href":"https:\/\/lecoin-pro.com\/video\/wp-json\/wp\/v2\/users\/2"}],"replies":[{"embeddable":true,"href":"https:\/\/lecoin-pro.com\/video\/wp-json\/wp\/v2\/comments?post=2"}],"version-history":[{"count":16,"href":"https:\/\/lecoin-pro.com\/video\/wp-json\/wp\/v2\/pages\/2\/revisions"}],"predecessor-version":[{"id":35,"href":"https:\/\/lecoin-pro.com\/video\/wp-json\/wp\/v2\/pages\/2\/revisions\/35"}],"wp:attachment":[{"href":"https:\/\/lecoin-pro.com\/video\/wp-json\/wp\/v2\/media?parent=2"}],"curies":[{"name":"wp","href":"https:\/\/api.w.org\/{rel}","templated":true}]}}